{"id":3680,"date":"2025-01-21T16:56:34","date_gmt":"2025-01-21T13:56:34","guid":{"rendered":"https:\/\/belkisyag.com\/?page_id=3680"},"modified":"2025-01-22T22:40:29","modified_gmt":"2025-01-22T19:40:29","slug":"human-resources","status":"publish","type":"page","link":"https:\/\/belkisyag.com\/tr\/human-resources","title":{"rendered":"\u0130K"},"content":{"rendered":"<h1>\n\t\t\u0130nsan Kaynaklar\u0131\n\t<\/h1>\n    <form id=\"wpforms-form-3678\" data-formid=\"3678\" method=\"post\" enctype=\"multipart\/form-data\" action=\"https:\/\/belkisyag.com\/tr\/human-resources\/\" data-token=\"d254fd4f59002f09ff5a6238a1d2f162\" data-trp-original-action=\"\/?page_id=3680&#038;fl_builder\">Please enable JavaScript in your browser to complete this form.<label for=\"wpforms-3678-field_20\">Layout<\/label><label for=\"wpforms-3678-field_0\">Name and Surname *<\/label><input type=\"text\" id=\"wpforms-3678-field_0\" name=\"wpforms[fields][0]\" required><label for=\"wpforms-3678-field_1\">Phone Number *<\/label><input type=\"text\" id=\"wpforms-3678-field_1\" data-form-id=\"3678\" data-field-id=\"1\" data-text-limit=\"11\" name=\"wpforms[fields][1]\" maxlength=\"11\" required><label for=\"wpforms-3678-field_21\">Layout<\/label><label for=\"wpforms-3678-field_9\">Choose Gender *<\/label><select id=\"wpforms-3678-field_9\" name=\"wpforms[fields][9]\" required=\"required\"><option value=\"\" disabled selected='selected'>Cinsiyetiniz<\/option><option value=\"Male\">Male<\/option><option value=\"Female\">Female<\/option><\/select><label for=\"wpforms-3678-field_2\">Date of Birth *<\/label><input type=\"text\" id=\"wpforms-3678-field_2\" name=\"wpforms[fields][2]\" placeholder=\"01.01.1990\" required><label for=\"wpforms-3678-field_10\">Place of Birth *<\/label><input type=\"text\" id=\"wpforms-3678-field_10\" name=\"wpforms[fields][10]\" placeholder=\"Gaziantep\" required><label for=\"wpforms-3678-field_5\">Adres<\/label><textarea id=\"wpforms-3678-field_5\" name=\"wpforms[fields][5]\"><\/textarea><label for=\"wpforms-3678-field_22\">Layout<\/label><label for=\"wpforms-3678-field_11\">Job Position *<\/label><input type=\"text\" id=\"wpforms-3678-field_11\" name=\"wpforms[fields][11]\" placeholder=\"Sales \/ Marketing\" required><label for=\"wpforms-3678-field_13\">Education Status *<\/label><select id=\"wpforms-3678-field_13\" name=\"wpforms[fields][13]\" required=\"required\"><option value=\"Primary School\">Primary School<\/option><option value=\"Middle School\">Middle School<\/option><option value=\"High School\">High School<\/option><option value=\"Associate License\">Associate License<\/option><option value=\"License\">License<\/option><option value=\"Master License\">Master License<\/option><\/select><label for=\"wpforms-3678-field_12\">Ehliyet<\/label><select id=\"wpforms-3678-field_12\" name=\"wpforms[fields][12]\"><option value=\"True\">True<\/option><option value=\"False\">False<\/option><\/select><label for=\"wpforms-3678-field_17\">Foreign Language *<\/label><input type=\"text\" id=\"wpforms-3678-field_17\" name=\"wpforms[fields][17]\" required><label for=\"wpforms-3678-field_14\">Medeni Durumunuz<\/label><select id=\"wpforms-3678-field_14\" name=\"wpforms[fields][14]\"><option value=\"Married\">Married<\/option><option value=\"Single\">Single<\/option><\/select><label for=\"wpforms-3678-field_18\">Work Experience *<\/label><textarea id=\"wpforms-3678-field_18\" name=\"wpforms[fields][18]\" placeholder=\"Brief Information\" required><\/textarea><label for=\"wpforms-3678-field_19\">Ekleme \u0130stedikleriniz (Varsa)<\/label><textarea id=\"wpforms-3678-field_19\" name=\"wpforms[fields][19]\"><\/textarea><input type=\"hidden\" name=\"wpforms[id]\" value=\"3678\"\/>\t\t\t<input type=\"hidden\"\n\t\t\t\tname=\"wpforms[nonce]\"\n\t\t\t\tvalue=\"54571b7bcd\"\n\t\t\t\/>\n\t\t\t<input type=\"hidden\" name=\"wpforms[author]\" value=\"0\"\/><input type=\"hidden\" name=\"wpforms[post_id]\" value=\"3680\"\/><button type=\"submit\" name=\"wpforms[submit]\" id=\"wpforms-submit-3678\" data-alt-text=\"Sending...\" data-submit-text=\"Send\" aria-live=\"assertive\" value=\"wpforms-submit\">G\u00f6nder<\/button><input type=\"hidden\" name=\"trp-form-language\" value=\"tr\"\/><\/form>  <!-- .wpforms-container -->\n\t\t\t\t<img decoding=\"async\" src=\"https:\/\/belkisyag.com\/wp-content\/uploads\/2022\/09\/belkisLOGOyazisiz.png\" alt=\"belkisLOGOyaz\u0131s\u0131z\" itemprop=\"image\" height=\"1381\" width=\"2189\" title=\"belkisLOGOyaz\u0131s\u0131z\" onerror=\"this.style.display='none'\"  \/>\n\t\t\t\t<img decoding=\"async\" src=\"https:\/\/belkisyag.com\/wp-content\/uploads\/2024\/03\/paramyag.png\" alt=\"paramyag\" itemprop=\"image\" height=\"100\" width=\"259\" title=\"paramyag\" onerror=\"this.style.display='none'\"  \/>\n\t\t\t\t<img decoding=\"async\" src=\"https:\/\/belkisyag.com\/wp-content\/uploads\/2024\/03\/brcgs.jpg\" alt=\"brcgs\" itemprop=\"image\" height=\"148\" width=\"354\" title=\"brcgs\" onerror=\"this.style.display='none'\"  \/>\n<h4>\n\t\tHIZLI MEN\u00dc\n\t<\/h4>\n<h4>\n\t\t\u0130LET\u0130\u015e\u0130M\n\t<\/h4>\n\tContact us for your opinions and suggestions.<br \/>\nYou can communicate:\nPamyag Gida Sanayi Ticaret Anonim Sirketi Sekili Mah.<br \/>\nE-90 Karayolu \u00dczeri Cad. No: 19\/1<br \/>\n<strong>Nizip \/ GAZIANTEP \/ T\u00dcRKIYE<\/strong>\n<strong>E<\/strong>: info@pamyag.com<br \/>\n<strong>T<\/strong>: +90 (342) 545 20 20<br \/>\n<strong>F<\/strong>: +90 (342) 545 23 11\n\t<p>Copyright \u00a9 2024, Pamyag G\u0131da San. Tic. A.S. All Rights Reserved.<\/p>","protected":false},"excerpt":{"rendered":"<p>Human Resources Please enable JavaScript [&hellip;]<\/p>","protected":false},"author":14,"featured_media":0,"parent":0,"menu_order":0,"comment_status":"closed","ping_status":"closed","template":"","meta":{"_uag_custom_page_level_css":"","site-sidebar-layout":"no-sidebar","site-content-layout":"","ast-site-content-layout":"full-width-container","site-content-style":"default","site-sidebar-style":"default","ast-global-header-display":"","ast-banner-title-visibility":"","ast-main-header-display":"","ast-hfb-above-header-display":"","ast-hfb-below-header-display":"","ast-hfb-mobile-header-display":"","site-post-title":"disabled","ast-breadcrumbs-content":"","ast-featured-img":"disabled","footer-sml-layout":"","theme-transparent-header-meta":"default","adv-header-id-meta":"","stick-header-meta":"default","header-above-stick-meta":"","header-main-stick-meta":"","header-below-stick-meta":"","astra-migrate-meta-layouts":"set","ast-page-background-enabled":"default","ast-page-background-meta":{"desktop":{"background-color":"var(--ast-global-color-4)","background-image":"","background-repeat":"repeat","background-position":"center center","background-size":"auto","background-attachment":"scroll","background-type":"","background-media":"","overlay-type":"","overlay-color":"","overlay-gradient":""},"tablet":{"background-color":"","background-image":"","background-repeat":"repeat","background-position":"center center","background-size":"auto","background-attachment":"scroll","background-type":"","background-media":"","overlay-type":"","overlay-color":"","overlay-gradient":""},"mobile":{"background-color":"","background-image":"","background-repeat":"repeat","background-position":"center center","background-size":"auto","background-attachment":"scroll","background-type":"","background-media":"","overlay-type":"","overlay-color":"","overlay-gradient":""}},"ast-content-background-meta":{"desktop":{"background-color":"var(--ast-global-color-5)","background-image":"","background-repeat":"repeat","background-position":"center center","background-size":"auto","background-attachment":"scroll","background-type":"","background-media":"","overlay-type":"","overlay-color":"","overlay-gradient":""},"tablet":{"background-color":"var(--ast-global-color-5)","background-image":"","background-repeat":"repeat","background-position":"center center","background-size":"auto","background-attachment":"scroll","background-type":"","background-media":"","overlay-type":"","overlay-color":"","overlay-gradient":""},"mobile":{"background-color":"var(--ast-global-color-5)","background-image":"","background-repeat":"repeat","background-position":"center center","background-size":"auto","background-attachment":"scroll","background-type":"","background-media":"","overlay-type":"","overlay-color":"","overlay-gradient":""}},"footnotes":""},"class_list":["post-3680","page","type-page","status-publish","hentry"],"uagb_featured_image_src":{"full":false,"thumbnail":false,"medium":false,"medium_large":false,"large":false,"1536x1536":false,"2048x2048":false,"trp-custom-language-flag":false},"uagb_author_info":{"display_name":"Ali Bard\u0131z","author_link":"https:\/\/belkisyag.com\/tr\/author\/ali"},"uagb_comment_info":0,"uagb_excerpt":"Human Resources Please enable JavaScript [&hellip;]","_links":{"self":[{"href":"https:\/\/belkisyag.com\/tr\/wp-json\/wp\/v2\/pages\/3680","targetHints":{"allow":["GET"]}}],"collection":[{"href":"https:\/\/belkisyag.com\/tr\/wp-json\/wp\/v2\/pages"}],"about":[{"href":"https:\/\/belkisyag.com\/tr\/wp-json\/wp\/v2\/types\/page"}],"author":[{"embeddable":true,"href":"https:\/\/belkisyag.com\/tr\/wp-json\/wp\/v2\/users\/14"}],"replies":[{"embeddable":true,"href":"https:\/\/belkisyag.com\/tr\/wp-json\/wp\/v2\/comments?post=3680"}],"version-history":[{"count":7,"href":"https:\/\/belkisyag.com\/tr\/wp-json\/wp\/v2\/pages\/3680\/revisions"}],"predecessor-version":[{"id":3694,"href":"https:\/\/belkisyag.com\/tr\/wp-json\/wp\/v2\/pages\/3680\/revisions\/3694"}],"wp:attachment":[{"href":"https:\/\/belkisyag.com\/tr\/wp-json\/wp\/v2\/media?parent=3680"}],"curies":[{"name":"wp","href":"https:\/\/api.w.org\/{rel}","templated":true}]}}