{"id":3638,"date":"2025-01-21T14:55:41","date_gmt":"2025-01-21T11:55:41","guid":{"rendered":"https:\/\/belkisyag.com\/?page_id=3638"},"modified":"2025-02-04T09:44:02","modified_gmt":"2025-02-04T06:44:02","slug":"policies","status":"publish","type":"page","link":"https:\/\/belkisyag.com\/tr\/policies","title":{"rendered":"Politikalar"},"content":{"rendered":"<h1>\n\t\tPolicies&#8230;\n\t<\/h1>\n\t\t\t\t<img decoding=\"async\" src=\"https:\/\/belkisyag.com\/wp-content\/uploads\/2025\/01\/google-docs.png\" alt=\"google-docs\" itemprop=\"image\" height=\"128\" width=\"128\" title=\"google-docs\" onerror=\"this.style.display='none'\"  \/>\n<h2>\n\t\tGIDA G\u00dcVENL\u0130\u011e\u0130 Y\u00d6NET\u0130M POL\u0130T\u0130KASI\n\t<\/h2>\n\t\t\t<a href=\"https:\/\/belkisyag.com\/wp-content\/uploads\/2025\/01\/PLT-GGY-PAM-001-GIDA-GUVENLIGI-YONETIM-POLITIKASI.pdf\" target=\"_blank\" role=\"button\" rel=\"noopener\">\n\t\t\t\t\t\t\tG\u00d6R\u00dcN\u00dc\u015e\n\t\t\t\t\t<\/a>\n\t\t\t\t<img decoding=\"async\" src=\"https:\/\/belkisyag.com\/wp-content\/uploads\/2025\/01\/google-docs.png\" alt=\"google-docs\" itemprop=\"image\" height=\"128\" width=\"128\" title=\"google-docs\" onerror=\"this.style.display='none'\"  \/>\n<h2>\n\t\tENTEGRE Y\u00d6NET\u0130M S\u0130STEMLER\u0130 POL\u0130T\u0130KASI\n\t<\/h2>\n\t\t\t<a href=\"https:\/\/belkisyag.com\/wp-content\/uploads\/2025\/01\/PLT-EYS-PAM-003-ENTEGRE-YONETIM-SISTEMLERI-POLITIKASI.pdf\" target=\"_blank\" role=\"button\" rel=\"noopener\">\n\t\t\t\t\t\t\tG\u00d6R\u00dcN\u00dc\u015e\n\t\t\t\t\t<\/a>\n\t\t\t\t<img decoding=\"async\" src=\"https:\/\/belkisyag.com\/wp-content\/uploads\/2025\/01\/google-docs.png\" alt=\"google-docs\" itemprop=\"image\" height=\"128\" width=\"128\" title=\"google-docs\" onerror=\"this.style.display='none'\"  \/>\n<h2>\n\t\tHELAL POL\u0130T\u0130KASI\n\t<\/h2>\n\t\t\t<a href=\"https:\/\/belkisyag.com\/wp-content\/uploads\/2025\/01\/PLT-GGY-PAM-002-HELAL-POLITIKASI.pdf\" target=\"_blank\" role=\"button\" rel=\"noopener\">\n\t\t\t\t\t\t\tG\u00d6R\u00dcN\u00dc\u015e\n\t\t\t\t\t<\/a>\n\t\t\t\t<img decoding=\"async\" src=\"https:\/\/belkisyag.com\/wp-content\/uploads\/2025\/01\/google-docs.png\" alt=\"google-docs\" itemprop=\"image\" height=\"128\" width=\"128\" title=\"google-docs\" onerror=\"this.style.display='none'\"  \/>\n<h2>\n\t\tAYRIMCILI\u011eI \u00d6NLEME POL\u0130T\u0130KASI\n\t<\/h2>\n\t\t\t<a href=\"https:\/\/belkisyag.com\/wp-content\/uploads\/2025\/01\/PLT-EYS-PAM-001-AYRIMCILIGI-ONLEME-POLITIKASI.pdf\" target=\"_blank\" role=\"button\" rel=\"noopener\">\n\t\t\t\t\t\t\tG\u00d6R\u00dcN\u00dc\u015e\n\t\t\t\t\t<\/a>\n\t\t\t\t<img decoding=\"async\" src=\"https:\/\/belkisyag.com\/wp-content\/uploads\/2025\/01\/google-docs.png\" alt=\"google-docs\" itemprop=\"image\" height=\"128\" width=\"128\" title=\"google-docs\" onerror=\"this.style.display='none'\"  \/>\n<h2>\n\t\tBI\u0307LGI\u0307 G\u00dcVENLI\u0307\u011eI\u0307 Y\u00d6NETI\u0307M POLI\u0307TI\u0307KASI\n\t<\/h2>\n\t\t\t<a href=\"https:\/\/belkisyag.com\/wp-content\/uploads\/2025\/01\/PLT-EYS-PAM-002-BILGI-GUVENLIGI-YONETIM-POLITIKASI.pdf\" target=\"_blank\" role=\"button\" rel=\"noopener\">\n\t\t\t\t\t\t\tG\u00d6R\u00dcN\u00dc\u015e\n\t\t\t\t\t<\/a>\n\t\t\t\t<img decoding=\"async\" src=\"https:\/\/belkisyag.com\/wp-content\/uploads\/2025\/01\/google-docs.png\" alt=\"google-docs\" itemprop=\"image\" height=\"128\" width=\"128\" title=\"google-docs\" onerror=\"this.style.display='none'\"  \/>\n<h2>\n\t\tGELI\u0307\u015eI\u0307M VE \u0130NOVASYON POLI\u0307TI\u0307KASI\n\t<\/h2>\n\t\t\t<a href=\"https:\/\/belkisyag.com\/wp-content\/uploads\/2025\/01\/PLT-EYS-PAM-004-GELISIM-VE-INOVASYON-POLITIKASI.pdf\" target=\"_blank\" role=\"button\" rel=\"noopener\">\n\t\t\t\t\t\t\tG\u00d6R\u00dcN\u00dc\u015e\n\t\t\t\t\t<\/a>\n\t\t\t\t<img decoding=\"async\" src=\"https:\/\/belkisyag.com\/wp-content\/uploads\/2025\/01\/google-docs.png\" alt=\"google-docs\" itemprop=\"image\" height=\"128\" width=\"128\" title=\"google-docs\" onerror=\"this.style.display='none'\"  \/>\n<h2>\n\t\tG\u00dcVENLIK POLITIKASI\n\t<\/h2>\n\t\t\t<a href=\"https:\/\/belkisyag.com\/wp-content\/uploads\/2025\/01\/PLT-EYS-PAM-005-GUVENLIK-POLITIKASI.pdf\" target=\"_blank\" role=\"button\" rel=\"noopener\">\n\t\t\t\t\t\t\tG\u00d6R\u00dcN\u00dc\u015e\n\t\t\t\t\t<\/a>\n\t\t\t\t<img decoding=\"async\" src=\"https:\/\/belkisyag.com\/wp-content\/uploads\/2025\/01\/google-docs.png\" alt=\"google-docs\" itemprop=\"image\" height=\"128\" width=\"128\" title=\"google-docs\" onerror=\"this.style.display='none'\"  \/>\n<h2>\n\t\tSOSYAL UYGUNLUK POLI\u0307TI\u0307KASI\n\t<\/h2>\n\t\t\t<a href=\"https:\/\/belkisyag.com\/wp-content\/uploads\/2025\/01\/PLT-EYS-PAM-006-SOSYAL-UYGUNLUK-POLITIKASI.pdf\" target=\"_blank\" role=\"button\" rel=\"noopener\">\n\t\t\t\t\t\t\tG\u00d6R\u00dcN\u00dc\u015e\n\t\t\t\t\t<\/a>\n\t\t\t\t<img decoding=\"async\" src=\"https:\/\/belkisyag.com\/wp-content\/uploads\/2025\/01\/google-docs.png\" alt=\"google-docs\" itemprop=\"image\" height=\"128\" width=\"128\" title=\"google-docs\" onerror=\"this.style.display='none'\"  \/>\n<h2>\n\t\tI\u0307NSAN KAYNAKLARI POLI\u0307TI\u0307KASI\n\t<\/h2>\n\t\t\t<a href=\"https:\/\/belkisyag.com\/wp-content\/uploads\/2025\/01\/PLT-EYS-PAM-007-INSAN-KAYNAKLARI-POLITIKASI.pdf\" target=\"_blank\" role=\"button\" rel=\"noopener\">\n\t\t\t\t\t\t\tG\u00d6R\u00dcN\u00dc\u015e\n\t\t\t\t\t<\/a>\n\t\t\t\t<img decoding=\"async\" src=\"https:\/\/belkisyag.com\/wp-content\/uploads\/2025\/01\/google-docs.png\" alt=\"google-docs\" itemprop=\"image\" height=\"128\" width=\"128\" title=\"google-docs\" onerror=\"this.style.display='none'\"  \/>\n<h2>\n\t\tI\u0307\u015e SA\u011eLI\u011eI VE G\u00dcVENLI\u0307\u011eI\u0307 POLI\u0307TI\u0307KASI\n\t<\/h2>\n\t\t\t<a href=\"https:\/\/belkisyag.com\/wp-content\/uploads\/2025\/01\/PLT-EYS-PAM-008-IS-SAGLIGI-VE-GUVENLIGI-POLITIKASI.pdf\" target=\"_blank\" role=\"button\" rel=\"noopener\">\n\t\t\t\t\t\t\tG\u00d6R\u00dcN\u00dc\u015e\n\t\t\t\t\t<\/a>\n\t\t\t\t<img decoding=\"async\" src=\"https:\/\/belkisyag.com\/wp-content\/uploads\/2022\/09\/belkisLOGOyazisiz.png\" alt=\"belkisLOGOyaz\u0131s\u0131z\" itemprop=\"image\" height=\"1381\" width=\"2189\" title=\"belkisLOGOyaz\u0131s\u0131z\" onerror=\"this.style.display='none'\"  \/>\n\t\t\t\t<img decoding=\"async\" src=\"https:\/\/belkisyag.com\/wp-content\/uploads\/2024\/03\/paramyag.png\" alt=\"paramyag\" itemprop=\"image\" height=\"100\" width=\"259\" title=\"paramyag\" onerror=\"this.style.display='none'\"  \/>\n\t\t\t\t<img decoding=\"async\" src=\"https:\/\/belkisyag.com\/wp-content\/uploads\/2024\/03\/brcgs.jpg\" alt=\"brcgs\" itemprop=\"image\" height=\"148\" width=\"354\" title=\"brcgs\" onerror=\"this.style.display='none'\"  \/>\n<h4>\n\t\tHIZLI MEN\u00dc\n\t<\/h4>\n<h4>\n\t\t\u0130LET\u0130\u015e\u0130M\n\t<\/h4>\n\tContact us for your opinions and suggestions.<br \/>\nYou can communicate:\nPamyag Gida Sanayi Ticaret Anonim Sirketi Sekili Mah.<br \/>\nE-90 Karayolu \u00dczeri Cad. No: 19\/1<br \/>\n<strong>Nizip \/ GAZIANTEP \/ T\u00dcRKIYE<\/strong>\n<strong>E<\/strong>: info@pamyag.com<br \/>\n<strong>T<\/strong>: +90 (342) 545 20 20<br \/>\n<strong>F<\/strong>: +90 (342) 545 23 11\n\t<p>Copyright \u00a9 2024, Pamyag G\u0131da San. Tic. A.S. All Rights Reserved.<\/p>","protected":false},"excerpt":{"rendered":"<p>Policies&#8230; FOOD SAFETY MANAGEMENT POLICY [&hellip;]<\/p>","protected":false},"author":14,"featured_media":0,"parent":0,"menu_order":0,"comment_status":"closed","ping_status":"closed","template":"","meta":{"_uag_custom_page_level_css":"","site-sidebar-layout":"no-sidebar","site-content-layout":"","ast-site-content-layout":"full-width-container","site-content-style":"default","site-sidebar-style":"default","ast-global-header-display":"","ast-banner-title-visibility":"","ast-main-header-display":"","ast-hfb-above-header-display":"","ast-hfb-below-header-display":"","ast-hfb-mobile-header-display":"","site-post-title":"disabled","ast-breadcrumbs-content":"","ast-featured-img":"disabled","footer-sml-layout":"","theme-transparent-header-meta":"default","adv-header-id-meta":"","stick-header-meta":"default","header-above-stick-meta":"","header-main-stick-meta":"","header-below-stick-meta":"","astra-migrate-meta-layouts":"set","ast-page-background-enabled":"default","ast-page-background-meta":{"desktop":{"background-color":"var(--ast-global-color-4)","background-image":"","background-repeat":"repeat","background-position":"center center","background-size":"auto","background-attachment":"scroll","background-type":"","background-media":"","overlay-type":"","overlay-color":"","overlay-gradient":""},"tablet":{"background-color":"","background-image":"","background-repeat":"repeat","background-position":"center center","background-size":"auto","background-attachment":"scroll","background-type":"","background-media":"","overlay-type":"","overlay-color":"","overlay-gradient":""},"mobile":{"background-color":"","background-image":"","background-repeat":"repeat","background-position":"center center","background-size":"auto","background-attachment":"scroll","background-type":"","background-media":"","overlay-type":"","overlay-color":"","overlay-gradient":""}},"ast-content-background-meta":{"desktop":{"background-color":"var(--ast-global-color-5)","background-image":"","background-repeat":"repeat","background-position":"center center","background-size":"auto","background-attachment":"scroll","background-type":"","background-media":"","overlay-type":"","overlay-color":"","overlay-gradient":""},"tablet":{"background-color":"var(--ast-global-color-5)","background-image":"","background-repeat":"repeat","background-position":"center center","background-size":"auto","background-attachment":"scroll","background-type":"","background-media":"","overlay-type":"","overlay-color":"","overlay-gradient":""},"mobile":{"background-color":"var(--ast-global-color-5)","background-image":"","background-repeat":"repeat","background-position":"center center","background-size":"auto","background-attachment":"scroll","background-type":"","background-media":"","overlay-type":"","overlay-color":"","overlay-gradient":""}},"footnotes":""},"class_list":["post-3638","page","type-page","status-publish","hentry"],"uagb_featured_image_src":{"full":false,"thumbnail":false,"medium":false,"medium_large":false,"large":false,"1536x1536":false,"2048x2048":false,"trp-custom-language-flag":false},"uagb_author_info":{"display_name":"Ali Bard\u0131z","author_link":"https:\/\/belkisyag.com\/tr\/author\/ali"},"uagb_comment_info":0,"uagb_excerpt":"Policies&#8230; FOOD SAFETY MANAGEMENT POLICY [&hellip;]","_links":{"self":[{"href":"https:\/\/belkisyag.com\/tr\/wp-json\/wp\/v2\/pages\/3638","targetHints":{"allow":["GET"]}}],"collection":[{"href":"https:\/\/belkisyag.com\/tr\/wp-json\/wp\/v2\/pages"}],"about":[{"href":"https:\/\/belkisyag.com\/tr\/wp-json\/wp\/v2\/types\/page"}],"author":[{"embeddable":true,"href":"https:\/\/belkisyag.com\/tr\/wp-json\/wp\/v2\/users\/14"}],"replies":[{"embeddable":true,"href":"https:\/\/belkisyag.com\/tr\/wp-json\/wp\/v2\/comments?post=3638"}],"version-history":[{"count":4,"href":"https:\/\/belkisyag.com\/tr\/wp-json\/wp\/v2\/pages\/3638\/revisions"}],"predecessor-version":[{"id":3653,"href":"https:\/\/belkisyag.com\/tr\/wp-json\/wp\/v2\/pages\/3638\/revisions\/3653"}],"wp:attachment":[{"href":"https:\/\/belkisyag.com\/tr\/wp-json\/wp\/v2\/media?parent=3638"}],"curies":[{"name":"wp","href":"https:\/\/api.w.org\/{rel}","templated":true}]}}