{"id":3469,"date":"2024-04-02T12:08:00","date_gmt":"2024-04-02T09:08:00","guid":{"rendered":"https:\/\/belkisyag.com\/?page_id=3469"},"modified":"2024-04-02T19:53:04","modified_gmt":"2024-04-02T16:53:04","slug":"sunflower-oil-benefits","status":"publish","type":"page","link":"https:\/\/belkisyag.com\/tr\/sunflower-oil-benefits","title":{"rendered":"SUNFLOWER OIL BENEFITS"},"content":{"rendered":"<h1>\n\t\tAy\u00e7i\u00e7ek Ya\u011f\u0131n\u0131n Faydalar\u0131\n\t<\/h1>\n\t<p>1- The fatty acids found in sunflower oil are favorable, including a significant amount of linoleic acid (an omega-6 fatty acid) found in sunflower oil. Although omega-6 fatty acids are often thought of as &#8220;bad&#8221; cholesterol, they are still very important for the body. It is very important to have a healthy balance of good cholesterol (omega-3) and bad cholesterol. Sunflower oil does not contain saturated fat, which means it can actually reduce the overall cholesterol content of the body.<\/p>\n<p>2- Research has shown that sunflower oil is a solution to the fungal disease (Tinea pedis) known as athlete&#8217;s foot. Athlete&#8217;s foot is a fungal infection that starts between the toes. And topical application of sunflower oil helps as a cure to prevent its spread.<\/p>\n<p>3- Ay\u00e7i\u00e7ek ya\u011f\u0131, damar t\u0131kan\u0131kl\u0131\u011f\u0131 (ateroskleroz) geli\u015fme riskini azalt\u0131r. Bu t\u0131kan\u0131kl\u0131k kan bas\u0131nc\u0131n\u0131 y\u00fckseltir ve kalp krizi veya fel\u00e7 ge\u00e7irme riskinizi art\u0131r\u0131r. Ay\u00e7i\u00e7ek ya\u011f\u0131, \u00f6l\u00e7\u00fcl\u00fc olarak t\u00fcketildi\u011finde kalp sa\u011fl\u0131\u011f\u0131na dikkat etmek isteyenler i\u00e7in iyi bir se\u00e7imdir.<\/p>\n<p>4- Ay\u00e7i\u00e7ek ya\u011f\u0131, E vitamini a\u00e7\u0131s\u0131ndan zengindir ve v\u00fccutta antioksidan olarak g\u00f6rev yapar. Do\u011frudan kalp hastal\u0131klar\u0131n\u0131 \u00f6nlemeye ve ba\u011f\u0131\u015f\u0131kl\u0131k sisteminizi g\u00fc\u00e7lendirmeye etki eder.<\/p>\n<p>5- E vitamini a\u00e7\u0131s\u0131ndan zengin olan ay\u00e7i\u00e7ek ya\u011f\u0131, cilt sa\u011fl\u0131\u011f\u0131n\u0131 iyile\u015ftirmeye ve cilt h\u00fccrelerini yenilemeye katk\u0131s\u0131yla bilinir. Bu, v\u00fccutta serbest radikaller oldu\u011funda olu\u015fan k\u0131r\u0131\u015f\u0131kl\u0131klar\u0131 azaltmas\u0131n\u0131n yan\u0131 s\u0131ra cildinize g\u00fcne\u015f hasar\u0131na kar\u015f\u0131 daha iyi koruma sa\u011flar. E vitamini gibi antioksidanlar, serbest radikalleri etkisiz hale getirerek sa\u011fl\u0131kl\u0131 h\u00fccreleri yok etmelerini veya hasar vermelerini \u00f6nler. Bu sayede yara izlerinin azalmas\u0131na, yaralar\u0131n daha h\u0131zl\u0131 iyile\u015fmesine ve cildinizin daha sa\u011fl\u0131kl\u0131 bir do\u011fal parlakl\u0131\u011fa kavu\u015fmas\u0131na katk\u0131da bulunur. Bu, ay\u00e7i\u00e7ek ya\u011f\u0131n\u0131n kozmetik uygulamalarda yayg\u0131n olarak kullan\u0131lmas\u0131n\u0131n \u00f6nemli bir nedenidir.<\/p>\n6- As with all vegetable oil sources, the fatty acid content in sunflower oil has a positive effect on the energy levels in the body.<br \/>\nWhile saturated fats can make you feel sluggish, the many unsaturated fats found in sunflower oil give you energy.\n<p>7- Yukar\u0131da da belirtildi\u011fi gibi, ay\u00e7i\u00e7ek ya\u011f\u0131 antioksidanlar ve antioksidan g\u00f6revi g\u00f6ren maddeler a\u00e7\u0131s\u0131ndan zengindir. Tokoferoller olarak bilinen \u00e7e\u015fitlerde bulunan E vitamini, serbest radikalleri sa\u011fl\u0131kl\u0131 h\u00fccreleri kanserli h\u00fccrelere d\u00f6n\u00fc\u015ft\u00fcrmeden \u00f6nce yok edebilen g\u00fc\u00e7l\u00fc bir antioksidand\u0131r. \u00d6zellikle ay\u00e7i\u00e7ek ya\u011f\u0131 kolon kanserini \u00f6nlemekle ili\u015fkilendirilmi\u015ftir, ancak daha geni\u015f bir kanser yelpazesi \u00fczerindeki etkilerini do\u011frulamak i\u00e7in devam eden bir dizi ara\u015ft\u0131rma \u00e7al\u0131\u015fmas\u0131 vard\u0131r.<\/p>\n<p>8- Ast\u0131m, d\u00fcnya \u00e7ap\u0131nda milyonlarca insan\u0131 etkileyen bir solunum yolu hastal\u0131\u011f\u0131d\u0131r. Ay\u00e7i\u00e7ek ya\u011f\u0131, vitamin i\u00e7eri\u011finin yan\u0131 s\u0131ra ay\u00e7i\u00e7ek ya\u011f\u0131n\u0131n i\u00e7erdi\u011fi faydal\u0131 ya\u011f asitlerinden elde edilen anti-enflamatuar nitelikleri nedeniyle ast\u0131m ataklar\u0131n\u0131n daha d\u00fc\u015f\u00fck miktar\u0131 ve \u015fiddeti ile pozitif bir korelasyona sahiptir. Ay\u00e7i\u00e7ek ya\u011f\u0131, ast\u0131m\u0131n yan\u0131 s\u0131ra artritin \u015fiddetinde de bir azalma ile ba\u011flant\u0131l\u0131d\u0131r.<\/p>\n9- Sunflower oil has a significant effect on the general immune system and increases the body&#8217;s ability to resist infection and attack.<br \/>\nSunflower oil protects the skin by strengthening the membrane barriers, making it difficult for bacteria and viruses to enter the body.\n<p>10- Ay\u00e7i\u00e7ek ya\u011f\u0131, \u00f6zellikle premat\u00fcre do\u011fan ve enfeksiyonlara kar\u015f\u0131 hassas olan bebekleri enfeksiyonlardan koruyabildi\u011fi i\u00e7in bebeklerde \u015fiddetle tavsiye edilir.<\/p>\n\t\t\t\t<img decoding=\"async\" src=\"https:\/\/belkisyag.com\/wp-content\/uploads\/2024\/03\/belkis_logo.png\" alt=\"belkis_logo\" itemprop=\"image\" height=\"285\" width=\"453\" title=\"belkis_logo\" onerror=\"this.style.display='none'\"  \/>\n\t\t\t\t<img decoding=\"async\" src=\"https:\/\/belkisyag.com\/wp-content\/uploads\/2024\/03\/paramyag.png\" alt=\"paramyag\" itemprop=\"image\" height=\"100\" width=\"259\" title=\"paramyag\" onerror=\"this.style.display='none'\"  \/>\n\t\t\t\t<img decoding=\"async\" src=\"https:\/\/belkisyag.com\/wp-content\/uploads\/2024\/03\/brcgs.jpg\" alt=\"brcgs\" itemprop=\"image\" height=\"148\" width=\"354\" title=\"brcgs\" onerror=\"this.style.display='none'\"  \/>\n<h4>\n\t\tHIZLI MEN\u00dc\n\t<\/h4>\n<h4>\n\t\t\u0130LET\u0130\u015e\u0130M\n\t<\/h4>\n\tContact us for your opinions and suggestions.<br \/>\nYou can communicate:\nPamyag Gida Sanayi Ticaret Anonim Sirketi Sekili Mah.<br \/>\nE-90 Karayolu \u00dczeri Cad. No: 19\/1<br \/>\n<strong>Nizip \/ GAZIANTEP \/ T\u00dcRKIYE<\/strong>\n<strong>E<\/strong>: info@pamyag.com<br \/>\n<strong>T<\/strong>: +90 (342) 545 20 20<br \/>\n<strong>F<\/strong>: +90 (342) 545 23 11\n\t<p>Copyright \u00a9 2024, Pamyag G\u0131da San. Tic. A.S. T\u00fcm Haklar Sakl\u0131d\u0131r.<\/p>","protected":false},"excerpt":{"rendered":"<p>Sunflower Oil Benefits 1- The [&hellip;]<\/p>","protected":false},"author":14,"featured_media":0,"parent":0,"menu_order":0,"comment_status":"closed","ping_status":"closed","template":"","meta":{"_uag_custom_page_level_css":"","site-sidebar-layout":"no-sidebar","site-content-layout":"","ast-site-content-layout":"full-width-container","site-content-style":"default","site-sidebar-style":"default","ast-global-header-display":"","ast-banner-title-visibility":"","ast-main-header-display":"","ast-hfb-above-header-display":"","ast-hfb-below-header-display":"","ast-hfb-mobile-header-display":"","site-post-title":"disabled","ast-breadcrumbs-content":"","ast-featured-img":"disabled","footer-sml-layout":"","theme-transparent-header-meta":"default","adv-header-id-meta":"","stick-header-meta":"default","header-above-stick-meta":"","header-main-stick-meta":"","header-below-stick-meta":"","astra-migrate-meta-layouts":"set","ast-page-background-enabled":"default","ast-page-background-meta":{"desktop":{"background-color":"var(--ast-global-color-4)","background-image":"","background-repeat":"repeat","background-position":"center center","background-size":"auto","background-attachment":"scroll","background-type":"","background-media":"","overlay-type":"","overlay-color":"","overlay-gradient":""},"tablet":{"background-color":"","background-image":"","background-repeat":"repeat","background-position":"center center","background-size":"auto","background-attachment":"scroll","background-type":"","background-media":"","overlay-type":"","overlay-color":"","overlay-gradient":""},"mobile":{"background-color":"","background-image":"","background-repeat":"repeat","background-position":"center center","background-size":"auto","background-attachment":"scroll","background-type":"","background-media":"","overlay-type":"","overlay-color":"","overlay-gradient":""}},"ast-content-background-meta":{"desktop":{"background-color":"var(--ast-global-color-5)","background-image":"","background-repeat":"repeat","background-position":"center center","background-size":"auto","background-attachment":"scroll","background-type":"","background-media":"","overlay-type":"","overlay-color":"","overlay-gradient":""},"tablet":{"background-color":"var(--ast-global-color-5)","background-image":"","background-repeat":"repeat","background-position":"center center","background-size":"auto","background-attachment":"scroll","background-type":"","background-media":"","overlay-type":"","overlay-color":"","overlay-gradient":""},"mobile":{"background-color":"var(--ast-global-color-5)","background-image":"","background-repeat":"repeat","background-position":"center center","background-size":"auto","background-attachment":"scroll","background-type":"","background-media":"","overlay-type":"","overlay-color":"","overlay-gradient":""}},"footnotes":""},"class_list":["post-3469","page","type-page","status-publish","hentry"],"uagb_featured_image_src":{"full":false,"thumbnail":false,"medium":false,"medium_large":false,"large":false,"1536x1536":false,"2048x2048":false,"trp-custom-language-flag":false},"uagb_author_info":{"display_name":"Ali Bard\u0131z","author_link":"https:\/\/belkisyag.com\/tr\/author\/ali"},"uagb_comment_info":0,"uagb_excerpt":"Sunflower Oil Benefits 1- The [&hellip;]","_links":{"self":[{"href":"https:\/\/belkisyag.com\/tr\/wp-json\/wp\/v2\/pages\/3469","targetHints":{"allow":["GET"]}}],"collection":[{"href":"https:\/\/belkisyag.com\/tr\/wp-json\/wp\/v2\/pages"}],"about":[{"href":"https:\/\/belkisyag.com\/tr\/wp-json\/wp\/v2\/types\/page"}],"author":[{"embeddable":true,"href":"https:\/\/belkisyag.com\/tr\/wp-json\/wp\/v2\/users\/14"}],"replies":[{"embeddable":true,"href":"https:\/\/belkisyag.com\/tr\/wp-json\/wp\/v2\/comments?post=3469"}],"version-history":[{"count":4,"href":"https:\/\/belkisyag.com\/tr\/wp-json\/wp\/v2\/pages\/3469\/revisions"}],"predecessor-version":[{"id":3542,"href":"https:\/\/belkisyag.com\/tr\/wp-json\/wp\/v2\/pages\/3469\/revisions\/3542"}],"wp:attachment":[{"href":"https:\/\/belkisyag.com\/tr\/wp-json\/wp\/v2\/media?parent=3469"}],"curies":[{"name":"wp","href":"https:\/\/api.w.org\/{rel}","templated":true}]}}