{"id":3313,"date":"2024-03-28T11:19:34","date_gmt":"2024-03-28T08:19:34","guid":{"rendered":"https:\/\/belkisyag.com\/?page_id=3313"},"modified":"2024-05-31T18:07:09","modified_gmt":"2024-05-31T15:07:09","slug":"industrial-margarine","status":"publish","type":"page","link":"https:\/\/belkisyag.com\/tr\/products\/industrial-margarine","title":{"rendered":"END\u00dcSTR\u0130YEL MARGAR\u0130N"},"content":{"rendered":"<h1>\n\t\tEND\u00dcSTR\u0130YEL MARGAR\u0130N\n\t<\/h1>\n\t<h2><strong>PROFESYONEL KIZARTMA MARGAR\u0130N\u0130<\/strong><\/h2>\n<p>K\u0131zartma ve end\u00fcstriyel g\u0131da \u00fcretimi ama\u00e7l\u0131 bitkisel susuz bir ya\u011fd\u0131r. Hurma bazl\u0131 ya\u011flar, antioksidan (B\u00fctillenmi\u015f hidroksitol\u00fcen) E321, k\u00f6p\u00fck \u00f6nleyici madde E-900 i\u00e7erir. Patates, kroket, k\u0131zarm\u0131\u015f k\u00f6fte vb. T\u00fcm k\u0131zartmalar\u0131n\u0131z i\u00e7in frit\u00f6z k\u0131zartma ya\u011f\u0131 olarak kullanabilirsiniz. Her yeni k\u0131zartma i\u015fleminin ba\u015f\u0131nda frit\u00f6zdeki ya\u011f\u0131 bo\u015faltt\u0131ktan sonra yeni ya\u011f ekleyip k\u0131zartman\u0131z, her kullan\u0131mdan \u00f6nce ya\u011f\u0131n\u0131z\u0131 oda s\u0131cakl\u0131\u011f\u0131na getirip kar\u0131\u015ft\u0131r\u0131p frit\u00f6ze koyman\u0131z tavsiye edilir. Ya\u011f\u0131n\u0131z\u0131 g\u00fcne\u015f \u0131\u015f\u0131\u011f\u0131ndan korunan serin, kuru, kokusuz bir ortamda saklay\u0131n. Ya\u011f\u0131n\u0131z\u0131 suyun i\u00e7ine girmeyece\u011fi bir yerde saklay\u0131n. Ya\u011f\u0131n\u0131z\u0131 kulland\u0131ktan sonra daima kapa\u011f\u0131 s\u0131k\u0131ca kapat\u0131n.<\/p>\n<h2><strong>PROFESYONEL BAKLAVA MARGAR\u0130N\u0130<\/strong><\/h2>\n<p>Baklava \u00fcretiminde kullan\u0131lmak \u00fczere haz\u0131rlanm\u0131\u015ft\u0131r. Hurma bazl\u0131 bitkisel ya\u011flar, antioksidanlar (BHT), tereya\u011f\u0131 aromas\u0131, renklendirici (beta karoten) ve A ve D vitaminleri i\u00e7erir. Tuz eklenmemi\u015f. Ya\u011f\u0131n\u0131z\u0131 g\u00fcne\u015f \u0131\u015f\u0131\u011f\u0131ndan korunan serin, kuru, kokusuz bir ortamda saklay\u0131n. Ya\u011f\u0131n\u0131z\u0131 suyun i\u00e7ine girmeyece\u011fi bir yerde saklay\u0131n. Ya\u011f\u0131n\u0131z\u0131 kulland\u0131ktan sonra daima kapa\u011f\u0131 s\u0131k\u0131ca kapat\u0131n.<\/p>\n\t\t\t\t<a\n\t\t\thref=\"https:\/\/belkisyag.com\/wp-content\/uploads\/2024\/04\/18L.jpg\"\n\t\t\t\t\t\tdata-fancybox=\"images\" \n\t\t\ttitle=\"18L\" \n\t\t\t\t\t\tdata-caption=\"Industrial Margarine 18 It (Tin)\"\n\t\t\t\t\t\tdata-description=\"\" \n\t\t\titemprop=\"contentUrl\">\n\t\t\t<img decoding=\"async\" src=\"https:\/\/belkisyag.com\/wp-content\/uploads\/2024\/04\/18L.jpg\" alt=\"\" data-no-lazy=\"1\" itemprop=\"thumbnail\" width=\"300\" height=\"300\" \/>\n\t\t\t<!-- Overlay Wrapper -->\n\t\t\t <!-- Overlay Wrapper Closed -->\n\t\t\t\t<\/a>\n\t\t\t\t\t\t\t<meta itemprop=\"width\" content=\"300\" \/>\n\t\t\t<meta itemprop=\"height\" content=\"300\" \/>\n\t\tEnd\u00fcstriyel Margarin 18 Lt(Teneke)\n\t\t\t\t<a\n\t\t\thref=\"https:\/\/belkisyag.com\/wp-content\/uploads\/2024\/04\/18L2.jpg\"\n\t\t\t\t\t\tdata-fancybox=\"images\" \n\t\t\ttitle=\"18L2\" \n\t\t\t\t\t\tdata-caption=\"Industrial Margarine 18 It (Tin)\"\n\t\t\t\t\t\tdata-description=\"\" \n\t\t\titemprop=\"contentUrl\">\n\t\t\t<img decoding=\"async\" src=\"https:\/\/belkisyag.com\/wp-content\/uploads\/2024\/04\/18L2.jpg\" alt=\"\" data-no-lazy=\"1\" itemprop=\"thumbnail\" width=\"300\" height=\"300\" \/>\n\t\t\t<!-- Overlay Wrapper -->\n\t\t\t <!-- Overlay Wrapper Closed -->\n\t\t\t\t<\/a>\n\t\t\t\t\t\t\t<meta itemprop=\"width\" content=\"300\" \/>\n\t\t\t<meta itemprop=\"height\" content=\"300\" \/>\n\t\tEnd\u00fcstriyel Margarin 18 Lt(Teneke)\n\t\t\t\t<a\n\t\t\thref=\"https:\/\/belkisyag.com\/wp-content\/uploads\/2024\/04\/18L3.jpg\"\n\t\t\t\t\t\tdata-fancybox=\"images\" \n\t\t\ttitle=\"18L3\" \n\t\t\t\t\t\tdata-caption=\"Industrial Margarine 18 It (Tin)\"\n\t\t\t\t\t\tdata-description=\"\" \n\t\t\titemprop=\"contentUrl\">\n\t\t\t<img decoding=\"async\" src=\"https:\/\/belkisyag.com\/wp-content\/uploads\/2024\/04\/18L3.jpg\" alt=\"\" data-no-lazy=\"1\" itemprop=\"thumbnail\" width=\"300\" height=\"300\" \/>\n\t\t\t<!-- Overlay Wrapper -->\n\t\t\t <!-- Overlay Wrapper Closed -->\n\t\t\t\t<\/a>\n\t\t\t\t\t\t\t<meta itemprop=\"width\" content=\"300\" \/>\n\t\t\t<meta itemprop=\"height\" content=\"300\" \/>\n\t\tEnd\u00fcstriyel Margarin 18 Lt(Teneke)\n\t\t\t\t<a\n\t\t\thref=\"https:\/\/belkisyag.com\/wp-content\/uploads\/2024\/04\/18L4.jpg\"\n\t\t\t\t\t\tdata-fancybox=\"images\" \n\t\t\ttitle=\"18L4\" \n\t\t\t\t\t\tdata-caption=\"Industrial Margarine 18 It (Tin)\"\n\t\t\t\t\t\tdata-description=\"\" \n\t\t\titemprop=\"contentUrl\">\n\t\t\t<img decoding=\"async\" src=\"https:\/\/belkisyag.com\/wp-content\/uploads\/2024\/04\/18L4.jpg\" alt=\"\" data-no-lazy=\"1\" itemprop=\"thumbnail\" width=\"300\" height=\"300\" \/>\n\t\t\t<!-- Overlay Wrapper -->\n\t\t\t <!-- Overlay Wrapper Closed -->\n\t\t\t\t<\/a>\n\t\t\t\t\t\t\t<meta itemprop=\"width\" content=\"300\" \/>\n\t\t\t<meta itemprop=\"height\" content=\"300\" \/>\n\t\tEnd\u00fcstriyel Margarin 18 Lt(Teneke)\n\t\t\t\t<img decoding=\"async\" src=\"https:\/\/belkisyag.com\/wp-content\/uploads\/2022\/09\/belkisLOGOyazisiz.png\" alt=\"belkisLOGOyaz\u0131s\u0131z\" itemprop=\"image\" height=\"1381\" width=\"2189\" title=\"belkisLOGOyaz\u0131s\u0131z\" onerror=\"this.style.display='none'\"  \/>\n\t\t\t\t<img decoding=\"async\" src=\"https:\/\/belkisyag.com\/wp-content\/uploads\/2024\/03\/paramyag.png\" alt=\"paramyag\" itemprop=\"image\" height=\"100\" width=\"259\" title=\"paramyag\" onerror=\"this.style.display='none'\"  \/>\n\t\t\t\t<img decoding=\"async\" src=\"https:\/\/belkisyag.com\/wp-content\/uploads\/2024\/03\/brcgs.jpg\" alt=\"brcgs\" itemprop=\"image\" height=\"148\" width=\"354\" title=\"brcgs\" onerror=\"this.style.display='none'\"  \/>\n<h4>\n\t\tHIZLI MEN\u00dc\n\t<\/h4>\n<h4>\n\t\t\u0130LET\u0130\u015e\u0130M\n\t<\/h4>\n\tContact us for your opinions and suggestions.<br \/>\nYou can communicate:\nPamyag Gida Sanayi Ticaret Anonim Sirketi Sekili Mah.<br \/>\nE-90 Karayolu \u00dczeri Cad. No: 19\/1<br \/>\n<strong>Nizip \/ GAZIANTEP \/ T\u00dcRKIYE<\/strong>\n<strong>E<\/strong>: info@pamyag.com<br \/>\n<strong>T<\/strong>: +90 (342) 545 20 20<br \/>\n<strong>F<\/strong>: +90 (342) 545 23 11\n\t<p>Copyright \u00a9 2024, Pamyag G\u0131da San. Tic. A.S. T\u00fcm Haklar Sakl\u0131d\u0131r.<\/p>","protected":false},"excerpt":{"rendered":"<p>Industrial Margarine PROFESSIONAL FRYING MARGARINE [&hellip;]<\/p>","protected":false},"author":14,"featured_media":0,"parent":1755,"menu_order":0,"comment_status":"closed","ping_status":"closed","template":"","meta":{"_uag_custom_page_level_css":"","site-sidebar-layout":"no-sidebar","site-content-layout":"","ast-site-content-layout":"full-width-container","site-content-style":"default","site-sidebar-style":"default","ast-global-header-display":"","ast-banner-title-visibility":"","ast-main-header-display":"","ast-hfb-above-header-display":"","ast-hfb-below-header-display":"","ast-hfb-mobile-header-display":"","site-post-title":"disabled","ast-breadcrumbs-content":"","ast-featured-img":"disabled","footer-sml-layout":"","theme-transparent-header-meta":"default","adv-header-id-meta":"","stick-header-meta":"default","header-above-stick-meta":"","header-main-stick-meta":"","header-below-stick-meta":"","astra-migrate-meta-layouts":"set","ast-page-background-enabled":"default","ast-page-background-meta":{"desktop":{"background-color":"var(--ast-global-color-4)","background-image":"","background-repeat":"repeat","background-position":"center center","background-size":"auto","background-attachment":"scroll","background-type":"","background-media":"","overlay-type":"","overlay-color":"","overlay-gradient":""},"tablet":{"background-color":"","background-image":"","background-repeat":"repeat","background-position":"center center","background-size":"auto","background-attachment":"scroll","background-type":"","background-media":"","overlay-type":"","overlay-color":"","overlay-gradient":""},"mobile":{"background-color":"","background-image":"","background-repeat":"repeat","background-position":"center center","background-size":"auto","background-attachment":"scroll","background-type":"","background-media":"","overlay-type":"","overlay-color":"","overlay-gradient":""}},"ast-content-background-meta":{"desktop":{"background-color":"var(--ast-global-color-5)","background-image":"","background-repeat":"repeat","background-position":"center center","background-size":"auto","background-attachment":"scroll","background-type":"","background-media":"","overlay-type":"","overlay-color":"","overlay-gradient":""},"tablet":{"background-color":"var(--ast-global-color-5)","background-image":"","background-repeat":"repeat","background-position":"center center","background-size":"auto","background-attachment":"scroll","background-type":"","background-media":"","overlay-type":"","overlay-color":"","overlay-gradient":""},"mobile":{"background-color":"var(--ast-global-color-5)","background-image":"","background-repeat":"repeat","background-position":"center center","background-size":"auto","background-attachment":"scroll","background-type":"","background-media":"","overlay-type":"","overlay-color":"","overlay-gradient":""}},"footnotes":""},"class_list":["post-3313","page","type-page","status-publish","hentry"],"uagb_featured_image_src":{"full":false,"thumbnail":false,"medium":false,"medium_large":false,"large":false,"1536x1536":false,"2048x2048":false,"trp-custom-language-flag":false},"uagb_author_info":{"display_name":"Ali Bard\u0131z","author_link":"https:\/\/belkisyag.com\/tr\/author\/ali"},"uagb_comment_info":0,"uagb_excerpt":"Industrial Margarine PROFESSIONAL FRYING MARGARINE [&hellip;]","_links":{"self":[{"href":"https:\/\/belkisyag.com\/tr\/wp-json\/wp\/v2\/pages\/3313","targetHints":{"allow":["GET"]}}],"collection":[{"href":"https:\/\/belkisyag.com\/tr\/wp-json\/wp\/v2\/pages"}],"about":[{"href":"https:\/\/belkisyag.com\/tr\/wp-json\/wp\/v2\/types\/page"}],"author":[{"embeddable":true,"href":"https:\/\/belkisyag.com\/tr\/wp-json\/wp\/v2\/users\/14"}],"replies":[{"embeddable":true,"href":"https:\/\/belkisyag.com\/tr\/wp-json\/wp\/v2\/comments?post=3313"}],"version-history":[{"count":4,"href":"https:\/\/belkisyag.com\/tr\/wp-json\/wp\/v2\/pages\/3313\/revisions"}],"predecessor-version":[{"id":3607,"href":"https:\/\/belkisyag.com\/tr\/wp-json\/wp\/v2\/pages\/3313\/revisions\/3607"}],"up":[{"embeddable":true,"href":"https:\/\/belkisyag.com\/tr\/wp-json\/wp\/v2\/pages\/1755"}],"wp:attachment":[{"href":"https:\/\/belkisyag.com\/tr\/wp-json\/wp\/v2\/media?parent=3313"}],"curies":[{"name":"wp","href":"https:\/\/api.w.org\/{rel}","templated":true}]}}