{"id":3305,"date":"2024-03-28T11:13:49","date_gmt":"2024-03-28T08:13:49","guid":{"rendered":"https:\/\/belkisyag.com\/?page_id=3305"},"modified":"2024-05-31T18:02:12","modified_gmt":"2024-05-31T15:02:12","slug":"sunflower-oil","status":"publish","type":"page","link":"https:\/\/belkisyag.com\/tr\/products\/sunflower-oil","title":{"rendered":"AY\u00c7\u0130\u00c7E\u011e\u0130 YA\u011eI"},"content":{"rendered":"<h1>\n\t\tAY\u00c7\u0130\u00c7E\u011e\u0130 YA\u011eI\n\t<\/h1>\n\t<p>S\u0131cak veya so\u011fuk t\u00fcm yemeklerde, salatalarda ve k\u0131zartmalarda yemeklik ya\u011f olarak kullan\u0131l\u0131r. Ya\u011f\u0131n\u0131z\u0131 serin, kuru, kokusuz bir ortamda, g\u00fcne\u015f \u0131\u015f\u0131\u011f\u0131ndan koruyarak saklay\u0131n\u0131z. Ya\u011f\u0131n\u0131z\u0131 i\u00e7ine su girmeyecek bir yerde muhafaza ediniz. Ya\u011f\u0131n\u0131z\u0131 kulland\u0131ktan sonra kapa\u011f\u0131n\u0131 mutlaka s\u0131k\u0131ca kapat\u0131n\u0131z.<\/p>\n<h2><strong>PROFESYONEL AY\u00c7I\u0307\u00c7EK YA\u011eI<\/strong><\/h2>\n<p>K\u0131zartma ve end\u00fcstriyel g\u0131da \u00fcretimi ama\u00e7lar\u0131 i\u00e7in. Antioksidan (Butylated hydroxytoluene) E321, k\u00f6p\u00fck \u00f6nleyici ajan E-900 i\u00e7erir. Patates, kroket, k\u0131zarm\u0131\u015f k\u00f6fte vb. t\u00fcm k\u0131zartmalar\u0131n\u0131z i\u00e7in frit\u00f6z k\u0131zartma ya\u011f\u0131 olarak kullanabilirsiniz. Ya\u011f\u0131n\u0131z\u0131 serin, kuru, kokusuz bir ortamda, g\u00fcne\u015f \u0131\u015f\u0131\u011f\u0131ndan koruyarak saklay\u0131n\u0131z. Ya\u011f\u0131n\u0131z\u0131 i\u00e7ine su girmeyecek bir yerde muhafaza edin. Ya\u011f\u0131n\u0131z\u0131 kulland\u0131ktan sonra kapa\u011f\u0131n\u0131 daima s\u0131k\u0131ca kapat\u0131n. Her kullan\u0131mdan \u00f6nce ya\u011f\u0131 kar\u0131\u015ft\u0131rmak i\u00e7in \u00e7alkalay\u0131n ve kullan\u0131n.<\/p>\n\t\t\t\t<a\n\t\t\thref=\"https:\/\/belkisyag.com\/wp-content\/uploads\/2024\/04\/1.jpg\"\n\t\t\t\t\t\tdata-fancybox=\"images\" \n\t\t\ttitle=\"1\" \n\t\t\t\t\t\tdata-caption=\"Sunflower Oil 700 ml (Pet)\"\n\t\t\t\t\t\tdata-description=\"\" \n\t\t\titemprop=\"contentUrl\">\n\t\t\t<img decoding=\"async\" src=\"https:\/\/belkisyag.com\/wp-content\/uploads\/2024\/04\/1.jpg\" alt=\"\" data-no-lazy=\"1\" itemprop=\"thumbnail\" width=\"300\" height=\"300\" \/>\n\t\t\t<!-- Overlay Wrapper -->\n\t\t\t <!-- Overlay Wrapper Closed -->\n\t\t\t\t<\/a>\n\t\t\t\t\t\t\t<meta itemprop=\"width\" content=\"300\" \/>\n\t\t\t<meta itemprop=\"height\" content=\"300\" \/>\n\t\tAy\u00e7i\u00e7ek Ya\u011f\u0131 700 ml (Pet)\n\t\t\t\t<a\n\t\t\thref=\"https:\/\/belkisyag.com\/wp-content\/uploads\/2024\/04\/2.jpg\"\n\t\t\t\t\t\tdata-fancybox=\"images\" \n\t\t\ttitle=\"2\" \n\t\t\t\t\t\tdata-caption=\"Sunflower Oil 800 ml (Pet)\"\n\t\t\t\t\t\tdata-description=\"\" \n\t\t\titemprop=\"contentUrl\">\n\t\t\t<img decoding=\"async\" src=\"https:\/\/belkisyag.com\/wp-content\/uploads\/2024\/04\/2.jpg\" alt=\"\" data-no-lazy=\"1\" itemprop=\"thumbnail\" width=\"300\" height=\"300\" \/>\n\t\t\t<!-- Overlay Wrapper -->\n\t\t\t <!-- Overlay Wrapper Closed -->\n\t\t\t\t<\/a>\n\t\t\t\t\t\t\t<meta itemprop=\"width\" content=\"300\" \/>\n\t\t\t<meta itemprop=\"height\" content=\"300\" \/>\n\t\tAy\u00e7i\u00e7ek Ya\u011f\u0131 800 ml (Pet)\n\t\t\t\t<a\n\t\t\thref=\"https:\/\/belkisyag.com\/wp-content\/uploads\/2024\/04\/3.jpg\"\n\t\t\t\t\t\tdata-fancybox=\"images\" \n\t\t\ttitle=\"3\" \n\t\t\t\t\t\tdata-caption=\"Sunflower Oil 880 ml (Pet)\"\n\t\t\t\t\t\tdata-description=\"\" \n\t\t\titemprop=\"contentUrl\">\n\t\t\t<img decoding=\"async\" src=\"https:\/\/belkisyag.com\/wp-content\/uploads\/2024\/04\/3.jpg\" alt=\"\" data-no-lazy=\"1\" itemprop=\"thumbnail\" width=\"300\" height=\"300\" \/>\n\t\t\t<!-- Overlay Wrapper -->\n\t\t\t <!-- Overlay Wrapper Closed -->\n\t\t\t\t<\/a>\n\t\t\t\t\t\t\t<meta itemprop=\"width\" content=\"300\" \/>\n\t\t\t<meta itemprop=\"height\" content=\"300\" \/>\n\t\tAy\u00e7i\u00e7ek Ya\u011f\u0131 880 ml (Pet)\n\t\t\t\t<a\n\t\t\thref=\"https:\/\/belkisyag.com\/wp-content\/uploads\/2024\/04\/4.jpg\"\n\t\t\t\t\t\tdata-fancybox=\"images\" \n\t\t\ttitle=\"4\" \n\t\t\t\t\t\tdata-caption=\"Sunflower Oil 1 Lt (Pet)\"\n\t\t\t\t\t\tdata-description=\"\" \n\t\t\titemprop=\"contentUrl\">\n\t\t\t<img decoding=\"async\" src=\"https:\/\/belkisyag.com\/wp-content\/uploads\/2024\/04\/4.jpg\" alt=\"\" data-no-lazy=\"1\" itemprop=\"thumbnail\" width=\"300\" height=\"300\" \/>\n\t\t\t<!-- Overlay Wrapper -->\n\t\t\t <!-- Overlay Wrapper Closed -->\n\t\t\t\t<\/a>\n\t\t\t\t\t\t\t<meta itemprop=\"width\" content=\"300\" \/>\n\t\t\t<meta itemprop=\"height\" content=\"300\" \/>\n\t\tAy\u00e7i\u00e7ek Ya\u011f\u0131 1 Lt (Pet)\n\t\t\t\t<a\n\t\t\thref=\"https:\/\/belkisyag.com\/wp-content\/uploads\/2024\/04\/5.jpg\"\n\t\t\t\t\t\tdata-fancybox=\"images\" \n\t\t\ttitle=\"5\" \n\t\t\t\t\t\tdata-caption=\"Sunflower Oil 1,5 Lt (Pet)\"\n\t\t\t\t\t\tdata-description=\"\" \n\t\t\titemprop=\"contentUrl\">\n\t\t\t<img decoding=\"async\" src=\"https:\/\/belkisyag.com\/wp-content\/uploads\/2024\/04\/5.jpg\" alt=\"\" data-no-lazy=\"1\" itemprop=\"thumbnail\" width=\"300\" height=\"300\" \/>\n\t\t\t<!-- Overlay Wrapper -->\n\t\t\t <!-- Overlay Wrapper Closed -->\n\t\t\t\t<\/a>\n\t\t\t\t\t\t\t<meta itemprop=\"width\" content=\"300\" \/>\n\t\t\t<meta itemprop=\"height\" content=\"300\" \/>\n\t\tAy\u00e7i\u00e7ek Ya\u011f\u0131 1,5 Lt (Pet)\n\t\t\t\t<a\n\t\t\thref=\"https:\/\/belkisyag.com\/wp-content\/uploads\/2024\/04\/6.jpg\"\n\t\t\t\t\t\tdata-fancybox=\"images\" \n\t\t\ttitle=\"6\" \n\t\t\t\t\t\tdata-caption=\"Sunflower Oil 1,8 Lt (Pet)\"\n\t\t\t\t\t\tdata-description=\"\" \n\t\t\titemprop=\"contentUrl\">\n\t\t\t<img decoding=\"async\" src=\"https:\/\/belkisyag.com\/wp-content\/uploads\/2024\/04\/6.jpg\" alt=\"\" data-no-lazy=\"1\" itemprop=\"thumbnail\" width=\"300\" height=\"300\" \/>\n\t\t\t<!-- Overlay Wrapper -->\n\t\t\t <!-- Overlay Wrapper Closed -->\n\t\t\t\t<\/a>\n\t\t\t\t\t\t\t<meta itemprop=\"width\" content=\"300\" \/>\n\t\t\t<meta itemprop=\"height\" content=\"300\" \/>\n\t\tAy\u00e7i\u00e7ek Ya\u011f\u0131 1,8 Lt (Pet)\n\t\t\t\t<a\n\t\t\thref=\"https:\/\/belkisyag.com\/wp-content\/uploads\/2024\/04\/7.jpg\"\n\t\t\t\t\t\tdata-fancybox=\"images\" \n\t\t\ttitle=\"7\" \n\t\t\t\t\t\tdata-caption=\"Sunflower Oil 2 Lt (Pet)\"\n\t\t\t\t\t\tdata-description=\"\" \n\t\t\titemprop=\"contentUrl\">\n\t\t\t<img decoding=\"async\" src=\"https:\/\/belkisyag.com\/wp-content\/uploads\/2024\/04\/7.jpg\" alt=\"\" data-no-lazy=\"1\" itemprop=\"thumbnail\" width=\"300\" height=\"300\" \/>\n\t\t\t<!-- Overlay Wrapper -->\n\t\t\t <!-- Overlay Wrapper Closed -->\n\t\t\t\t<\/a>\n\t\t\t\t\t\t\t<meta itemprop=\"width\" content=\"300\" \/>\n\t\t\t<meta itemprop=\"height\" content=\"300\" \/>\n\t\tAy\u00e7i\u00e7ek Ya\u011f\u0131 2 Lt (Pet)\n\t\t\t\t<a\n\t\t\thref=\"https:\/\/belkisyag.com\/wp-content\/uploads\/2024\/04\/8.jpg\"\n\t\t\t\t\t\tdata-fancybox=\"images\" \n\t\t\ttitle=\"8\" \n\t\t\t\t\t\tdata-caption=\"Sunflower Oil 3 Lt (Pet Bottle Small Cap)\"\n\t\t\t\t\t\tdata-description=\"\" \n\t\t\titemprop=\"contentUrl\">\n\t\t\t<img decoding=\"async\" src=\"https:\/\/belkisyag.com\/wp-content\/uploads\/2024\/04\/8.jpg\" alt=\"\" data-no-lazy=\"1\" itemprop=\"thumbnail\" width=\"300\" height=\"300\" \/>\n\t\t\t<!-- Overlay Wrapper -->\n\t\t\t <!-- Overlay Wrapper Closed -->\n\t\t\t\t<\/a>\n\t\t\t\t\t\t\t<meta itemprop=\"width\" content=\"300\" \/>\n\t\t\t<meta itemprop=\"height\" content=\"300\" \/>\n\t\tAy\u00e7i\u00e7e\u011fi Ya\u011f\u0131 3 Lt (K\u00fc\u00e7\u00fck Kapakl\u0131 Pet \u015ei\u015fe)\n\t\t\t\t<a\n\t\t\thref=\"https:\/\/belkisyag.com\/wp-content\/uploads\/2024\/04\/9.jpg\"\n\t\t\t\t\t\tdata-fancybox=\"images\" \n\t\t\ttitle=\"9\" \n\t\t\t\t\t\tdata-caption=\"Sunflower Oil 4 Lt (Pet Bottle Big Cap)\"\n\t\t\t\t\t\tdata-description=\"\" \n\t\t\titemprop=\"contentUrl\">\n\t\t\t<img decoding=\"async\" src=\"https:\/\/belkisyag.com\/wp-content\/uploads\/2024\/04\/9.jpg\" alt=\"\" data-no-lazy=\"1\" itemprop=\"thumbnail\" width=\"300\" height=\"300\" \/>\n\t\t\t<!-- Overlay Wrapper -->\n\t\t\t <!-- Overlay Wrapper Closed -->\n\t\t\t\t<\/a>\n\t\t\t\t\t\t\t<meta itemprop=\"width\" content=\"300\" \/>\n\t\t\t<meta itemprop=\"height\" content=\"300\" \/>\n\t\tAy\u00e7i\u00e7e\u011fi Ya\u011f\u0131 4 Lt (B\u00fcy\u00fck Kapakl\u0131 Pet \u015ei\u015fe)\n\t\t\t\t<a\n\t\t\thref=\"https:\/\/belkisyag.com\/wp-content\/uploads\/2024\/04\/10.jpg\"\n\t\t\t\t\t\tdata-fancybox=\"images\" \n\t\t\ttitle=\"10\" \n\t\t\t\t\t\tdata-caption=\"Sunflower Oil 4 Lt (Pet Bottle Small Cap)\"\n\t\t\t\t\t\tdata-description=\"\" \n\t\t\titemprop=\"contentUrl\">\n\t\t\t<img decoding=\"async\" src=\"https:\/\/belkisyag.com\/wp-content\/uploads\/2024\/04\/10.jpg\" alt=\"\" data-no-lazy=\"1\" itemprop=\"thumbnail\" width=\"300\" height=\"300\" \/>\n\t\t\t<!-- Overlay Wrapper -->\n\t\t\t <!-- Overlay Wrapper Closed -->\n\t\t\t\t<\/a>\n\t\t\t\t\t\t\t<meta itemprop=\"width\" content=\"300\" \/>\n\t\t\t<meta itemprop=\"height\" content=\"300\" \/>\n\t\tAy\u00e7i\u00e7e\u011fi Ya\u011f\u0131 4 Lt (K\u00fc\u00e7\u00fck Kapakl\u0131 Pet \u015ei\u015fe)\n\t\t\t\t<a\n\t\t\thref=\"https:\/\/belkisyag.com\/wp-content\/uploads\/2024\/04\/11.jpg\"\n\t\t\t\t\t\tdata-fancybox=\"images\" \n\t\t\ttitle=\"11\" \n\t\t\t\t\t\tdata-caption=\"Sunflower Oil 4,5 Lt (Pet Bottle Small Cap)\"\n\t\t\t\t\t\tdata-description=\"\" \n\t\t\titemprop=\"contentUrl\">\n\t\t\t<img decoding=\"async\" src=\"https:\/\/belkisyag.com\/wp-content\/uploads\/2024\/04\/11.jpg\" alt=\"\" data-no-lazy=\"1\" itemprop=\"thumbnail\" width=\"300\" height=\"300\" \/>\n\t\t\t<!-- Overlay Wrapper -->\n\t\t\t <!-- Overlay Wrapper Closed -->\n\t\t\t\t<\/a>\n\t\t\t\t\t\t\t<meta itemprop=\"width\" content=\"300\" \/>\n\t\t\t<meta itemprop=\"height\" content=\"300\" \/>\n\t\tAy\u00e7i\u00e7e\u011fi Ya\u011f\u0131 4,5 Lt (K\u00fc\u00e7\u00fck Kapakl\u0131 Pet \u015ei\u015fe)\n\t\t\t\t<a\n\t\t\thref=\"https:\/\/belkisyag.com\/wp-content\/uploads\/2024\/04\/12.jpg\"\n\t\t\t\t\t\tdata-fancybox=\"images\" \n\t\t\ttitle=\"12\" \n\t\t\t\t\t\tdata-caption=\"Sunflower Oil 5 Lt (Pet Bottle Big Cap)\"\n\t\t\t\t\t\tdata-description=\"\" \n\t\t\titemprop=\"contentUrl\">\n\t\t\t<img decoding=\"async\" src=\"https:\/\/belkisyag.com\/wp-content\/uploads\/2024\/04\/12.jpg\" alt=\"\" data-no-lazy=\"1\" itemprop=\"thumbnail\" width=\"300\" height=\"300\" \/>\n\t\t\t<!-- Overlay Wrapper -->\n\t\t\t <!-- Overlay Wrapper Closed -->\n\t\t\t\t<\/a>\n\t\t\t\t\t\t\t<meta itemprop=\"width\" content=\"300\" \/>\n\t\t\t<meta itemprop=\"height\" content=\"300\" \/>\n\t\tAy\u00e7i\u00e7e\u011fi Ya\u011f\u0131 5 Lt (B\u00fcy\u00fck Kapakl\u0131 Pet \u015ei\u015fe)\n\t\t\t\t<a\n\t\t\thref=\"https:\/\/belkisyag.com\/wp-content\/uploads\/2024\/04\/13.jpg\"\n\t\t\t\t\t\tdata-fancybox=\"images\" \n\t\t\ttitle=\"13\" \n\t\t\t\t\t\tdata-caption=\"Sunflower Oil 5 Lt (Pet Bottle Small Cap)\"\n\t\t\t\t\t\tdata-description=\"\" \n\t\t\titemprop=\"contentUrl\">\n\t\t\t<img decoding=\"async\" src=\"https:\/\/belkisyag.com\/wp-content\/uploads\/2024\/04\/13.jpg\" alt=\"\" data-no-lazy=\"1\" itemprop=\"thumbnail\" width=\"300\" height=\"300\" \/>\n\t\t\t<!-- Overlay Wrapper -->\n\t\t\t <!-- Overlay Wrapper Closed -->\n\t\t\t\t<\/a>\n\t\t\t\t\t\t\t<meta itemprop=\"width\" content=\"300\" \/>\n\t\t\t<meta itemprop=\"height\" content=\"300\" \/>\n\t\tAy\u00e7i\u00e7e\u011fi Ya\u011f\u0131 5 Lt (K\u00fc\u00e7\u00fck Kapakl\u0131 Pet \u015ei\u015fe)\n\t\t\t\t<a\n\t\t\thref=\"https:\/\/belkisyag.com\/wp-content\/uploads\/2024\/04\/14.jpg\"\n\t\t\t\t\t\tdata-fancybox=\"images\" \n\t\t\ttitle=\"14\" \n\t\t\t\t\t\tdata-caption=\"Sunflower Oil 4 Lt (Tin)\"\n\t\t\t\t\t\tdata-description=\"\" \n\t\t\titemprop=\"contentUrl\">\n\t\t\t<img decoding=\"async\" src=\"https:\/\/belkisyag.com\/wp-content\/uploads\/2024\/04\/14.jpg\" alt=\"\" data-no-lazy=\"1\" itemprop=\"thumbnail\" width=\"300\" height=\"300\" \/>\n\t\t\t<!-- Overlay Wrapper -->\n\t\t\t <!-- Overlay Wrapper Closed -->\n\t\t\t\t<\/a>\n\t\t\t\t\t\t\t<meta itemprop=\"width\" content=\"300\" \/>\n\t\t\t<meta itemprop=\"height\" content=\"300\" \/>\n\t\tAy\u00e7i\u00e7e\u011fi Ya\u011f\u0131 4 Lt (Teneke)\n\t\t\t\t<a\n\t\t\thref=\"https:\/\/belkisyag.com\/wp-content\/uploads\/2024\/04\/15.jpg\"\n\t\t\t\t\t\tdata-fancybox=\"images\" \n\t\t\ttitle=\"15\" \n\t\t\t\t\t\tdata-caption=\"Sunflower Oil 5 Lt (Tin)\"\n\t\t\t\t\t\tdata-description=\"\" \n\t\t\titemprop=\"contentUrl\">\n\t\t\t<img decoding=\"async\" src=\"https:\/\/belkisyag.com\/wp-content\/uploads\/2024\/04\/15.jpg\" alt=\"\" data-no-lazy=\"1\" itemprop=\"thumbnail\" width=\"300\" height=\"300\" \/>\n\t\t\t<!-- Overlay Wrapper -->\n\t\t\t <!-- Overlay Wrapper Closed -->\n\t\t\t\t<\/a>\n\t\t\t\t\t\t\t<meta itemprop=\"width\" content=\"300\" \/>\n\t\t\t<meta itemprop=\"height\" content=\"300\" \/>\n\t\tAy\u00e7i\u00e7e\u011fi Ya\u011f\u0131 5 Lt (Teneke)\n\t\t\t\t<a\n\t\t\thref=\"https:\/\/belkisyag.com\/wp-content\/uploads\/2024\/04\/16.jpg\"\n\t\t\t\t\t\tdata-fancybox=\"images\" \n\t\t\ttitle=\"16\" \n\t\t\t\t\t\tdata-caption=\"Sunflower Oil 8 Lt (Tin)\"\n\t\t\t\t\t\tdata-description=\"\" \n\t\t\titemprop=\"contentUrl\">\n\t\t\t<img decoding=\"async\" src=\"https:\/\/belkisyag.com\/wp-content\/uploads\/2024\/04\/16.jpg\" alt=\"\" data-no-lazy=\"1\" itemprop=\"thumbnail\" width=\"300\" height=\"300\" \/>\n\t\t\t<!-- Overlay Wrapper -->\n\t\t\t <!-- Overlay Wrapper Closed -->\n\t\t\t\t<\/a>\n\t\t\t\t\t\t\t<meta itemprop=\"width\" content=\"300\" \/>\n\t\t\t<meta itemprop=\"height\" content=\"300\" \/>\n\t\tAy\u00e7i\u00e7e\u011fi Ya\u011f\u0131 8 Lt (Teneke)\n\t\t\t\t<a\n\t\t\thref=\"https:\/\/belkisyag.com\/wp-content\/uploads\/2024\/04\/17.jpg\"\n\t\t\t\t\t\tdata-fancybox=\"images\" \n\t\t\ttitle=\"17\" \n\t\t\t\t\t\tdata-caption=\"Sunflower Oil 10 Lt (Pet Bottle Big Cap)\"\n\t\t\t\t\t\tdata-description=\"\" \n\t\t\titemprop=\"contentUrl\">\n\t\t\t<img decoding=\"async\" src=\"https:\/\/belkisyag.com\/wp-content\/uploads\/2024\/04\/17.jpg\" alt=\"\" data-no-lazy=\"1\" itemprop=\"thumbnail\" width=\"300\" height=\"300\" \/>\n\t\t\t<!-- Overlay Wrapper -->\n\t\t\t <!-- Overlay Wrapper Closed -->\n\t\t\t\t<\/a>\n\t\t\t\t\t\t\t<meta itemprop=\"width\" content=\"300\" \/>\n\t\t\t<meta itemprop=\"height\" content=\"300\" \/>\n\t\tAy\u00e7i\u00e7e\u011fi Ya\u011f\u0131 10 Lt (B\u00fcy\u00fck Kapakl\u0131 Pet \u015ei\u015fe)\n\t\t\t\t<a\n\t\t\thref=\"https:\/\/belkisyag.com\/wp-content\/uploads\/2024\/04\/18.jpg\"\n\t\t\t\t\t\tdata-fancybox=\"images\" \n\t\t\ttitle=\"18\" \n\t\t\t\t\t\tdata-caption=\"Sunflower Oil 10 Lt (Tin)\"\n\t\t\t\t\t\tdata-description=\"\" \n\t\t\titemprop=\"contentUrl\">\n\t\t\t<img decoding=\"async\" src=\"https:\/\/belkisyag.com\/wp-content\/uploads\/2024\/04\/18.jpg\" alt=\"\" data-no-lazy=\"1\" itemprop=\"thumbnail\" width=\"300\" height=\"300\" \/>\n\t\t\t<!-- Overlay Wrapper -->\n\t\t\t <!-- Overlay Wrapper Closed -->\n\t\t\t\t<\/a>\n\t\t\t\t\t\t\t<meta itemprop=\"width\" content=\"300\" \/>\n\t\t\t<meta itemprop=\"height\" content=\"300\" \/>\n\t\tAy\u00e7i\u00e7e\u011fi Ya\u011f\u0131 10 Lt (Teneke)\n\t\t\t\t<a\n\t\t\thref=\"https:\/\/belkisyag.com\/wp-content\/uploads\/2024\/04\/19.jpg\"\n\t\t\t\t\t\tdata-fancybox=\"images\" \n\t\t\ttitle=\"19\" \n\t\t\t\t\t\tdata-caption=\"Sunflower Oil 16 Kg (Tin)\"\n\t\t\t\t\t\tdata-description=\"\" \n\t\t\titemprop=\"contentUrl\">\n\t\t\t<img decoding=\"async\" src=\"https:\/\/belkisyag.com\/wp-content\/uploads\/2024\/04\/19.jpg\" alt=\"\" data-no-lazy=\"1\" itemprop=\"thumbnail\" width=\"300\" height=\"300\" \/>\n\t\t\t<!-- Overlay Wrapper -->\n\t\t\t <!-- Overlay Wrapper Closed -->\n\t\t\t\t<\/a>\n\t\t\t\t\t\t\t<meta itemprop=\"width\" content=\"300\" \/>\n\t\t\t<meta itemprop=\"height\" content=\"300\" \/>\n\t\tAy\u00e7i\u00e7e\u011fi Ya\u011f\u0131 16 Kg (Teneke)\n\t\t\t\t<a\n\t\t\thref=\"https:\/\/belkisyag.com\/wp-content\/uploads\/2024\/04\/20.jpg\"\n\t\t\t\t\t\tdata-fancybox=\"images\" \n\t\t\ttitle=\"20\" \n\t\t\t\t\t\tdata-caption=\"Sunflower Oil 16 Lt (Tin)\"\n\t\t\t\t\t\tdata-description=\"\" \n\t\t\titemprop=\"contentUrl\">\n\t\t\t<img decoding=\"async\" src=\"https:\/\/belkisyag.com\/wp-content\/uploads\/2024\/04\/20.jpg\" alt=\"\" data-no-lazy=\"1\" itemprop=\"thumbnail\" width=\"300\" height=\"300\" \/>\n\t\t\t<!-- Overlay Wrapper -->\n\t\t\t <!-- Overlay Wrapper Closed -->\n\t\t\t\t<\/a>\n\t\t\t\t\t\t\t<meta itemprop=\"width\" content=\"300\" \/>\n\t\t\t<meta itemprop=\"height\" content=\"300\" \/>\n\t\tAy\u00e7i\u00e7e\u011fi Ya\u011f\u0131 16 Lt (Teneke)\n\t\t\t\t<a\n\t\t\thref=\"https:\/\/belkisyag.com\/wp-content\/uploads\/2024\/04\/21.jpg\"\n\t\t\t\t\t\tdata-fancybox=\"images\" \n\t\t\ttitle=\"21\" \n\t\t\t\t\t\tdata-caption=\"Sunflower Oil 18 Lt (Tin)\"\n\t\t\t\t\t\tdata-description=\"\" \n\t\t\titemprop=\"contentUrl\">\n\t\t\t<img decoding=\"async\" src=\"https:\/\/belkisyag.com\/wp-content\/uploads\/2024\/04\/21.jpg\" alt=\"\" data-no-lazy=\"1\" itemprop=\"thumbnail\" width=\"300\" height=\"300\" \/>\n\t\t\t<!-- Overlay Wrapper -->\n\t\t\t <!-- Overlay Wrapper Closed -->\n\t\t\t\t<\/a>\n\t\t\t\t\t\t\t<meta itemprop=\"width\" content=\"300\" \/>\n\t\t\t<meta itemprop=\"height\" content=\"300\" \/>\n\t\tAy\u00e7i\u00e7e\u011fi Ya\u011f\u0131 18 Lt (Teneke)\n\t\t\t\t<img decoding=\"async\" src=\"https:\/\/belkisyag.com\/wp-content\/uploads\/2022\/09\/belkisLOGOyazisiz.png\" alt=\"belkisLOGOyaz\u0131s\u0131z\" itemprop=\"image\" height=\"1381\" width=\"2189\" title=\"belkisLOGOyaz\u0131s\u0131z\" onerror=\"this.style.display='none'\"  \/>\n\t\t\t\t<img decoding=\"async\" src=\"https:\/\/belkisyag.com\/wp-content\/uploads\/2024\/03\/paramyag.png\" alt=\"paramyag\" itemprop=\"image\" height=\"100\" width=\"259\" title=\"paramyag\" onerror=\"this.style.display='none'\"  \/>\n\t\t\t\t<img decoding=\"async\" src=\"https:\/\/belkisyag.com\/wp-content\/uploads\/2024\/03\/brcgs.jpg\" alt=\"brcgs\" itemprop=\"image\" height=\"148\" width=\"354\" title=\"brcgs\" onerror=\"this.style.display='none'\"  \/>\n<h4>\n\t\tHIZLI MEN\u00dc\n\t<\/h4>\n<h4>\n\t\t\u0130LET\u0130\u015e\u0130M\n\t<\/h4>\n\tContact us for your opinions and suggestions.<br \/>\nYou can communicate:\nPamyag Gida Sanayi Ticaret Anonim Sirketi Sekili Mah.<br \/>\nE-90 Karayolu \u00dczeri Cad. No: 19\/1<br \/>\n<strong>Nizip \/ GAZIANTEP \/ T\u00dcRKIYE<\/strong>\n<strong>E<\/strong>: info@pamyag.com<br \/>\n<strong>T<\/strong>: +90 (342) 545 20 20<br \/>\n<strong>F<\/strong>: +90 (342) 545 23 11\n\t<p>Copyright \u00a9 2024, Pamyag G\u0131da San. Tic. A.S. T\u00fcm Haklar Sakl\u0131d\u0131r.<\/p>","protected":false},"excerpt":{"rendered":"<p>Sunflower Oil It is used [&hellip;]<\/p>","protected":false},"author":14,"featured_media":0,"parent":1755,"menu_order":0,"comment_status":"closed","ping_status":"closed","template":"","meta":{"_uag_custom_page_level_css":"","site-sidebar-layout":"no-sidebar","site-content-layout":"","ast-site-content-layout":"full-width-container","site-content-style":"default","site-sidebar-style":"default","ast-global-header-display":"","ast-banner-title-visibility":"","ast-main-header-display":"","ast-hfb-above-header-display":"","ast-hfb-below-header-display":"","ast-hfb-mobile-header-display":"","site-post-title":"disabled","ast-breadcrumbs-content":"","ast-featured-img":"disabled","footer-sml-layout":"","theme-transparent-header-meta":"default","adv-header-id-meta":"","stick-header-meta":"default","header-above-stick-meta":"","header-main-stick-meta":"","header-below-stick-meta":"","astra-migrate-meta-layouts":"set","ast-page-background-enabled":"default","ast-page-background-meta":{"desktop":{"background-color":"var(--ast-global-color-4)","background-image":"","background-repeat":"repeat","background-position":"center center","background-size":"auto","background-attachment":"scroll","background-type":"","background-media":"","overlay-type":"","overlay-color":"","overlay-gradient":""},"tablet":{"background-color":"","background-image":"","background-repeat":"repeat","background-position":"center center","background-size":"auto","background-attachment":"scroll","background-type":"","background-media":"","overlay-type":"","overlay-color":"","overlay-gradient":""},"mobile":{"background-color":"","background-image":"","background-repeat":"repeat","background-position":"center center","background-size":"auto","background-attachment":"scroll","background-type":"","background-media":"","overlay-type":"","overlay-color":"","overlay-gradient":""}},"ast-content-background-meta":{"desktop":{"background-color":"var(--ast-global-color-5)","background-image":"","background-repeat":"repeat","background-position":"center center","background-size":"auto","background-attachment":"scroll","background-type":"","background-media":"","overlay-type":"","overlay-color":"","overlay-gradient":""},"tablet":{"background-color":"var(--ast-global-color-5)","background-image":"","background-repeat":"repeat","background-position":"center center","background-size":"auto","background-attachment":"scroll","background-type":"","background-media":"","overlay-type":"","overlay-color":"","overlay-gradient":""},"mobile":{"background-color":"var(--ast-global-color-5)","background-image":"","background-repeat":"repeat","background-position":"center center","background-size":"auto","background-attachment":"scroll","background-type":"","background-media":"","overlay-type":"","overlay-color":"","overlay-gradient":""}},"footnotes":""},"class_list":["post-3305","page","type-page","status-publish","hentry"],"uagb_featured_image_src":{"full":false,"thumbnail":false,"medium":false,"medium_large":false,"large":false,"1536x1536":false,"2048x2048":false,"trp-custom-language-flag":false},"uagb_author_info":{"display_name":"Ali Bard\u0131z","author_link":"https:\/\/belkisyag.com\/tr\/author\/ali"},"uagb_comment_info":0,"uagb_excerpt":"Sunflower Oil It is used [&hellip;]","_links":{"self":[{"href":"https:\/\/belkisyag.com\/tr\/wp-json\/wp\/v2\/pages\/3305","targetHints":{"allow":["GET"]}}],"collection":[{"href":"https:\/\/belkisyag.com\/tr\/wp-json\/wp\/v2\/pages"}],"about":[{"href":"https:\/\/belkisyag.com\/tr\/wp-json\/wp\/v2\/types\/page"}],"author":[{"embeddable":true,"href":"https:\/\/belkisyag.com\/tr\/wp-json\/wp\/v2\/users\/14"}],"replies":[{"embeddable":true,"href":"https:\/\/belkisyag.com\/tr\/wp-json\/wp\/v2\/comments?post=3305"}],"version-history":[{"count":9,"href":"https:\/\/belkisyag.com\/tr\/wp-json\/wp\/v2\/pages\/3305\/revisions"}],"predecessor-version":[{"id":3605,"href":"https:\/\/belkisyag.com\/tr\/wp-json\/wp\/v2\/pages\/3305\/revisions\/3605"}],"up":[{"embeddable":true,"href":"https:\/\/belkisyag.com\/tr\/wp-json\/wp\/v2\/pages\/1755"}],"wp:attachment":[{"href":"https:\/\/belkisyag.com\/tr\/wp-json\/wp\/v2\/media?parent=3305"}],"curies":[{"name":"wp","href":"https:\/\/api.w.org\/{rel}","templated":true}]}}