{"id":3301,"date":"2024-03-28T11:02:23","date_gmt":"2024-03-28T08:02:23","guid":{"rendered":"https:\/\/belkisyag.com\/?page_id=3301"},"modified":"2025-11-10T13:27:17","modified_gmt":"2025-11-10T10:27:17","slug":"exhibition","status":"publish","type":"page","link":"https:\/\/belkisyag.com\/tr\/exhibition","title":{"rendered":"Fuarlar"},"content":{"rendered":"<h1>\n\t\tFuarlar\n\t<\/h1>\n\t\t\t\t\t\t\t\t\t\t\t\t\t\t<a href=\"https:\/\/belkisyag.com\/tr\/news\/saudifood-show-2024\/\" target=\"_self\" title=\"SAUDIFOOD SHOW 2024\">\n\t\t\t\t<img decoding=\"async\" src=\"https:\/\/belkisyag.com\/wp-content\/uploads\/bb-plugin\/cache\/PHOTO-2024-05-22-16-41-51-custom_crop.jpg\" alt=\"\" \/>\n\t\t\t\t<\/a>\n\t\t\t\t\t\t<h3>\n\t\t\t\t<a href=\"https:\/\/belkisyag.com\/tr\/news\/saudifood-show-2024\/\" title=\"SAUDIFOOD SHOW 2024\" tabindex=\"0\">SAUDIFOOD SHOW 2024<\/a>\t\t\t<\/h3>\n\t\t\t<a href=\"https:\/\/belkisyag.com\/tr\/news\/saudifood-show-2024\/\" target=\"_self\">More information &#8594;<\/a>\t\t\n\t\t\t\t\t\t\t\t\t\t\t\t\t\t<a href=\"https:\/\/belkisyag.com\/tr\/news\/dubai-gulfood-2024\/\" target=\"_self\" title=\"DUBAI GULFOOD 2024\">\n\t\t\t\t<img decoding=\"async\" src=\"https:\/\/belkisyag.com\/wp-content\/uploads\/bb-plugin\/cache\/1-custom_crop.jpg\" alt=\"\" \/>\n\t\t\t\t<\/a>\n\t\t\t\t\t\t<h3>\n\t\t\t\t<a href=\"https:\/\/belkisyag.com\/tr\/news\/dubai-gulfood-2024\/\" title=\"DUBAI GULFOOD 2024\" tabindex=\"0\">DUBAI GULFOOD 2024<\/a>\t\t\t<\/h3>\n\t\t\t<a href=\"https:\/\/belkisyag.com\/tr\/news\/dubai-gulfood-2024\/\" target=\"_self\">More information &#8594;<\/a>\t\t\n\t\t\t\t\t\t\t\t\t\t\t\t\t\t<a href=\"https:\/\/belkisyag.com\/tr\/news\/worldfood-istanbul-2023\/\" target=\"_self\" title=\"WORLDFOOD ISTANBUL 2023\">\n\t\t\t\t<img decoding=\"async\" src=\"https:\/\/belkisyag.com\/wp-content\/uploads\/bb-plugin\/cache\/9-custom_crop.jpg\" alt=\"\" \/>\n\t\t\t\t<\/a>\n\t\t\t\t\t\t<h3>\n\t\t\t\t<a href=\"https:\/\/belkisyag.com\/tr\/news\/worldfood-istanbul-2023\/\" title=\"WORLDFOOD ISTANBUL 2023\" tabindex=\"0\">WORLDFOOD ISTANBUL 2023<\/a>\t\t\t<\/h3>\n\t\t\t<a href=\"https:\/\/belkisyag.com\/tr\/news\/worldfood-istanbul-2023\/\" target=\"_self\">More information &#8594;<\/a>\t\t\n\t\t\t\t\t\t\t\t\t\t\t\t\t\t<a href=\"https:\/\/belkisyag.com\/tr\/news\/dubai-gulfood-2023\/\" target=\"_self\" title=\"DUBAI GULFOOD 2023\">\n\t\t\t\t<img decoding=\"async\" src=\"https:\/\/belkisyag.com\/wp-content\/uploads\/bb-plugin\/cache\/8-custom_crop.jpg\" alt=\"\" \/>\n\t\t\t\t<\/a>\n\t\t\t\t\t\t<h3>\n\t\t\t\t<a href=\"https:\/\/belkisyag.com\/tr\/news\/dubai-gulfood-2023\/\" title=\"DUBAI GULFOOD 2023\" tabindex=\"0\">DUBAI GULFOOD 2023<\/a>\t\t\t<\/h3>\n\t\t\t<a href=\"https:\/\/belkisyag.com\/tr\/news\/dubai-gulfood-2023\/\" target=\"_self\">More information &#8594;<\/a>\t\t\n\t\t\t\t\t\t\t\t\t\t\t\t\t\t<a href=\"https:\/\/belkisyag.com\/tr\/news\/worldfood-istanbul-2022\/\" target=\"_self\" title=\"WORLDFOOD ISTANBUL 2022\">\n\t\t\t\t<img decoding=\"async\" src=\"https:\/\/belkisyag.com\/wp-content\/uploads\/bb-plugin\/cache\/7-custom_crop.jpg\" alt=\"\" \/>\n\t\t\t\t<\/a>\n\t\t\t\t\t\t<h3>\n\t\t\t\t<a href=\"https:\/\/belkisyag.com\/tr\/news\/worldfood-istanbul-2022\/\" title=\"WORLDFOOD ISTANBUL 2022\" tabindex=\"0\">WORLDFOOD ISTANBUL 2022<\/a>\t\t\t<\/h3>\n\t\t\t<a href=\"https:\/\/belkisyag.com\/tr\/news\/worldfood-istanbul-2022\/\" target=\"_self\">More information &#8594;<\/a>\t\t\n\t\t\t\t\t\t\t\t\t\t\t\t\t\t<a href=\"https:\/\/belkisyag.com\/tr\/news\/gulfood-seul-2022\/\" target=\"_self\" title=\"GULFOOD SEUL 2022\">\n\t\t\t\t<img decoding=\"async\" src=\"https:\/\/belkisyag.com\/wp-content\/uploads\/bb-plugin\/cache\/6-custom_crop.jpg\" alt=\"\" \/>\n\t\t\t\t<\/a>\n\t\t\t\t\t\t<h3>\n\t\t\t\t<a href=\"https:\/\/belkisyag.com\/tr\/news\/gulfood-seul-2022\/\" title=\"GULFOOD SEUL 2022\" tabindex=\"0\">GULFOOD SEUL 2022<\/a>\t\t\t<\/h3>\n\t\t\t<a href=\"https:\/\/belkisyag.com\/tr\/news\/gulfood-seul-2022\/\" target=\"_self\">More information &#8594;<\/a>\t\t\n\t\t\t\t\t\t\t\t\t\t\t\t\t\t<a href=\"https:\/\/belkisyag.com\/tr\/news\/sial-paris-2022\/\" target=\"_self\" title=\"SIAL PARIS 2022\">\n\t\t\t\t<img decoding=\"async\" src=\"https:\/\/belkisyag.com\/wp-content\/uploads\/bb-plugin\/cache\/5-custom_crop.jpg\" alt=\"\" \/>\n\t\t\t\t<\/a>\n\t\t\t\t\t\t<h3>\n\t\t\t\t<a href=\"https:\/\/belkisyag.com\/tr\/news\/sial-paris-2022\/\" title=\"SIAL PARIS 2022\" tabindex=\"0\">SIAL PARIS 2022<\/a>\t\t\t<\/h3>\n\t\t\t<a href=\"https:\/\/belkisyag.com\/tr\/news\/sial-paris-2022\/\" target=\"_self\">More information &#8594;<\/a>\t\t\n\t\t\t\t\t\t\t\t\t\t\t\t\t\t<a href=\"https:\/\/belkisyag.com\/tr\/news\/stars-of-gso-gaziantep-2022\/\" target=\"_self\" title=\"GSO&#039;NUN YILDIZLARI GAZI\u0307ANTEP 2022\">\n\t\t\t\t<img decoding=\"async\" src=\"https:\/\/belkisyag.com\/wp-content\/uploads\/bb-plugin\/cache\/4-custom_crop.jpg\" alt=\"\" \/>\n\t\t\t\t<\/a>\n\t\t\t\t\t\t<h3>\n\t\t\t\t<a href=\"https:\/\/belkisyag.com\/tr\/news\/stars-of-gso-gaziantep-2022\/\" title=\"GSO&#039;NUN YILDIZLARI GAZI\u0307ANTEP 2022\" tabindex=\"0\">GSO'NUN YILDIZLARI GAZI\u0307ANTEP 2022<\/a>\t\t\t<\/h3>\n\t\t\t<a href=\"https:\/\/belkisyag.com\/tr\/news\/stars-of-gso-gaziantep-2022\/\" target=\"_self\">More information &#8594;<\/a>\t\t\n\t\t\t\t<img decoding=\"async\" src=\"https:\/\/belkisyag.com\/wp-content\/uploads\/2022\/09\/belkisLOGOyazisiz.png\" alt=\"belkisLOGOyaz\u0131s\u0131z\" itemprop=\"image\" height=\"1381\" width=\"2189\" title=\"belkisLOGOyaz\u0131s\u0131z\" onerror=\"this.style.display='none'\"  \/>\n\t\t\t\t<img decoding=\"async\" src=\"https:\/\/belkisyag.com\/wp-content\/uploads\/2024\/03\/paramyag.png\" alt=\"paramyag\" itemprop=\"image\" height=\"100\" width=\"259\" title=\"paramyag\" onerror=\"this.style.display='none'\"  \/>\n\t\t\t\t<img decoding=\"async\" src=\"https:\/\/belkisyag.com\/wp-content\/uploads\/2024\/03\/brcgs.jpg\" alt=\"brcgs\" itemprop=\"image\" height=\"148\" width=\"354\" title=\"brcgs\" onerror=\"this.style.display='none'\"  \/>\n<h4>\n\t\tHIZLI MEN\u00dc\n\t<\/h4>\n<h4>\n\t\t\u0130LET\u0130\u015e\u0130M\n\t<\/h4>\n\tContact us for your opinions and suggestions.<br \/>\nYou can communicate:\nPamyag Gida Sanayi Ticaret Anonim Sirketi Sekili Mah.<br \/>\nE-90 Karayolu \u00dczeri Cad. No: 19\/1<br \/>\n<strong>Nizip \/ GAZIANTEP \/ T\u00dcRKIYE<\/strong>\n<strong>E<\/strong>: info@pamyag.com<br \/>\n<strong>T<\/strong>: +90 (342) 545 20 20<br \/>\n<strong>F<\/strong>: +90 (342) 545 23 11\n\t<p>Copyright \u00a9 2024, Pamyag G\u0131da San. Tic. A.S. All Rights Reserved.<\/p>","protected":false},"excerpt":{"rendered":"<p>Exhibition SAUDIFOOD SHOW 2024 More [&hellip;]<\/p>","protected":false},"author":14,"featured_media":0,"parent":0,"menu_order":0,"comment_status":"closed","ping_status":"closed","template":"","meta":{"_uag_custom_page_level_css":"","site-sidebar-layout":"no-sidebar","site-content-layout":"","ast-site-content-layout":"full-width-container","site-content-style":"default","site-sidebar-style":"default","ast-global-header-display":"","ast-banner-title-visibility":"","ast-main-header-display":"","ast-hfb-above-header-display":"","ast-hfb-below-header-display":"","ast-hfb-mobile-header-display":"","site-post-title":"disabled","ast-breadcrumbs-content":"","ast-featured-img":"disabled","footer-sml-layout":"","theme-transparent-header-meta":"default","adv-header-id-meta":"","stick-header-meta":"default","header-above-stick-meta":"","header-main-stick-meta":"","header-below-stick-meta":"","astra-migrate-meta-layouts":"set","ast-page-background-enabled":"default","ast-page-background-meta":{"desktop":{"background-color":"var(--ast-global-color-4)","background-image":"","background-repeat":"repeat","background-position":"center center","background-size":"auto","background-attachment":"scroll","background-type":"","background-media":"","overlay-type":"","overlay-color":"","overlay-gradient":""},"tablet":{"background-color":"","background-image":"","background-repeat":"repeat","background-position":"center center","background-size":"auto","background-attachment":"scroll","background-type":"","background-media":"","overlay-type":"","overlay-color":"","overlay-gradient":""},"mobile":{"background-color":"","background-image":"","background-repeat":"repeat","background-position":"center center","background-size":"auto","background-attachment":"scroll","background-type":"","background-media":"","overlay-type":"","overlay-color":"","overlay-gradient":""}},"ast-content-background-meta":{"desktop":{"background-color":"var(--ast-global-color-5)","background-image":"","background-repeat":"repeat","background-position":"center center","background-size":"auto","background-attachment":"scroll","background-type":"","background-media":"","overlay-type":"","overlay-color":"","overlay-gradient":""},"tablet":{"background-color":"var(--ast-global-color-5)","background-image":"","background-repeat":"repeat","background-position":"center center","background-size":"auto","background-attachment":"scroll","background-type":"","background-media":"","overlay-type":"","overlay-color":"","overlay-gradient":""},"mobile":{"background-color":"var(--ast-global-color-5)","background-image":"","background-repeat":"repeat","background-position":"center center","background-size":"auto","background-attachment":"scroll","background-type":"","background-media":"","overlay-type":"","overlay-color":"","overlay-gradient":""}},"footnotes":""},"class_list":["post-3301","page","type-page","status-publish","hentry"],"uagb_featured_image_src":{"full":false,"thumbnail":false,"medium":false,"medium_large":false,"large":false,"1536x1536":false,"2048x2048":false,"trp-custom-language-flag":false},"uagb_author_info":{"display_name":"Ali Bard\u0131z","author_link":"https:\/\/belkisyag.com\/tr\/author\/ali"},"uagb_comment_info":0,"uagb_excerpt":"Exhibition SAUDIFOOD SHOW 2024 More [&hellip;]","_links":{"self":[{"href":"https:\/\/belkisyag.com\/tr\/wp-json\/wp\/v2\/pages\/3301","targetHints":{"allow":["GET"]}}],"collection":[{"href":"https:\/\/belkisyag.com\/tr\/wp-json\/wp\/v2\/pages"}],"about":[{"href":"https:\/\/belkisyag.com\/tr\/wp-json\/wp\/v2\/types\/page"}],"author":[{"embeddable":true,"href":"https:\/\/belkisyag.com\/tr\/wp-json\/wp\/v2\/users\/14"}],"replies":[{"embeddable":true,"href":"https:\/\/belkisyag.com\/tr\/wp-json\/wp\/v2\/comments?post=3301"}],"version-history":[{"count":12,"href":"https:\/\/belkisyag.com\/tr\/wp-json\/wp\/v2\/pages\/3301\/revisions"}],"predecessor-version":[{"id":3737,"href":"https:\/\/belkisyag.com\/tr\/wp-json\/wp\/v2\/pages\/3301\/revisions\/3737"}],"wp:attachment":[{"href":"https:\/\/belkisyag.com\/tr\/wp-json\/wp\/v2\/media?parent=3301"}],"curies":[{"name":"wp","href":"https:\/\/api.w.org\/{rel}","templated":true}]}}