{"id":3286,"date":"2024-03-28T10:29:34","date_gmt":"2024-03-28T07:29:34","guid":{"rendered":"https:\/\/belkisyag.com\/?page_id=3286"},"modified":"2024-04-17T14:21:25","modified_gmt":"2024-04-17T11:21:25","slug":"production","status":"publish","type":"page","link":"https:\/\/belkisyag.com\/tr\/production","title":{"rendered":"\u00dcretim"},"content":{"rendered":"<h1>\n\t\t\u00dcretim\n\t<\/h1>\n\t\t\t\t<a\n\t\t\thref=\"https:\/\/belkisyag.com\/wp-content\/uploads\/2024\/03\/uretim_resim_3.jpg\"\n\t\t\t\t\t\tdata-fancybox=\"images\" \n\t\t\ttitle=\"uretim_resim_3\" \n\t\t\t\t\t\tdata-caption=\"\"\n\t\t\t\t\t\tdata-description=\"\" \n\t\t\titemprop=\"contentUrl\">\n\t\t\t<img decoding=\"async\" src=\"https:\/\/belkisyag.com\/wp-content\/uploads\/2024\/03\/uretim_resim_3.jpg\" alt=\"\" data-no-lazy=\"1\" itemprop=\"thumbnail\" width=\"983\" height=\"533\" \/>\n\t\t\t<!-- Overlay Wrapper -->\n\t\t\t <!-- Overlay Wrapper Closed -->\n\t\t\t\t<\/a>\n\t\t\t\t\t\t\t<meta itemprop=\"width\" content=\"983\" \/>\n\t\t\t<meta itemprop=\"height\" content=\"533\" \/>\n\t\t\t\t<a\n\t\t\thref=\"https:\/\/belkisyag.com\/wp-content\/uploads\/2024\/03\/uretim_resim_2-1024x683.jpg\"\n\t\t\t\t\t\tdata-fancybox=\"images\" \n\t\t\ttitle=\"uretim_resim_2\" \n\t\t\t\t\t\tdata-caption=\"\"\n\t\t\t\t\t\tdata-description=\"\" \n\t\t\titemprop=\"contentUrl\">\n\t\t\t<img decoding=\"async\" src=\"https:\/\/belkisyag.com\/wp-content\/uploads\/2024\/03\/uretim_resim_2-1024x683.jpg\" alt=\"\" data-no-lazy=\"1\" itemprop=\"thumbnail\" width=\"1024\" height=\"683\" \/>\n\t\t\t<!-- Overlay Wrapper -->\n\t\t\t <!-- Overlay Wrapper Closed -->\n\t\t\t\t<\/a>\n\t\t\t\t\t\t\t<meta itemprop=\"width\" content=\"1024\" \/>\n\t\t\t<meta itemprop=\"height\" content=\"683\" \/>\n\t\t\t\t<a\n\t\t\thref=\"https:\/\/belkisyag.com\/wp-content\/uploads\/2024\/03\/uretim_resim_4.jpg\"\n\t\t\t\t\t\tdata-fancybox=\"images\" \n\t\t\ttitle=\"uretim_resim_4\" \n\t\t\t\t\t\tdata-caption=\"\"\n\t\t\t\t\t\tdata-description=\"\" \n\t\t\titemprop=\"contentUrl\">\n\t\t\t<img decoding=\"async\" src=\"https:\/\/belkisyag.com\/wp-content\/uploads\/2024\/03\/uretim_resim_4.jpg\" alt=\"\" data-no-lazy=\"1\" itemprop=\"thumbnail\" width=\"978\" height=\"492\" \/>\n\t\t\t<!-- Overlay Wrapper -->\n\t\t\t <!-- Overlay Wrapper Closed -->\n\t\t\t\t<\/a>\n\t\t\t\t\t\t\t<meta itemprop=\"width\" content=\"978\" \/>\n\t\t\t<meta itemprop=\"height\" content=\"492\" \/>\n\t\t\t\t<a\n\t\t\thref=\"https:\/\/belkisyag.com\/wp-content\/uploads\/2024\/03\/uretim_resim_1.jpg\"\n\t\t\t\t\t\tdata-fancybox=\"images\" \n\t\t\ttitle=\"uretim_resim_1\" \n\t\t\t\t\t\tdata-caption=\"\"\n\t\t\t\t\t\tdata-description=\"\" \n\t\t\titemprop=\"contentUrl\">\n\t\t\t<img decoding=\"async\" src=\"https:\/\/belkisyag.com\/wp-content\/uploads\/2024\/03\/uretim_resim_1.jpg\" alt=\"\" data-no-lazy=\"1\" itemprop=\"thumbnail\" width=\"1018\" height=\"508\" \/>\n\t\t\t<!-- Overlay Wrapper -->\n\t\t\t <!-- Overlay Wrapper Closed -->\n\t\t\t\t<\/a>\n\t\t\t\t\t\t\t<meta itemprop=\"width\" content=\"1018\" \/>\n\t\t\t<meta itemprop=\"height\" content=\"508\" \/>\n\t<p>\u015eirketimiz, \u00fcretimde kalite standartlar\u0131n\u0131 \u00f6n planda tutmay\u0131 ilke edinmi\u015f olup bu ba\u011flamda Gaziantep \u00dcniversitesi ile i\u015fbirli\u011fi i\u00e7erisinde ara\u015ft\u0131rma geli\u015ftirme faaliyetlerine ba\u015flam\u0131\u015f ve b\u00fcnyesinde iyi donan\u0131ml\u0131 bir laboratuvar kurmu\u015ftur.<\/p>\n<p>By virtue of this, quality control at every step of the production can be made healthily. Our company has a sunflower seed oil production capacity of 90,000 ton\/year and offers its products under brand &#8220;BELKIS&#8221;.<\/p>\n<p>Bunun yan\u0131 s\u0131ra, \u00fcretim s\u00fcre\u00e7lerinde olu\u015fan k\u00fcspe ile hayvanc\u0131l\u0131k sekt\u00f6r\u00fc ve hayvan yeti\u015ftiricilerine \u00fcr\u00fcn sa\u011flamaktad\u0131r. \u00c7a\u011f\u0131n gereklili\u011fi olan son teknolojileri takip ederek b\u00fcnyesine entegre etmektedir.<\/p>\n<p>Bu ba\u011flamda, bir ekstraksiyon tesisi kurulmu\u015ftur. Ekstraksiyon sistemimiz g\u00fcnl\u00fck 350 ton ay\u00e7i\u00e7ek \u00e7ekirde\u011fi i\u015fleme kapasitesine sahip olup ham ay\u00e7i\u00e7ek ya\u011f\u0131 ve ay\u00e7i\u00e7ek \u00e7ekirde\u011fi k\u00fcspe \u00fcretimi yapmaktad\u0131r.<\/p>\n<p>B\u00f6ylelikle, g\u00fcnl\u00fck 350 ton rafine ay\u00e7i\u00e7ek ya\u011f\u0131 i\u015fleme ve paketleme kapasitesine ula\u015fm\u0131\u015ft\u0131r. Sonu\u00e7 olarak, b\u00f6lgede tohumdan rafine yemeklik ya\u011f \u00fcreten ilk ve tek firma olma \u015ferefine sahip bulunmaktay\u0131z.<\/p>\n\t\t\t\t<img decoding=\"async\" src=\"https:\/\/belkisyag.com\/wp-content\/uploads\/2024\/03\/belkis_logo.png\" alt=\"belkis_logo\" itemprop=\"image\" height=\"285\" width=\"453\" title=\"belkis_logo\" onerror=\"this.style.display='none'\"  \/>\n\t\t\t\t<img decoding=\"async\" src=\"https:\/\/belkisyag.com\/wp-content\/uploads\/2024\/03\/paramyag.png\" alt=\"paramyag\" itemprop=\"image\" height=\"100\" width=\"259\" title=\"paramyag\" onerror=\"this.style.display='none'\"  \/>\n\t\t\t\t<img decoding=\"async\" src=\"https:\/\/belkisyag.com\/wp-content\/uploads\/2024\/03\/brcgs.jpg\" alt=\"brcgs\" itemprop=\"image\" height=\"148\" width=\"354\" title=\"brcgs\" onerror=\"this.style.display='none'\"  \/>\n<h4>\n\t\tHIZLI MEN\u00dc\n\t<\/h4>\n<h4>\n\t\t\u0130LET\u0130\u015e\u0130M\n\t<\/h4>\n\tContact us for your opinions and suggestions.<br \/>\nYou can communicate:\nPamyag Gida Sanayi Ticaret Anonim Sirketi Sekili Mah.<br \/>\nE-90 Karayolu \u00dczeri Cad. No: 19\/1<br \/>\n<strong>Nizip \/ GAZIANTEP \/ T\u00dcRKIYE<\/strong>\n<strong>E<\/strong>: info@pamyag.com<br \/>\n<strong>T<\/strong>: +90 (342) 545 20 20<br \/>\n<strong>F<\/strong>: +90 (342) 545 23 11\n\t<p>Copyright \u00a9 2024, Pamyag G\u0131da San. Tic. A.S. T\u00fcm Haklar Sakl\u0131d\u0131r.<\/p>","protected":false},"excerpt":{"rendered":"<p>Production Our company has adopted [&hellip;]<\/p>","protected":false},"author":14,"featured_media":0,"parent":0,"menu_order":0,"comment_status":"closed","ping_status":"closed","template":"","meta":{"_uag_custom_page_level_css":"","site-sidebar-layout":"no-sidebar","site-content-layout":"","ast-site-content-layout":"full-width-container","site-content-style":"default","site-sidebar-style":"default","ast-global-header-display":"","ast-banner-title-visibility":"","ast-main-header-display":"","ast-hfb-above-header-display":"","ast-hfb-below-header-display":"","ast-hfb-mobile-header-display":"","site-post-title":"disabled","ast-breadcrumbs-content":"","ast-featured-img":"disabled","footer-sml-layout":"","theme-transparent-header-meta":"default","adv-header-id-meta":"","stick-header-meta":"default","header-above-stick-meta":"","header-main-stick-meta":"","header-below-stick-meta":"","astra-migrate-meta-layouts":"set","ast-page-background-enabled":"default","ast-page-background-meta":{"desktop":{"background-color":"var(--ast-global-color-4)","background-image":"","background-repeat":"repeat","background-position":"center center","background-size":"auto","background-attachment":"scroll","background-type":"","background-media":"","overlay-type":"","overlay-color":"","overlay-gradient":""},"tablet":{"background-color":"","background-image":"","background-repeat":"repeat","background-position":"center center","background-size":"auto","background-attachment":"scroll","background-type":"","background-media":"","overlay-type":"","overlay-color":"","overlay-gradient":""},"mobile":{"background-color":"","background-image":"","background-repeat":"repeat","background-position":"center center","background-size":"auto","background-attachment":"scroll","background-type":"","background-media":"","overlay-type":"","overlay-color":"","overlay-gradient":""}},"ast-content-background-meta":{"desktop":{"background-color":"var(--ast-global-color-5)","background-image":"","background-repeat":"repeat","background-position":"center center","background-size":"auto","background-attachment":"scroll","background-type":"","background-media":"","overlay-type":"","overlay-color":"","overlay-gradient":""},"tablet":{"background-color":"var(--ast-global-color-5)","background-image":"","background-repeat":"repeat","background-position":"center center","background-size":"auto","background-attachment":"scroll","background-type":"","background-media":"","overlay-type":"","overlay-color":"","overlay-gradient":""},"mobile":{"background-color":"var(--ast-global-color-5)","background-image":"","background-repeat":"repeat","background-position":"center center","background-size":"auto","background-attachment":"scroll","background-type":"","background-media":"","overlay-type":"","overlay-color":"","overlay-gradient":""}},"footnotes":""},"class_list":["post-3286","page","type-page","status-publish","hentry"],"uagb_featured_image_src":{"full":false,"thumbnail":false,"medium":false,"medium_large":false,"large":false,"1536x1536":false,"2048x2048":false,"trp-custom-language-flag":false},"uagb_author_info":{"display_name":"Ali Bard\u0131z","author_link":"https:\/\/belkisyag.com\/tr\/author\/ali"},"uagb_comment_info":0,"uagb_excerpt":"Production Our company has adopted [&hellip;]","_links":{"self":[{"href":"https:\/\/belkisyag.com\/tr\/wp-json\/wp\/v2\/pages\/3286","targetHints":{"allow":["GET"]}}],"collection":[{"href":"https:\/\/belkisyag.com\/tr\/wp-json\/wp\/v2\/pages"}],"about":[{"href":"https:\/\/belkisyag.com\/tr\/wp-json\/wp\/v2\/types\/page"}],"author":[{"embeddable":true,"href":"https:\/\/belkisyag.com\/tr\/wp-json\/wp\/v2\/users\/14"}],"replies":[{"embeddable":true,"href":"https:\/\/belkisyag.com\/tr\/wp-json\/wp\/v2\/comments?post=3286"}],"version-history":[{"count":6,"href":"https:\/\/belkisyag.com\/tr\/wp-json\/wp\/v2\/pages\/3286\/revisions"}],"predecessor-version":[{"id":3570,"href":"https:\/\/belkisyag.com\/tr\/wp-json\/wp\/v2\/pages\/3286\/revisions\/3570"}],"wp:attachment":[{"href":"https:\/\/belkisyag.com\/tr\/wp-json\/wp\/v2\/media?parent=3286"}],"curies":[{"name":"wp","href":"https:\/\/api.w.org\/{rel}","templated":true}]}}