{"id":2132,"date":"2022-09-20T14:33:19","date_gmt":"2022-09-20T14:33:19","guid":{"rendered":"https:\/\/belkisyag.com\/?page_id=2132"},"modified":"2024-04-16T20:47:22","modified_gmt":"2024-04-16T17:47:22","slug":"index","status":"publish","type":"page","link":"https:\/\/belkisyag.com\/tr\/","title":{"rendered":"ANA SAYFA"},"content":{"rendered":"<h2>\n\t\t<a href=\"https:\/\/belkisyag.com\/tr\/products\/sunflower-oil\/\" title=\"AY\u00c7\u0130\u00c7E\u011e\u0130 YA\u011eI\" target=\"_self\" rel=\"noopener\">\n\t\tAY\u00c7\u0130\u00c7E\u011e\u0130 YA\u011eI\n\t\t<\/a>\n\t<\/h2>\n<h2>\n\t\t<a href=\"https:\/\/belkisyag.com\/tr\/products\/vegetable-ghee\/\" title=\"B\u0130TK\u0130SEL YA\u011e\" target=\"_self\" rel=\"noopener\">\n\t\tB\u0130TK\u0130SEL YA\u011e\n\t\t<\/a>\n\t<\/h2>\n<h2>\n\t\t<a href=\"https:\/\/belkisyag.com\/tr\/products\/industrial-margarine\/\" title=\"END\u00dcSTR\u0130YEL MARGAR\u0130N\" target=\"_self\" rel=\"noopener\">\n\t\tEND\u00dcSTR\u0130YEL MARGAR\u0130N\n\t\t<\/a>\n\t<\/h2>\n\tIn the research organized<br \/>\nby ISO Turkey in 2022,<br \/>\nwe managed to rank 379th among;<br \/>\nTurkey&#8217;s 500 largest organizations.\n\t\t\t\t<img decoding=\"async\" src=\"https:\/\/belkisyag.com\/wp-content\/uploads\/2024\/03\/iso.png\" alt=\"iso\" itemprop=\"image\" height=\"309\" width=\"309\" title=\"iso\" onerror=\"this.style.display='none'\"  \/>\n\t\t\t\t<img decoding=\"async\" src=\"https:\/\/belkisyag.com\/wp-content\/uploads\/2024\/03\/ara_banner-scaled.jpg\" alt=\"ara_banner\" itemprop=\"image\" height=\"107\" width=\"2560\" title=\"ara_banner\" onerror=\"this.style.display='none'\"  \/>\n\t\t\t\t<img decoding=\"async\" src=\"https:\/\/belkisyag.com\/wp-content\/uploads\/2024\/03\/ara_fabrika-scaled.jpg\" alt=\"ara_fabrika\" itemprop=\"image\" height=\"672\" width=\"2560\" title=\"ara_fabrika\" onerror=\"this.style.display='none'\"  \/>\n\t\t\t\t<a href=\"https:\/\/belkisyag.com\/tr\/news\/\" target=\"_self\" title=\"news\" data-caption=\"\" data-description=\"\" itemprop=\"contentUrl\" rel=\"noopener\">\n\t\t\t<img decoding=\"async\" src=\"https:\/\/belkisyag.com\/wp-content\/uploads\/2024\/03\/news.jpg\" alt=\"\" data-no-lazy=\"1\" itemprop=\"thumbnail\" width=\"745\" height=\"745\" \/>\n\t\t\t<!-- Overlay Wrapper -->\n\t\t\t <!-- Overlay Wrapper Closed -->\n\t\t\t\t<\/a>\n\t\t\t\t\t\t\t<meta itemprop=\"width\" content=\"745\" \/>\n\t\t\t<meta itemprop=\"height\" content=\"745\" \/>\n\t\t\t\t<a href=\"https:\/\/belkisyag.com\/tr\/sunflower-oil-benefits\/\" target=\"_self\" title=\"sunflower_oil_benefits\" data-caption=\"\" data-description=\"\" itemprop=\"contentUrl\" rel=\"noopener\">\n\t\t\t<img decoding=\"async\" src=\"https:\/\/belkisyag.com\/wp-content\/uploads\/2024\/03\/sunflower_oil_benefits.jpg\" alt=\"\" data-no-lazy=\"1\" itemprop=\"thumbnail\" width=\"745\" height=\"745\" \/>\n\t\t\t<!-- Overlay Wrapper -->\n\t\t\t <!-- Overlay Wrapper Closed -->\n\t\t\t\t<\/a>\n\t\t\t\t\t\t\t<meta itemprop=\"width\" content=\"745\" \/>\n\t\t\t<meta itemprop=\"height\" content=\"745\" \/>\n\t\t\t\t<a href=\"https:\/\/belkisyag.com\/tr\/recipes\/\" target=\"_self\" title=\"recipes\" data-caption=\"\" data-description=\"\" itemprop=\"contentUrl\" rel=\"noopener\">\n\t\t\t<img decoding=\"async\" src=\"https:\/\/belkisyag.com\/wp-content\/uploads\/2024\/03\/recipes.jpg\" alt=\"\" data-no-lazy=\"1\" itemprop=\"thumbnail\" width=\"745\" height=\"745\" \/>\n\t\t\t<!-- Overlay Wrapper -->\n\t\t\t <!-- Overlay Wrapper Closed -->\n\t\t\t\t<\/a>\n\t\t\t\t\t\t\t<meta itemprop=\"width\" content=\"745\" \/>\n\t\t\t<meta itemprop=\"height\" content=\"745\" \/>\n\t\t\t\t<img decoding=\"async\" src=\"https:\/\/belkisyag.com\/wp-content\/uploads\/2024\/03\/ara_resim.jpg\" alt=\"ara_resim\" itemprop=\"image\" height=\"314\" width=\"2544\" title=\"ara_resim\" onerror=\"this.style.display='none'\"  \/>\n\t\t\t\t<img decoding=\"async\" src=\"https:\/\/belkisyag.com\/wp-content\/uploads\/2024\/03\/belkis_logo.png\" alt=\"belkis_logo\" itemprop=\"image\" height=\"285\" width=\"453\" title=\"belkis_logo\" onerror=\"this.style.display='none'\"  \/>\n\t\t\t\t<img decoding=\"async\" src=\"https:\/\/belkisyag.com\/wp-content\/uploads\/2024\/03\/paramyag.png\" alt=\"paramyag\" itemprop=\"image\" height=\"100\" width=\"259\" title=\"paramyag\" onerror=\"this.style.display='none'\"  \/>\n\t\t\t\t<img decoding=\"async\" src=\"https:\/\/belkisyag.com\/wp-content\/uploads\/2024\/03\/brcgs.jpg\" alt=\"brcgs\" itemprop=\"image\" height=\"148\" width=\"354\" title=\"brcgs\" onerror=\"this.style.display='none'\"  \/>\n<h4>\n\t\tHIZLI MEN\u00dc\n\t<\/h4>\n<h4>\n\t\t\u0130LET\u0130\u015e\u0130M\n\t<\/h4>\n\tContact us for your opinions and suggestions.<br \/>\nYou can communicate:\nPamyag Gida Sanayi Ticaret Anonim Sirketi Sekili Mah.<br \/>\nE-90 Karayolu \u00dczeri Cad. No: 19\/1<br \/>\n<strong>Nizip \/ GAZIANTEP \/ T\u00dcRKIYE<\/strong>\n<strong>E<\/strong>: info@pamyag.com<br \/>\n<strong>T<\/strong>: +90 (342) 545 20 20<br \/>\n<strong>F<\/strong>: +90 (342) 545 23 11\n\t<p>Copyright \u00a9 2024, Pamyag G\u0131da San. Tic. A.S. T\u00fcm Haklar Sakl\u0131d\u0131r.<\/p>","protected":false},"excerpt":{"rendered":"<p>Sunflower Oil Vegetable Ghee Industrial [&hellip;]<\/p>","protected":false},"author":13,"featured_media":0,"parent":0,"menu_order":0,"comment_status":"closed","ping_status":"closed","template":"","meta":{"_uag_custom_page_level_css":"","site-sidebar-layout":"no-sidebar","site-content-layout":"page-builder","ast-site-content-layout":"full-width-container","site-content-style":"unboxed","site-sidebar-style":"unboxed","ast-global-header-display":"","ast-banner-title-visibility":"","ast-main-header-display":"","ast-hfb-above-header-display":"","ast-hfb-below-header-display":"","ast-hfb-mobile-header-display":"","site-post-title":"disabled","ast-breadcrumbs-content":"","ast-featured-img":"disabled","footer-sml-layout":"","theme-transparent-header-meta":"default","adv-header-id-meta":"","stick-header-meta":"default","header-above-stick-meta":"","header-main-stick-meta":"","header-below-stick-meta":"","astra-migrate-meta-layouts":"set","ast-page-background-enabled":"default","ast-page-background-meta":{"desktop":{"background-color":"var(--ast-global-color-4)","background-image":"","background-repeat":"repeat","background-position":"center center","background-size":"auto","background-attachment":"scroll","background-type":"","background-media":"","overlay-type":"","overlay-color":"","overlay-gradient":""},"tablet":{"background-color":"","background-image":"","background-repeat":"repeat","background-position":"center center","background-size":"auto","background-attachment":"scroll","background-type":"","background-media":"","overlay-type":"","overlay-color":"","overlay-gradient":""},"mobile":{"background-color":"","background-image":"","background-repeat":"repeat","background-position":"center center","background-size":"auto","background-attachment":"scroll","background-type":"","background-media":"","overlay-type":"","overlay-color":"","overlay-gradient":""}},"ast-content-background-meta":{"desktop":{"background-color":"var(--ast-global-color-5)","background-image":"","background-repeat":"repeat","background-position":"center center","background-size":"auto","background-attachment":"scroll","background-type":"","background-media":"","overlay-type":"","overlay-color":"","overlay-gradient":""},"tablet":{"background-color":"var(--ast-global-color-5)","background-image":"","background-repeat":"repeat","background-position":"center center","background-size":"auto","background-attachment":"scroll","background-type":"","background-media":"","overlay-type":"","overlay-color":"","overlay-gradient":""},"mobile":{"background-color":"var(--ast-global-color-5)","background-image":"","background-repeat":"repeat","background-position":"center center","background-size":"auto","background-attachment":"scroll","background-type":"","background-media":"","overlay-type":"","overlay-color":"","overlay-gradient":""}},"footnotes":""},"class_list":["post-2132","page","type-page","status-publish","hentry"],"uagb_featured_image_src":{"full":false,"thumbnail":false,"medium":false,"medium_large":false,"large":false,"1536x1536":false,"2048x2048":false,"trp-custom-language-flag":false},"uagb_author_info":{"display_name":"Bora Y\u0131ld\u0131r\u0131m","author_link":"https:\/\/belkisyag.com\/tr\/author\/bora"},"uagb_comment_info":0,"uagb_excerpt":"Sunflower Oil Vegetable Ghee Industrial [&hellip;]","_links":{"self":[{"href":"https:\/\/belkisyag.com\/tr\/wp-json\/wp\/v2\/pages\/2132","targetHints":{"allow":["GET"]}}],"collection":[{"href":"https:\/\/belkisyag.com\/tr\/wp-json\/wp\/v2\/pages"}],"about":[{"href":"https:\/\/belkisyag.com\/tr\/wp-json\/wp\/v2\/types\/page"}],"author":[{"embeddable":true,"href":"https:\/\/belkisyag.com\/tr\/wp-json\/wp\/v2\/users\/13"}],"replies":[{"embeddable":true,"href":"https:\/\/belkisyag.com\/tr\/wp-json\/wp\/v2\/comments?post=2132"}],"version-history":[{"count":12,"href":"https:\/\/belkisyag.com\/tr\/wp-json\/wp\/v2\/pages\/2132\/revisions"}],"predecessor-version":[{"id":3557,"href":"https:\/\/belkisyag.com\/tr\/wp-json\/wp\/v2\/pages\/2132\/revisions\/3557"}],"wp:attachment":[{"href":"https:\/\/belkisyag.com\/tr\/wp-json\/wp\/v2\/media?parent=2132"}],"curies":[{"name":"wp","href":"https:\/\/api.w.org\/{rel}","templated":true}]}}