{"id":2023,"date":"2022-09-19T17:44:30","date_gmt":"2022-09-19T17:44:30","guid":{"rendered":"https:\/\/belkisyag.com\/?page_id=2023"},"modified":"2025-01-23T11:34:13","modified_gmt":"2025-01-23T08:34:13","slug":"about-pamyag","status":"publish","type":"page","link":"https:\/\/belkisyag.com\/tr\/about-pamyag","title":{"rendered":"PAMYA\u011e HAKKINDA"},"content":{"rendered":"<h1>\n\t\tPAMYA\u011e HAKKINDA\n\t<\/h1>\n\t<p><img decoding=\"async\" src=\"https:\/\/belkisyag.com\/wp-content\/uploads\/2024\/03\/ara_fabrika-1024x269.jpg\" alt=\"\" width=\"1024\" height=\"269\" \/>1996 y\u0131l\u0131nda kurulan Pamya\u011f, faaliyetlerine pamuk \u00e7ekirde\u011finden ham pamuk ya\u011f\u0131 ve k\u00fcspe \u00fcretimiyle ba\u015flam\u0131\u015ft\u0131r. Rafineri tesisini 1998 y\u0131l\u0131nda kurmas\u0131n\u0131n ard\u0131ndan n\u00f6tr pamuk ya\u011f\u0131 ve rafine yemeklik ya\u011f \u00fcretimine ba\u015flam\u0131\u015ft\u0131r.<\/p>\n<p>&nbsp;<\/p>\n<p>As of this date, it took its place in the refined food oil sector with its own brand &#8220;BELKIS&#8221; It has been increasing its production capacity with its new machinery of plastic bloating, filling and packing that were purchased from abroad and up country in 2014. We have been working to make our &#8220;BELKIS&#8221; branded products with TS EN ISO 9001 quality management system certificate, TS EN ISO 22000 food safety management system certificate, BRC AA+ certificate, Halal and TSE certificate become a worldwide leading and preferred brand in accordance with vision, mission and quality policy of our company.<\/p>\n<p><img decoding=\"async\" src=\"https:\/\/belkisyag.com\/wp-content\/uploads\/2024\/03\/hakkimizda_resim-300x194.jpg\" alt=\"\" width=\"300\" height=\"194\" \/>Bu \u00e7er\u00e7evede \u00fcretim s\u00fcre\u00e7lerimizi iyile\u015ftirmek ve hedef pazar\u0131m\u0131za ula\u015fmak i\u00e7in t\u00fcm \u00e7al\u0131\u015fmalar\u0131m\u0131zda kaliteli ve sa\u011fl\u0131kl\u0131 alt ve nihai \u00fcr\u00fcnler \u00fcretmeyi benimsedik. M\u00fc\u015fteri memnuniyetini sa\u011flaman\u0131n yan\u0131 s\u0131ra insan kaynaklar\u0131n\u0131n geli\u015fimini de misyon edinerek g\u00fc\u00e7l\u00fc bir kadro ile geli\u015fiyoruz. \u00dcr\u00fcn ve hizmet kalitesi ile m\u00fc\u015fteri ve \u00e7al\u0131\u015fan memnuniyetini \u00f6nemserken, \u00e7evreye kar\u015f\u0131 sorumlulu\u011fumuzu da \u00f6nemsiyoruz. Bu kapsamda \u00fcretim s\u00fcrecinde ortaya \u00e7\u0131kan at\u0131klar\u0131n geri d\u00f6n\u00fc\u015f\u00fcm\u00fc i\u00e7in ar\u0131tma ve geri d\u00f6n\u00fc\u015f\u00fcm tesisi kurulmu\u015ftur. Bu sayede sa\u011fl\u0131kl\u0131 ve kaliteli \u00fcr\u00fcnler sunman\u0131n yan\u0131 s\u0131ra \u00e7evreye duyarl\u0131 bir \u015firket olarak \u00e7al\u0131\u015f\u0131yoruz.<\/p>\n<p>&nbsp;<\/p>\n<h2><strong>Misyonumuz<\/strong><\/h2>\n<p>Y\u00fcksek kaliteli bitkisel ya\u011flar\u0131 etik de\u011ferler ve do\u011fru \u00fcretim ilkeleriyle \u00fcreterek, m\u00fc\u015fterilerimize g\u00fcvenilir ve lezzetli \u00fcr\u00fcnler sunuyoruz.<\/p>\n<h2><strong>Vizyonumuz<\/strong><\/h2>\n<p>Her damlas\u0131n\u0131 \u00f6zenle \u00fcretti\u011fimiz bitkisel ya\u011flar\u0131m\u0131z\u0131 t\u00fcketicilerle bulu\u015fturup sofralar\u0131n en \u00e7ok tercih edilen markas\u0131 olmak.<\/p>\n\t\t\t\t<img decoding=\"async\" src=\"https:\/\/belkisyag.com\/wp-content\/uploads\/2022\/09\/belkisLOGOyazisiz.png\" alt=\"belkisLOGOyaz\u0131s\u0131z\" itemprop=\"image\" height=\"1381\" width=\"2189\" title=\"belkisLOGOyaz\u0131s\u0131z\" onerror=\"this.style.display='none'\"  \/>\n\t\t\t\t<img decoding=\"async\" src=\"https:\/\/belkisyag.com\/wp-content\/uploads\/2024\/03\/paramyag.png\" alt=\"paramyag\" itemprop=\"image\" height=\"100\" width=\"259\" title=\"paramyag\" onerror=\"this.style.display='none'\"  \/>\n\t\t\t\t<img decoding=\"async\" src=\"https:\/\/belkisyag.com\/wp-content\/uploads\/2024\/03\/brcgs.jpg\" alt=\"brcgs\" itemprop=\"image\" height=\"148\" width=\"354\" title=\"brcgs\" onerror=\"this.style.display='none'\"  \/>\n<h4>\n\t\tHIZLI MEN\u00dc\n\t<\/h4>\n<h4>\n\t\t\u0130LET\u0130\u015e\u0130M\n\t<\/h4>\n\tContact us for your opinions and suggestions.<br \/>\nYou can communicate:\nPamyag Gida Sanayi Ticaret Anonim Sirketi Sekili Mah.<br \/>\nE-90 Karayolu \u00dczeri Cad. No: 19\/1<br \/>\n<strong>Nizip \/ GAZIANTEP \/ T\u00dcRKIYE<\/strong>\n<strong>E<\/strong>: info@pamyag.com<br \/>\n<strong>T<\/strong>: +90 (342) 545 20 20<br \/>\n<strong>F<\/strong>: +90 (342) 545 23 11\n\t<p>Copyright \u00a9 2024, Pamyag G\u0131da San. Tic. A.S. All Rights Reserved.<\/p>","protected":false},"excerpt":{"rendered":"<p>About Pamya\u011f Founded in 1996, [&hellip;]<\/p>","protected":false},"author":13,"featured_media":0,"parent":0,"menu_order":0,"comment_status":"closed","ping_status":"closed","template":"","meta":{"_uag_custom_page_level_css":"","site-sidebar-layout":"no-sidebar","site-content-layout":"","ast-site-content-layout":"full-width-container","site-content-style":"default","site-sidebar-style":"default","ast-global-header-display":"","ast-banner-title-visibility":"","ast-main-header-display":"","ast-hfb-above-header-display":"","ast-hfb-below-header-display":"","ast-hfb-mobile-header-display":"","site-post-title":"disabled","ast-breadcrumbs-content":"","ast-featured-img":"disabled","footer-sml-layout":"","theme-transparent-header-meta":"default","adv-header-id-meta":"","stick-header-meta":"default","header-above-stick-meta":"","header-main-stick-meta":"","header-below-stick-meta":"","astra-migrate-meta-layouts":"set","ast-page-background-enabled":"default","ast-page-background-meta":{"desktop":{"background-color":"var(--ast-global-color-4)","background-image":"","background-repeat":"repeat","background-position":"center center","background-size":"auto","background-attachment":"scroll","background-type":"","background-media":"","overlay-type":"","overlay-color":"","overlay-gradient":""},"tablet":{"background-color":"","background-image":"","background-repeat":"repeat","background-position":"center center","background-size":"auto","background-attachment":"scroll","background-type":"","background-media":"","overlay-type":"","overlay-color":"","overlay-gradient":""},"mobile":{"background-color":"","background-image":"","background-repeat":"repeat","background-position":"center center","background-size":"auto","background-attachment":"scroll","background-type":"","background-media":"","overlay-type":"","overlay-color":"","overlay-gradient":""}},"ast-content-background-meta":{"desktop":{"background-color":"var(--ast-global-color-5)","background-image":"","background-repeat":"repeat","background-position":"center center","background-size":"auto","background-attachment":"scroll","background-type":"","background-media":"","overlay-type":"","overlay-color":"","overlay-gradient":""},"tablet":{"background-color":"var(--ast-global-color-5)","background-image":"","background-repeat":"repeat","background-position":"center center","background-size":"auto","background-attachment":"scroll","background-type":"","background-media":"","overlay-type":"","overlay-color":"","overlay-gradient":""},"mobile":{"background-color":"var(--ast-global-color-5)","background-image":"","background-repeat":"repeat","background-position":"center center","background-size":"auto","background-attachment":"scroll","background-type":"","background-media":"","overlay-type":"","overlay-color":"","overlay-gradient":""}},"footnotes":""},"class_list":["post-2023","page","type-page","status-publish","hentry"],"uagb_featured_image_src":{"full":false,"thumbnail":false,"medium":false,"medium_large":false,"large":false,"1536x1536":false,"2048x2048":false,"trp-custom-language-flag":false},"uagb_author_info":{"display_name":"Bora Y\u0131ld\u0131r\u0131m","author_link":"https:\/\/belkisyag.com\/tr\/author\/bora"},"uagb_comment_info":0,"uagb_excerpt":"About Pamya\u011f Founded in 1996, [&hellip;]","_links":{"self":[{"href":"https:\/\/belkisyag.com\/tr\/wp-json\/wp\/v2\/pages\/2023","targetHints":{"allow":["GET"]}}],"collection":[{"href":"https:\/\/belkisyag.com\/tr\/wp-json\/wp\/v2\/pages"}],"about":[{"href":"https:\/\/belkisyag.com\/tr\/wp-json\/wp\/v2\/types\/page"}],"author":[{"embeddable":true,"href":"https:\/\/belkisyag.com\/tr\/wp-json\/wp\/v2\/users\/13"}],"replies":[{"embeddable":true,"href":"https:\/\/belkisyag.com\/tr\/wp-json\/wp\/v2\/comments?post=2023"}],"version-history":[{"count":12,"href":"https:\/\/belkisyag.com\/tr\/wp-json\/wp\/v2\/pages\/2023\/revisions"}],"predecessor-version":[{"id":3696,"href":"https:\/\/belkisyag.com\/tr\/wp-json\/wp\/v2\/pages\/2023\/revisions\/3696"}],"wp:attachment":[{"href":"https:\/\/belkisyag.com\/tr\/wp-json\/wp\/v2\/media?parent=2023"}],"curies":[{"name":"wp","href":"https:\/\/api.w.org\/{rel}","templated":true}]}}