{"id":3469,"date":"2024-04-02T12:08:00","date_gmt":"2024-04-02T09:08:00","guid":{"rendered":"https:\/\/belkisyag.com\/?page_id=3469"},"modified":"2024-04-02T19:53:04","modified_gmt":"2024-04-02T16:53:04","slug":"sunflower-oil-benefits","status":"publish","type":"page","link":"https:\/\/belkisyag.com\/ar\/sunflower-oil-benefits","title":{"rendered":"SUNFLOWER OIL BENEFITS"},"content":{"rendered":"<h1>\n\t\t\u0641\u0648\u0627\u0626\u062f \u0632\u064a\u062a \u062f\u0648\u0627\u0631 \u0627\u0644\u0634\u0645\u0633\n\t<\/h1>\n\t<p>1- The fatty acids found in sunflower oil are favorable, including a significant amount of linoleic acid (an omega-6 fatty acid) found in sunflower oil. Although omega-6 fatty acids are often thought of as &#8220;bad&#8221; cholesterol, they are still very important for the body. It is very important to have a healthy balance of good cholesterol (omega-3) and bad cholesterol. Sunflower oil does not contain saturated fat, which means it can actually reduce the overall cholesterol content of the body.<\/p>\n<p>2- Research has shown that sunflower oil is a solution to the fungal disease (Tinea pedis) known as athlete&#8217;s foot. Athlete&#8217;s foot is a fungal infection that starts between the toes. And topical application of sunflower oil helps as a cure to prevent its spread.<\/p>\n<p>3- \u064a\u0642\u0644\u0644 \u0632\u064a\u062a \u062f\u0648\u0627\u0631 \u0627\u0644\u0634\u0645\u0633 \u0645\u0646 \u062e\u0637\u0631 \u0627\u0644\u0625\u0635\u0627\u0628\u0629 \u0628\u0627\u0646\u0633\u062f\u0627\u062f \u0627\u0644\u0623\u0648\u0639\u064a\u0629 \u0627\u0644\u062f\u0645\u0648\u064a\u0629 (\u062a\u0635\u0644\u0628 \u0627\u0644\u0634\u0631\u0627\u064a\u064a\u0646). \u064a\u0624\u062f\u064a \u0647\u0630\u0627 \u0627\u0644\u0627\u0646\u0633\u062f\u0627\u062f \u0625\u0644\u0649 \u0631\u0641\u0639 \u0636\u063a\u0637 \u0627\u0644\u062f\u0645 \u0648\u0632\u064a\u0627\u062f\u0629 \u062e\u0637\u0631 \u0627\u0644\u0625\u0635\u0627\u0628\u0629 \u0628\u0646\u0648\u0628\u0629 \u0642\u0644\u0628\u064a\u0629 \u0623\u0648 \u0633\u0643\u062a\u0629 \u062f\u0645\u0627\u063a\u064a\u0629. \u064a\u0639\u062f \u0632\u064a\u062a \u0639\u0628\u0627\u062f \u0627\u0644\u0634\u0645\u0633\u060c \u0639\u0646\u062f \u062a\u0646\u0627\u0648\u0644\u0647 \u0628\u0627\u0639\u062a\u062f\u0627\u0644\u060c \u062e\u064a\u0627\u0631\u064b\u0627 \u062c\u064a\u062f\u064b\u0627 \u0644\u0623\u0648\u0644\u0626\u0643 \u0627\u0644\u0630\u064a\u0646 \u064a\u0631\u063a\u0628\u0648\u0646 \u0641\u064a \u0627\u0644\u0639\u0646\u0627\u064a\u0629 \u0628\u0635\u062d\u0629 \u0642\u0644\u0648\u0628\u0647\u0645.<\/p>\n<p>4- \u0632\u064a\u062a \u062f\u0648\u0627\u0631 \u0627\u0644\u0634\u0645\u0633 \u063a\u0646\u064a \u0628\u0641\u064a\u062a\u0627\u0645\u064a\u0646 E \u0648\u064a\u0639\u0645\u0644 \u0643\u0645\u0636\u0627\u062f \u0644\u0644\u0623\u0643\u0633\u062f\u0629 \u0641\u064a \u0627\u0644\u062c\u0633\u0645. \u0641\u0647\u0648 \u064a\u0624\u062b\u0631 \u0628\u0634\u0643\u0644 \u0645\u0628\u0627\u0634\u0631 \u0639\u0644\u0649 \u0627\u0644\u0648\u0642\u0627\u064a\u0629 \u0645\u0646 \u0623\u0645\u0631\u0627\u0636 \u0627\u0644\u0642\u0644\u0628 \u0648\u062a\u0642\u0648\u064a\u0629 \u062c\u0647\u0627\u0632 \u0627\u0644\u0645\u0646\u0627\u0639\u0629 \u0644\u062f\u064a\u0643.<\/p>\n<p>5- \u0632\u064a\u062a \u062f\u0648\u0627\u0631 \u0627\u0644\u0634\u0645\u0633 \u0627\u0644\u063a\u0646\u064a \u0628\u0641\u064a\u062a\u0627\u0645\u064a\u0646 E \u0645\u0639\u0631\u0648\u0641 \u0628\u0645\u0633\u0627\u0647\u0645\u062a\u0647 \u0641\u064a \u062a\u062d\u0633\u064a\u0646 \u0635\u062d\u0629 \u0627\u0644\u062c\u0644\u062f \u0648\u062a\u062c\u062f\u064a\u062f \u062e\u0644\u0627\u064a\u0627 \u0627\u0644\u062c\u0644\u062f. \u0648\u0647\u0630\u0627 \u064a\u0642\u0644\u0644 \u0645\u0646 \u0627\u0644\u062a\u062c\u0627\u0639\u064a\u062f \u0627\u0644\u062a\u064a \u062a\u062a\u0634\u0643\u0644 \u0639\u0646\u062f\u0645\u0627 \u062a\u0643\u0648\u0646 \u0647\u0646\u0627\u0643 \u062c\u0630\u0648\u0631 \u062d\u0631\u0629 \u0641\u064a \u0627\u0644\u062c\u0633\u0645\u060c \u0643\u0645\u0627 \u064a\u0645\u0646\u062d \u0628\u0634\u0631\u062a\u0643 \u062d\u0645\u0627\u064a\u0629 \u0623\u0641\u0636\u0644 \u0636\u062f \u0623\u0636\u0631\u0627\u0631 \u0623\u0634\u0639\u0629 \u0627\u0644\u0634\u0645\u0633. \u062a\u0639\u0645\u0644 \u0645\u0636\u0627\u062f\u0627\u062a \u0627\u0644\u0623\u0643\u0633\u062f\u0629 \u0645\u062b\u0644 \u0641\u064a\u062a\u0627\u0645\u064a\u0646 E \u0639\u0644\u0649 \u062a\u062d\u064a\u064a\u062f \u0627\u0644\u062c\u0630\u0648\u0631 \u0627\u0644\u062d\u0631\u0629\u060c \u0645\u0645\u0627 \u064a\u0645\u0646\u0639\u0647\u0627 \u0645\u0646 \u062a\u062f\u0645\u064a\u0631 \u0627\u0644\u062e\u0644\u0627\u064a\u0627 \u0627\u0644\u0633\u0644\u064a\u0645\u0629 \u0623\u0648 \u0625\u062a\u0644\u0627\u0641\u0647\u0627. \u0648\u0628\u0647\u0630\u0647 \u0627\u0644\u0637\u0631\u064a\u0642\u0629\u060c \u0641\u0625\u0646\u0647 \u064a\u0633\u0627\u0647\u0645 \u0641\u064a \u062a\u0642\u0644\u064a\u0644 \u0627\u0644\u0646\u062f\u0628\u0627\u062a \u0648\u0627\u0644\u062a\u0626\u0627\u0645 \u0627\u0644\u062c\u0631\u0648\u062d \u0628\u0634\u0643\u0644 \u0623\u0633\u0631\u0639 \u0648\u0625\u0636\u0641\u0627\u0621 \u0644\u0645\u0639\u0627\u0646 \u0637\u0628\u064a\u0639\u064a \u0623\u0643\u062b\u0631 \u0635\u062d\u0629 \u0639\u0644\u0649 \u0628\u0634\u0631\u062a\u0643. \u0648\u0647\u0630\u0627 \u0633\u0628\u0628 \u0645\u0647\u0645 \u0644\u0627\u0633\u062a\u062e\u062f\u0627\u0645 \u0632\u064a\u062a \u0639\u0628\u0627\u062f \u0627\u0644\u0634\u0645\u0633 \u0639\u0644\u0649 \u0646\u0637\u0627\u0642 \u0648\u0627\u0633\u0639 \u0641\u064a \u062a\u0637\u0628\u064a\u0642\u0627\u062a \u0627\u0644\u062a\u062c\u0645\u064a\u0644.<\/p>\n6- As with all vegetable oil sources, the fatty acid content in sunflower oil has a positive effect on the energy levels in the body.<br \/>\nWhile saturated fats can make you feel sluggish, the many unsaturated fats found in sunflower oil give you energy.\n<p>7- \u0643\u0645\u0627 \u0630\u0643\u0631\u0646\u0627 \u0623\u0639\u0644\u0627\u0647 \u0641\u0625\u0646 \u0632\u064a\u062a \u062f\u0648\u0627\u0631 \u0627\u0644\u0634\u0645\u0633 \u063a\u0646\u064a \u0628\u0645\u0636\u0627\u062f\u0627\u062a \u0627\u0644\u0623\u0643\u0633\u062f\u0629 \u0648\u0627\u0644\u0645\u0648\u0627\u062f \u0627\u0644\u062a\u064a \u062a\u0639\u0645\u0644 \u0643\u0645\u0636\u0627\u062f\u0627\u062a \u0644\u0644\u0623\u0643\u0633\u062f\u0629. \u0641\u064a\u062a\u0627\u0645\u064a\u0646 E\u060c \u0627\u0644\u0645\u0648\u062c\u0648\u062f \u0641\u064a \u0623\u0635\u0646\u0627\u0641 \u062a\u0639\u0631\u0641 \u0628\u0627\u0633\u0645 \u0627\u0644\u062a\u0648\u0643\u0648\u0641\u064a\u0631\u0648\u0644\u060c \u0647\u0648 \u0623\u062d\u062f \u0645\u0636\u0627\u062f\u0627\u062a \u0627\u0644\u0623\u0643\u0633\u062f\u0629 \u0627\u0644\u0642\u0648\u064a\u0629 \u0627\u0644\u062a\u064a \u064a\u0645\u0643\u0646 \u0623\u0646 \u062a\u062f\u0645\u0631 \u0627\u0644\u062c\u0630\u0648\u0631 \u0627\u0644\u062d\u0631\u0629 \u0642\u0628\u0644 \u0623\u0646 \u062a\u062a\u0645\u0643\u0646 \u0645\u0646 \u062a\u062d\u0648\u064a\u0644 \u0627\u0644\u062e\u0644\u0627\u064a\u0627 \u0627\u0644\u0633\u0644\u064a\u0645\u0629 \u0625\u0644\u0649 \u062e\u0644\u0627\u064a\u0627 \u0633\u0631\u0637\u0627\u0646\u064a\u0629. \u0648\u0642\u062f \u062a\u0645 \u0631\u0628\u0637 \u0632\u064a\u062a \u0639\u0628\u0627\u062f \u0627\u0644\u0634\u0645\u0633 \u0639\u0644\u0649 \u0648\u062c\u0647 \u0627\u0644\u062e\u0635\u0648\u0635 \u0628\u0627\u0644\u0648\u0642\u0627\u064a\u0629 \u0645\u0646 \u0633\u0631\u0637\u0627\u0646 \u0627\u0644\u0642\u0648\u0644\u0648\u0646\u060c \u0648\u0644\u0643\u0646 \u0647\u0646\u0627\u0643 \u0639\u062f\u062f \u0645\u0646 \u0627\u0644\u062f\u0631\u0627\u0633\u0627\u062a \u0627\u0644\u0628\u062d\u062b\u064a\u0629 \u0627\u0644\u062c\u0627\u0631\u064a\u0629 \u0644\u062a\u0623\u0643\u064a\u062f \u0622\u062b\u0627\u0631\u0647 \u0639\u0644\u0649 \u0645\u062c\u0645\u0648\u0639\u0629 \u0648\u0627\u0633\u0639\u0629 \u0645\u0646 \u0623\u0646\u0648\u0627\u0639 \u0627\u0644\u0633\u0631\u0637\u0627\u0646.<\/p>\n<p>8- \u0627\u0644\u0631\u0628\u0648 \u0647\u0648 \u0645\u0631\u0636 \u062a\u0646\u0641\u0633\u064a \u064a\u0635\u064a\u0628 \u0645\u0644\u0627\u064a\u064a\u0646 \u0627\u0644\u0623\u0634\u062e\u0627\u0635 \u062d\u0648\u0644 \u0627\u0644\u0639\u0627\u0644\u0645. \u0632\u064a\u062a \u0639\u0628\u0627\u062f \u0627\u0644\u0634\u0645\u0633 \u0644\u0647 \u0639\u0644\u0627\u0642\u0629 \u0625\u064a\u062c\u0627\u0628\u064a\u0629 \u0628\u0627\u0646\u062e\u0641\u0627\u0636 \u0643\u0645\u064a\u0629 \u0648\u0634\u062f\u0629 \u0646\u0648\u0628\u0627\u062a \u0627\u0644\u0631\u0628\u0648 \u0628\u0633\u0628\u0628 \u0645\u062d\u062a\u0648\u0627\u0647 \u0645\u0646 \u0627\u0644\u0641\u064a\u062a\u0627\u0645\u064a\u0646\u0627\u062a \u0628\u0627\u0644\u0625\u0636\u0627\u0641\u0629 \u0625\u0644\u0649 \u0627\u0644\u0635\u0641\u0627\u062a \u0627\u0644\u0645\u0636\u0627\u062f\u0629 \u0644\u0644\u0627\u0644\u062a\u0647\u0627\u0628\u0627\u062a \u0627\u0644\u0645\u0633\u062a\u0645\u062f\u0629 \u0645\u0646 \u0627\u0644\u0623\u062d\u0645\u0627\u0636 \u0627\u0644\u062f\u0647\u0646\u064a\u0629 \u0627\u0644\u0645\u0641\u064a\u062f\u0629 \u0627\u0644\u062a\u064a \u064a\u062d\u062a\u0648\u064a \u0639\u0644\u064a\u0647\u0627 \u0632\u064a\u062a \u0639\u0628\u0627\u062f \u0627\u0644\u0634\u0645\u0633. \u064a\u0631\u062a\u0628\u0637 \u0632\u064a\u062a \u0639\u0628\u0627\u062f \u0627\u0644\u0634\u0645\u0633 \u0628\u062a\u0642\u0644\u064a\u0644 \u0634\u062f\u0629 \u0627\u0644\u062a\u0647\u0627\u0628 \u0627\u0644\u0645\u0641\u0627\u0635\u0644 \u0648\u0643\u0630\u0644\u0643 \u0627\u0644\u0631\u0628\u0648.<\/p>\n9- Sunflower oil has a significant effect on the general immune system and increases the body&#8217;s ability to resist infection and attack.<br \/>\nSunflower oil protects the skin by strengthening the membrane barriers, making it difficult for bacteria and viruses to enter the body.\n<p>10- \u064a\u0646\u0635\u062d \u0628\u0634\u062f\u0629 \u0628\u0627\u0633\u062a\u062e\u062f\u0627\u0645 \u0632\u064a\u062a \u062f\u0648\u0627\u0631 \u0627\u0644\u0634\u0645\u0633 \u0644\u0644\u0623\u0637\u0641\u0627\u0644\u060c \u0644\u0623\u0646\u0647 \u064a\u0645\u0643\u0646 \u0623\u0646 \u064a\u062d\u0645\u064a \u0627\u0644\u0623\u0637\u0641\u0627\u0644 \u0645\u0646 \u0627\u0644\u0627\u0644\u062a\u0647\u0627\u0628\u0627\u062a\u060c \u0648\u062e\u0627\u0635\u0629 \u0623\u0648\u0644\u0626\u0643 \u0627\u0644\u0630\u064a\u0646 \u064a\u0648\u0644\u062f\u0648\u0646 \u0642\u0628\u0644 \u0627\u0644\u0623\u0648\u0627\u0646 \u0648\u0627\u0644\u0630\u064a\u0646 \u0644\u062f\u064a\u0647\u0645 \u062d\u0633\u0627\u0633\u064a\u0629 \u0644\u0644\u0639\u062f\u0648\u0649.<\/p>\n\t\t\t\t<img decoding=\"async\" src=\"https:\/\/belkisyag.com\/wp-content\/uploads\/2024\/03\/belkis_logo.png\" alt=\"belkis_logo\" itemprop=\"image\" height=\"285\" width=\"453\" title=\"belkis_logo\" onerror=\"this.style.display='none'\"  \/>\n\t\t\t\t<img decoding=\"async\" src=\"https:\/\/belkisyag.com\/wp-content\/uploads\/2024\/03\/paramyag.png\" alt=\"paramyag\" itemprop=\"image\" height=\"100\" width=\"259\" title=\"paramyag\" onerror=\"this.style.display='none'\"  \/>\n\t\t\t\t<img decoding=\"async\" src=\"https:\/\/belkisyag.com\/wp-content\/uploads\/2024\/03\/brcgs.jpg\" alt=\"brcgs\" itemprop=\"image\" height=\"148\" width=\"354\" title=\"brcgs\" onerror=\"this.style.display='none'\"  \/>\n<h4>\n\t\t\u0627\u0644\u0642\u0627\u0626\u0645\u0629 \u0627\u0644\u0641\u0631\u0639\u064a\u0629\n\t<\/h4>\n<h4>\n\t\t\u0627\u0644\u0627\u062a\u0635\u0627\u0644\n\t<\/h4>\n\tContact us for your opinions and suggestions.<br \/>\nYou can communicate:\nPamyag Gida Sanayi Ticaret Anonim Sirketi Sekili Mah.<br \/>\nE-90 Karayolu \u00dczeri Cad. No: 19\/1<br \/>\n<strong>Nizip \/ GAZIANTEP \/ T\u00dcRKIYE<\/strong>\n<strong>E<\/strong>: info@pamyag.com<br \/>\n<strong>T<\/strong>: +90 (342) 545 20 20<br \/>\n<strong>F<\/strong>: +90 (342) 545 23 11\n\t<p>Copyright \u00a9 2024, Pamyag G\u0131da San. Tic. A.S. T\u00fcm Haklar Sakl\u0131d\u0131r.<\/p>","protected":false},"excerpt":{"rendered":"<p>Sunflower Oil Benefits 1- The [&hellip;]<\/p>","protected":false},"author":14,"featured_media":0,"parent":0,"menu_order":0,"comment_status":"closed","ping_status":"closed","template":"","meta":{"_uag_custom_page_level_css":"","site-sidebar-layout":"no-sidebar","site-content-layout":"","ast-site-content-layout":"full-width-container","site-content-style":"default","site-sidebar-style":"default","ast-global-header-display":"","ast-banner-title-visibility":"","ast-main-header-display":"","ast-hfb-above-header-display":"","ast-hfb-below-header-display":"","ast-hfb-mobile-header-display":"","site-post-title":"disabled","ast-breadcrumbs-content":"","ast-featured-img":"disabled","footer-sml-layout":"","theme-transparent-header-meta":"default","adv-header-id-meta":"","stick-header-meta":"default","header-above-stick-meta":"","header-main-stick-meta":"","header-below-stick-meta":"","astra-migrate-meta-layouts":"set","ast-page-background-enabled":"default","ast-page-background-meta":{"desktop":{"background-color":"var(--ast-global-color-4)","background-image":"","background-repeat":"repeat","background-position":"center center","background-size":"auto","background-attachment":"scroll","background-type":"","background-media":"","overlay-type":"","overlay-color":"","overlay-gradient":""},"tablet":{"background-color":"","background-image":"","background-repeat":"repeat","background-position":"center center","background-size":"auto","background-attachment":"scroll","background-type":"","background-media":"","overlay-type":"","overlay-color":"","overlay-gradient":""},"mobile":{"background-color":"","background-image":"","background-repeat":"repeat","background-position":"center center","background-size":"auto","background-attachment":"scroll","background-type":"","background-media":"","overlay-type":"","overlay-color":"","overlay-gradient":""}},"ast-content-background-meta":{"desktop":{"background-color":"var(--ast-global-color-5)","background-image":"","background-repeat":"repeat","background-position":"center center","background-size":"auto","background-attachment":"scroll","background-type":"","background-media":"","overlay-type":"","overlay-color":"","overlay-gradient":""},"tablet":{"background-color":"var(--ast-global-color-5)","background-image":"","background-repeat":"repeat","background-position":"center center","background-size":"auto","background-attachment":"scroll","background-type":"","background-media":"","overlay-type":"","overlay-color":"","overlay-gradient":""},"mobile":{"background-color":"var(--ast-global-color-5)","background-image":"","background-repeat":"repeat","background-position":"center center","background-size":"auto","background-attachment":"scroll","background-type":"","background-media":"","overlay-type":"","overlay-color":"","overlay-gradient":""}},"footnotes":""},"class_list":["post-3469","page","type-page","status-publish","hentry"],"uagb_featured_image_src":{"full":false,"thumbnail":false,"medium":false,"medium_large":false,"large":false,"1536x1536":false,"2048x2048":false,"trp-custom-language-flag":false},"uagb_author_info":{"display_name":"Ali Bard\u0131z","author_link":"https:\/\/belkisyag.com\/ar\/author\/ali"},"uagb_comment_info":0,"uagb_excerpt":"Sunflower Oil Benefits 1- The [&hellip;]","_links":{"self":[{"href":"https:\/\/belkisyag.com\/ar\/wp-json\/wp\/v2\/pages\/3469","targetHints":{"allow":["GET"]}}],"collection":[{"href":"https:\/\/belkisyag.com\/ar\/wp-json\/wp\/v2\/pages"}],"about":[{"href":"https:\/\/belkisyag.com\/ar\/wp-json\/wp\/v2\/types\/page"}],"author":[{"embeddable":true,"href":"https:\/\/belkisyag.com\/ar\/wp-json\/wp\/v2\/users\/14"}],"replies":[{"embeddable":true,"href":"https:\/\/belkisyag.com\/ar\/wp-json\/wp\/v2\/comments?post=3469"}],"version-history":[{"count":4,"href":"https:\/\/belkisyag.com\/ar\/wp-json\/wp\/v2\/pages\/3469\/revisions"}],"predecessor-version":[{"id":3542,"href":"https:\/\/belkisyag.com\/ar\/wp-json\/wp\/v2\/pages\/3469\/revisions\/3542"}],"wp:attachment":[{"href":"https:\/\/belkisyag.com\/ar\/wp-json\/wp\/v2\/media?parent=3469"}],"curies":[{"name":"wp","href":"https:\/\/api.w.org\/{rel}","templated":true}]}}