{"id":3357,"date":"2024-03-30T15:49:13","date_gmt":"2024-03-30T12:49:13","guid":{"rendered":"https:\/\/belkisyag.com\/?page_id=3357"},"modified":"2024-04-02T11:42:20","modified_gmt":"2024-04-02T08:42:20","slug":"recipes","status":"publish","type":"page","link":"https:\/\/belkisyag.com\/ar\/recipes","title":{"rendered":"\u0648\u0635\u0641\u0627\u062a \u0637\u0639\u0627\u0645"},"content":{"rendered":"<meta itemscope itemprop=\"mainEntityOfPage\" itemtype=\"https:\/\/schema.org\/WebPage\" itemid=\"https:\/\/belkisyag.com\/recipes\/gaziantep-katmeri\" content=\"GAZ\u0130ANTEP KATMER\u0130\" \/><meta itemprop=\"datePublished\" content=\"2024-03-30\" \/><meta itemprop=\"dateModified\" content=\"2024-03-30\" \/><meta itemprop=\"name\" content=\"BELKIZ \u00ae\"\/><meta itemprop=\"url\" content=\"https:\/\/belkisyag.com\/wp-content\/uploads\/2024\/03\/belkis_logo.png\"\/><meta itemprop=\"url\" content=\"https:\/\/belkisyag.com\/author\/ali\" \/><meta itemprop=\"name\" content=\"Ali Bard\u0131z\" \/><meta itemprop=\"url\" content=\"https:\/\/belkisyag.com\/wp-content\/uploads\/2024\/03\/katmer_resim.jpg\" \/><meta itemprop=\"width\" content=\"603\" \/><meta itemprop=\"height\" content=\"400\" \/><meta itemprop=\"interactionType\" content=\"https:\/\/schema.org\/CommentAction\" \/><meta itemprop=\"userInteractionCount\" content=\"0\" \/>\n\t\t\t\t\t<a href=\"https:\/\/belkisyag.com\/ar\/recipes\/gaziantep-katmeri\/\" title=\"\u0643\u0627\u062a\u0645\u064a\u0631\u063a\u0627\u0632\u064a \u0639\u0646\u062a\u0627\u0628\"><\/a>\n\t\t\t\t<img decoding=\"async\" src=\"https:\/\/belkisyag.com\/wp-content\/uploads\/2024\/03\/katmer_resim.jpg\" alt=\"katmer_resim\" itemprop=\"image\" data-no-lazy=\"1\" height=\"400\" width=\"603\" title=\"katmer_resim\" onerror=\"this.style.display='none'\"  \/>\n\t\t\t\t\t\t\t\t\t<h3 itemprop=\"headline\">\n\t\t\t\t\t\t\t\t\t\t\t\t\t\t\u0643\u0627\u062a\u0645\u064a\u0631\u063a\u0627\u0632\u064a \u0639\u0646\u062a\u0627\u0628\t\t\t\t\t\t\t\t\t\t\t<\/h3>\n    \u0627\u0644\u0645\u0632\u064a\u062f \u0645\u0646 \u0627\u0644\u0645\u0639\u0644\u0648\u0645\u0627\u062a\n\t<meta itemscope itemprop=\"mainEntityOfPage\" itemtype=\"https:\/\/schema.org\/WebPage\" itemid=\"https:\/\/belkisyag.com\/recipes\/cheesy-pastry\" content=\"CHEESY PASTRY\" \/><meta itemprop=\"datePublished\" content=\"2024-03-30\" \/><meta itemprop=\"dateModified\" content=\"2024-03-30\" \/><meta itemprop=\"name\" content=\"BELKIZ \u00ae\"\/><meta itemprop=\"url\" content=\"https:\/\/belkisyag.com\/wp-content\/uploads\/2024\/03\/belkis_logo.png\"\/><meta itemprop=\"url\" content=\"https:\/\/belkisyag.com\/author\/ali\" \/><meta itemprop=\"name\" content=\"Ali Bard\u0131z\" \/><meta itemprop=\"url\" content=\"https:\/\/belkisyag.com\/wp-content\/uploads\/2024\/03\/chessy_resim.jpg\" \/><meta itemprop=\"width\" content=\"1018\" \/><meta itemprop=\"height\" content=\"674\" \/><meta itemprop=\"interactionType\" content=\"https:\/\/schema.org\/CommentAction\" \/><meta itemprop=\"userInteractionCount\" content=\"0\" \/>\n\t\t\t\t\t<a href=\"https:\/\/belkisyag.com\/ar\/recipes\/cheesy-pastry\/\" title=\"\u0628\u0648\u0631\u0627\u0643 \u0627\u0644\u062c\u0628\u0646\u0629\"><\/a>\n\t\t\t\t<img decoding=\"async\" src=\"https:\/\/belkisyag.com\/wp-content\/uploads\/2024\/03\/chessy_resim.jpg\" alt=\"chessy_resim\" itemprop=\"image\" data-no-lazy=\"1\" height=\"674\" width=\"1018\" title=\"chessy_resim\" onerror=\"this.style.display='none'\"  \/>\n\t\t\t\t\t\t\t\t\t<h3 itemprop=\"headline\">\n\t\t\t\t\t\t\t\t\t\t\t\t\t\t\u0628\u0648\u0631\u0627\u0643 \u0627\u0644\u062c\u0628\u0646\u0629\t\t\t\t\t\t\t\t\t\t\t<\/h3>\n    \u0627\u0644\u0645\u0632\u064a\u062f \u0645\u0646 \u0627\u0644\u0645\u0639\u0644\u0648\u0645\u0627\u062a\n\t<meta itemscope itemprop=\"mainEntityOfPage\" itemtype=\"https:\/\/schema.org\/WebPage\" itemid=\"https:\/\/belkisyag.com\/recipes\/pasta-salad\" content=\"PASTA SALAD\" \/><meta itemprop=\"datePublished\" content=\"2024-03-30\" \/><meta itemprop=\"dateModified\" content=\"2024-03-30\" \/><meta itemprop=\"name\" content=\"BELKIZ \u00ae\"\/><meta itemprop=\"url\" content=\"https:\/\/belkisyag.com\/wp-content\/uploads\/2024\/03\/belkis_logo.png\"\/><meta itemprop=\"url\" content=\"https:\/\/belkisyag.com\/author\/ali\" \/><meta itemprop=\"name\" content=\"Ali Bard\u0131z\" \/><meta itemprop=\"url\" content=\"https:\/\/belkisyag.com\/wp-content\/uploads\/2024\/03\/pasta.jpg\" \/><meta itemprop=\"width\" content=\"1250\" \/><meta itemprop=\"height\" content=\"833\" \/><meta itemprop=\"interactionType\" content=\"https:\/\/schema.org\/CommentAction\" \/><meta itemprop=\"userInteractionCount\" content=\"0\" \/>\n\t\t\t\t\t<a href=\"https:\/\/belkisyag.com\/ar\/recipes\/pasta-salad\/\" title=\"\u0633\u0644\u0637\u0629 \u0627\u0644\u0645\u0639\u0643\u0631\u0648\u0646\u0629\"><\/a>\n\t\t\t\t<img decoding=\"async\" src=\"https:\/\/belkisyag.com\/wp-content\/uploads\/2024\/03\/pasta-1024x682.jpg\" alt=\"pasta\" itemprop=\"image\" data-no-lazy=\"1\" height=\"682\" width=\"1024\" title=\"pasta\" onerror=\"this.style.display='none'\"  \/>\n\t\t\t\t\t\t\t\t\t<h3 itemprop=\"headline\">\n\t\t\t\t\t\t\t\t\t\t\t\t\t\t\u0633\u0644\u0637\u0629 \u0627\u0644\u0645\u0639\u0643\u0631\u0648\u0646\u0629\t\t\t\t\t\t\t\t\t\t\t<\/h3>\n    \u0627\u0644\u0645\u0632\u064a\u062f \u0645\u0646 \u0627\u0644\u0645\u0639\u0644\u0648\u0645\u0627\u062a\n\t<meta itemscope itemprop=\"mainEntityOfPage\" itemtype=\"https:\/\/schema.org\/WebPage\" itemid=\"https:\/\/belkisyag.com\/recipes\/meatballs-with-tomato-sauce\" content=\"MEATBALLS WITH TOMATO SAUCE\" \/><meta itemprop=\"datePublished\" content=\"2024-03-30\" \/><meta itemprop=\"dateModified\" content=\"2024-03-30\" \/><meta itemprop=\"name\" content=\"BELKIZ \u00ae\"\/><meta itemprop=\"url\" content=\"https:\/\/belkisyag.com\/wp-content\/uploads\/2024\/03\/belkis_logo.png\"\/><meta itemprop=\"url\" content=\"https:\/\/belkisyag.com\/author\/ali\" \/><meta itemprop=\"name\" content=\"Ali Bard\u0131z\" \/><meta itemprop=\"url\" content=\"https:\/\/belkisyag.com\/wp-content\/uploads\/2024\/03\/meatballs.jpg\" \/><meta itemprop=\"width\" content=\"1013\" \/><meta itemprop=\"height\" content=\"672\" \/><meta itemprop=\"interactionType\" content=\"https:\/\/schema.org\/CommentAction\" \/><meta itemprop=\"userInteractionCount\" content=\"0\" \/>\n\t\t\t\t\t<a href=\"https:\/\/belkisyag.com\/ar\/recipes\/meatballs-with-tomato-sauce\/\" title=\"\u0643\u0631\u0627\u062a \u0627\u0644\u0644\u062d\u0645 \u0645\u0639 \u0635\u0644\u0635\u0629 \u0627\u0644\u0637\u0645\u0627\u0637\u0645\"><\/a>\n\t\t\t\t<img decoding=\"async\" src=\"https:\/\/belkisyag.com\/wp-content\/uploads\/2024\/03\/meatballs.jpg\" alt=\"meatballs\" itemprop=\"image\" data-no-lazy=\"1\" height=\"672\" width=\"1013\" title=\"meatballs\" onerror=\"this.style.display='none'\"  \/>\n\t\t\t\t\t\t\t\t\t<h3 itemprop=\"headline\">\n\t\t\t\t\t\t\t\t\t\t\t\t\t\t\u0643\u0631\u0627\u062a \u0627\u0644\u0644\u062d\u0645 \u0645\u0639 \u0635\u0644\u0635\u0629 \u0627\u0644\u0637\u0645\u0627\u0637\u0645\t\t\t\t\t\t\t\t\t\t\t<\/h3>\n    \u0627\u0644\u0645\u0632\u064a\u062f \u0645\u0646 \u0627\u0644\u0645\u0639\u0644\u0648\u0645\u0627\u062a\n\t<meta itemscope itemprop=\"mainEntityOfPage\" itemtype=\"https:\/\/schema.org\/WebPage\" itemid=\"https:\/\/belkisyag.com\/recipes\/gaziantep-lentil-meatballs\" content=\"GAZIANTEP LENTIL MEATBALLS\" \/><meta itemprop=\"datePublished\" content=\"2024-03-30\" \/><meta itemprop=\"dateModified\" content=\"2024-03-30\" \/><meta itemprop=\"name\" content=\"BELKIZ \u00ae\"\/><meta itemprop=\"url\" content=\"https:\/\/belkisyag.com\/wp-content\/uploads\/2024\/03\/belkis_logo.png\"\/><meta itemprop=\"url\" content=\"https:\/\/belkisyag.com\/author\/ali\" \/><meta itemprop=\"name\" content=\"Ali Bard\u0131z\" \/><meta itemprop=\"url\" content=\"https:\/\/belkisyag.com\/wp-content\/uploads\/2024\/03\/lentil.jpg\" \/><meta itemprop=\"width\" content=\"1014\" \/><meta itemprop=\"height\" content=\"672\" \/><meta itemprop=\"interactionType\" content=\"https:\/\/schema.org\/CommentAction\" \/><meta itemprop=\"userInteractionCount\" content=\"0\" \/>\n\t\t\t\t\t<a href=\"https:\/\/belkisyag.com\/ar\/recipes\/gaziantep-lentil-meatballs\/\" title=\"\u0643\u0631\u0627\u062a \u0627\u0644\u0644\u062d\u0645 \u0628\u0627\u0644\u0639\u062f\u0633 \u063a\u0627\u0632\u064a \u0639\u0646\u062a\u0627\u0628\"><\/a>\n\t\t\t\t<img decoding=\"async\" src=\"https:\/\/belkisyag.com\/wp-content\/uploads\/2024\/03\/lentil.jpg\" alt=\"lentil\" itemprop=\"image\" data-no-lazy=\"1\" height=\"672\" width=\"1014\" title=\"lentil\" onerror=\"this.style.display='none'\"  \/>\n\t\t\t\t\t\t\t\t\t<h3 itemprop=\"headline\">\n\t\t\t\t\t\t\t\t\t\t\t\t\t\t\u0643\u0631\u0627\u062a \u0627\u0644\u0644\u062d\u0645 \u0628\u0627\u0644\u0639\u062f\u0633 \u063a\u0627\u0632\u064a \u0639\u0646\u062a\u0627\u0628\t\t\t\t\t\t\t\t\t\t\t<\/h3>\n    \u0627\u0644\u0645\u0632\u064a\u062f \u0645\u0646 \u0627\u0644\u0645\u0639\u0644\u0648\u0645\u0627\u062a\n\t<meta itemscope itemprop=\"mainEntityOfPage\" itemtype=\"https:\/\/schema.org\/WebPage\" itemid=\"https:\/\/belkisyag.com\/recipes\/islim-kebab\" content=\"ISLIM KEBAB\" \/><meta itemprop=\"datePublished\" content=\"2024-03-30\" \/><meta itemprop=\"dateModified\" content=\"2024-03-30\" \/><meta itemprop=\"name\" content=\"BELKIZ \u00ae\"\/><meta itemprop=\"url\" content=\"https:\/\/belkisyag.com\/wp-content\/uploads\/2024\/03\/belkis_logo.png\"\/><meta itemprop=\"url\" content=\"https:\/\/belkisyag.com\/author\/ali\" \/><meta itemprop=\"name\" content=\"Ali Bard\u0131z\" \/><meta itemprop=\"url\" content=\"https:\/\/belkisyag.com\/wp-content\/uploads\/2024\/03\/islim.jpg\" \/><meta itemprop=\"width\" content=\"1014\" \/><meta itemprop=\"height\" content=\"672\" \/><meta itemprop=\"interactionType\" content=\"https:\/\/schema.org\/CommentAction\" \/><meta itemprop=\"userInteractionCount\" content=\"0\" \/>\n\t\t\t\t\t<a href=\"https:\/\/belkisyag.com\/ar\/recipes\/islim-kebab\/\" title=\"\u0643\u0628\u0627\u0628 \u0627\u0633\u0644\u064a\u0645\"><\/a>\n\t\t\t\t<img decoding=\"async\" src=\"https:\/\/belkisyag.com\/wp-content\/uploads\/2024\/03\/islim.jpg\" alt=\"islim\" itemprop=\"image\" data-no-lazy=\"1\" height=\"672\" width=\"1014\" title=\"islim\" onerror=\"this.style.display='none'\"  \/>\n\t\t\t\t\t\t\t\t\t<h3 itemprop=\"headline\">\n\t\t\t\t\t\t\t\t\t\t\t\t\t\t\u0643\u0628\u0627\u0628 \u0627\u0633\u0644\u064a\u0645\t\t\t\t\t\t\t\t\t\t\t<\/h3>\n    \u0627\u0644\u0645\u0632\u064a\u062f \u0645\u0646 \u0627\u0644\u0645\u0639\u0644\u0648\u0645\u0627\u062a\n\t\t<!-- .pp-content-posts -->\n\t\t\t\t<img decoding=\"async\" src=\"https:\/\/belkisyag.com\/wp-content\/uploads\/2024\/03\/belkis_logo.png\" alt=\"belkis_logo\" itemprop=\"image\" height=\"285\" width=\"453\" title=\"belkis_logo\" onerror=\"this.style.display='none'\"  \/>\n\t\t\t\t<img decoding=\"async\" src=\"https:\/\/belkisyag.com\/wp-content\/uploads\/2024\/03\/paramyag.png\" alt=\"paramyag\" itemprop=\"image\" height=\"100\" width=\"259\" title=\"paramyag\" onerror=\"this.style.display='none'\"  \/>\n\t\t\t\t<img decoding=\"async\" src=\"https:\/\/belkisyag.com\/wp-content\/uploads\/2024\/03\/brcgs.jpg\" alt=\"brcgs\" itemprop=\"image\" height=\"148\" width=\"354\" title=\"brcgs\" onerror=\"this.style.display='none'\"  \/>\n<h4>\n\t\t\u0627\u0644\u0642\u0627\u0626\u0645\u0629 \u0627\u0644\u0641\u0631\u0639\u064a\u0629\n\t<\/h4>\n<h4>\n\t\t\u0627\u0644\u0627\u062a\u0635\u0627\u0644\n\t<\/h4>\n\tContact us for your opinions and suggestions.<br \/>\nYou can communicate:\nPamyag Gida Sanayi Ticaret Anonim Sirketi Sekili Mah.<br \/>\nE-90 Karayolu \u00dczeri Cad. No: 19\/1<br \/>\n<strong>Nizip \/ GAZIANTEP \/ T\u00dcRKIYE<\/strong>\n<strong>E<\/strong>: info@pamyag.com<br \/>\n<strong>T<\/strong>: +90 (342) 545 20 20<br \/>\n<strong>F<\/strong>: +90 (342) 545 23 11\n\t<p>Copyright \u00a9 2024, Pamyag G\u0131da San. Tic. A.S. T\u00fcm Haklar Sakl\u0131d\u0131r.<\/p>\n\t<p>Web Tasar\u0131m\u00a0 <a href=\"https:\/\/www.kreatixreklam.com\/\" target=\"_blank\" rel=\"noopener\"><img decoding=\"async\" src=\"https:\/\/belkisyag.com\/wp-content\/uploads\/2022\/09\/image001.png\" alt=\"\" width=\"100\" height=\"42\" \/><\/a><\/p>","protected":false},"excerpt":{"rendered":"<p>GAZ\u0130ANTEP KATMER\u0130 More information CHEESY [&hellip;]<\/p>","protected":false},"author":14,"featured_media":0,"parent":0,"menu_order":0,"comment_status":"closed","ping_status":"closed","template":"","meta":{"_uag_custom_page_level_css":"","site-sidebar-layout":"no-sidebar","site-content-layout":"","ast-site-content-layout":"full-width-container","site-content-style":"default","site-sidebar-style":"default","ast-global-header-display":"","ast-banner-title-visibility":"","ast-main-header-display":"","ast-hfb-above-header-display":"","ast-hfb-below-header-display":"","ast-hfb-mobile-header-display":"","site-post-title":"disabled","ast-breadcrumbs-content":"","ast-featured-img":"disabled","footer-sml-layout":"","theme-transparent-header-meta":"default","adv-header-id-meta":"","stick-header-meta":"default","header-above-stick-meta":"","header-main-stick-meta":"","header-below-stick-meta":"","astra-migrate-meta-layouts":"set","ast-page-background-enabled":"default","ast-page-background-meta":{"desktop":{"background-color":"var(--ast-global-color-4)","background-image":"","background-repeat":"repeat","background-position":"center center","background-size":"auto","background-attachment":"scroll","background-type":"","background-media":"","overlay-type":"","overlay-color":"","overlay-gradient":""},"tablet":{"background-color":"","background-image":"","background-repeat":"repeat","background-position":"center center","background-size":"auto","background-attachment":"scroll","background-type":"","background-media":"","overlay-type":"","overlay-color":"","overlay-gradient":""},"mobile":{"background-color":"","background-image":"","background-repeat":"repeat","background-position":"center center","background-size":"auto","background-attachment":"scroll","background-type":"","background-media":"","overlay-type":"","overlay-color":"","overlay-gradient":""}},"ast-content-background-meta":{"desktop":{"background-color":"var(--ast-global-color-5)","background-image":"","background-repeat":"repeat","background-position":"center center","background-size":"auto","background-attachment":"scroll","background-type":"","background-media":"","overlay-type":"","overlay-color":"","overlay-gradient":""},"tablet":{"background-color":"var(--ast-global-color-5)","background-image":"","background-repeat":"repeat","background-position":"center center","background-size":"auto","background-attachment":"scroll","background-type":"","background-media":"","overlay-type":"","overlay-color":"","overlay-gradient":""},"mobile":{"background-color":"var(--ast-global-color-5)","background-image":"","background-repeat":"repeat","background-position":"center center","background-size":"auto","background-attachment":"scroll","background-type":"","background-media":"","overlay-type":"","overlay-color":"","overlay-gradient":""}},"footnotes":""},"class_list":["post-3357","page","type-page","status-publish","hentry"],"uagb_featured_image_src":{"full":false,"thumbnail":false,"medium":false,"medium_large":false,"large":false,"1536x1536":false,"2048x2048":false,"trp-custom-language-flag":false},"uagb_author_info":{"display_name":"Ali Bard\u0131z","author_link":"https:\/\/belkisyag.com\/ar\/author\/ali"},"uagb_comment_info":0,"uagb_excerpt":"GAZ\u0130ANTEP KATMER\u0130 More information CHEESY [&hellip;]","_links":{"self":[{"href":"https:\/\/belkisyag.com\/ar\/wp-json\/wp\/v2\/pages\/3357","targetHints":{"allow":["GET"]}}],"collection":[{"href":"https:\/\/belkisyag.com\/ar\/wp-json\/wp\/v2\/pages"}],"about":[{"href":"https:\/\/belkisyag.com\/ar\/wp-json\/wp\/v2\/types\/page"}],"author":[{"embeddable":true,"href":"https:\/\/belkisyag.com\/ar\/wp-json\/wp\/v2\/users\/14"}],"replies":[{"embeddable":true,"href":"https:\/\/belkisyag.com\/ar\/wp-json\/wp\/v2\/comments?post=3357"}],"version-history":[{"count":4,"href":"https:\/\/belkisyag.com\/ar\/wp-json\/wp\/v2\/pages\/3357\/revisions"}],"predecessor-version":[{"id":3461,"href":"https:\/\/belkisyag.com\/ar\/wp-json\/wp\/v2\/pages\/3357\/revisions\/3461"}],"wp:attachment":[{"href":"https:\/\/belkisyag.com\/ar\/wp-json\/wp\/v2\/media?parent=3357"}],"curies":[{"name":"wp","href":"https:\/\/api.w.org\/{rel}","templated":true}]}}