{"id":3305,"date":"2024-03-28T11:13:49","date_gmt":"2024-03-28T08:13:49","guid":{"rendered":"https:\/\/belkisyag.com\/?page_id=3305"},"modified":"2024-05-31T18:02:12","modified_gmt":"2024-05-31T15:02:12","slug":"sunflower-oil","status":"publish","type":"page","link":"https:\/\/belkisyag.com\/ar\/products\/sunflower-oil","title":{"rendered":"\u0632\u064a\u062a \u0639\u0628\u0627\u062f \u0627\u0644\u0634\u0645\u0633"},"content":{"rendered":"<h1>\n\t\t\u0632\u064a\u062a \u0639\u0628\u0627\u062f \u0627\u0644\u0634\u0645\u0633\n\t<\/h1>\n\t<p>\u064a\u0633\u062a\u062e\u062f\u0645 \u0643\u0632\u064a\u062a \u0644\u0644\u0637\u0647\u064a \u0641\u064a \u062c\u0645\u064a\u0639 \u0627\u0644\u0623\u0637\u0628\u0627\u0642 \u0627\u0644\u0633\u0627\u062e\u0646\u0629 \u0648\u0627\u0644\u0628\u0627\u0631\u062f\u0629\u060c \u0648\u0643\u0630\u0644\u0643 \u0641\u064a \u0627\u0644\u0633\u0644\u0637\u0627\u062a \u0648\u0627\u0644\u0645\u0642\u0644\u064a\u0627\u062a.\n \n\u0642\u0645 \u0628\u062a\u062e\u0632\u064a\u0646 \u0627\u0644\u0632\u064a\u062a \u0641\u064a \u0628\u064a\u0626\u0629 \u0628\u0627\u0631\u062f\u0629 \u0648\u062c\u0627\u0641\u0629 \u0648\u0639\u062f\u064a\u0645\u0629 \u0627\u0644\u0631\u0627\u0626\u062d\u0629 \u0648\u0645\u062d\u0645\u064a\u0629 \u0645\u0646 \u0623\u0634\u0639\u0629 \u0627\u0644\u0634\u0645\u0633. \u0642\u0645 \u0628\u062a\u062e\u0632\u064a\u0646 \u0627\u0644\u0632\u064a\u062a \u0641\u064a \u0645\u0643\u0627\u0646 \u0644\u0627 \u064a\u062f\u062e\u0644\u0647 \u0627\u0644\u0645\u0627\u0621. \u062a\u0623\u0643\u062f \u0645\u0646 \u0625\u063a\u0644\u0627\u0642 \u0627\u0644\u063a\u0637\u0627\u0621 \u0628\u0625\u062d\u0643\u0627\u0645 \u0628\u0639\u062f \u0627\u0633\u062a\u062e\u062f\u0627\u0645 \u0627\u0644\u0632\u064a\u062a.<\/p>\n<h2><strong>\u0632\u064a\u062a \u0639\u0628\u0627\u062f \u0627\u0644\u0634\u0645\u0633 \u0627\u0644\u0627\u062d\u062a\u0631\u0627\u0641\u064a<\/strong><\/h2>\n<p>\u064a\u0633\u062a\u062e\u062f\u0645 \u0644\u0623\u063a\u0631\u0627\u0636 \u0627\u0644\u0642\u0644\u064a \u0648\u0625\u0646\u062a\u0627\u062c \u0627\u0644\u0623\u063a\u0630\u064a\u0629 \u0627\u0644\u0635\u0646\u0627\u0639\u064a\u0629. \u064a\u062d\u062a\u0648\u064a \u0639\u0644\u0649 \u0645\u0636\u0627\u062f\u0627\u062a \u0627\u0644\u0623\u0643\u0633\u062f\u0629 (\u0628\u0648\u062a\u064a\u0644 \u0647\u064a\u062f\u0631\u0648\u0643\u0633\u064a \u062a\u0648\u0644\u0648\u064a\u0646) E321\u060c \u0648\u0645\u0636\u0627\u062f \u0627\u0644\u0631\u063a\u0648\u0629 E-900.\n\u064a\u0645\u0643\u0646\u0643 \u0627\u0633\u062a\u062e\u062f\u0627\u0645\u0647 \u0643\u0632\u064a\u062a \u0642\u0644\u064a \u0644\u062c\u0645\u064a\u0639 \u0623\u0646\u0648\u0627\u0639 \u0627\u0644\u0628\u0637\u0627\u0637\u0633 \u0627\u0644\u0645\u0642\u0644\u064a\u0629 \u0645\u062b\u0644 \u0627\u0644\u0628\u0637\u0627\u0637\u0633 \u0648\u0627\u0644\u0643\u0631\u0648\u0643\u064a\u062a \u0648\u0627\u0644\u0632\u0644\u0627\u0628\u064a\u0629 \u0627\u0644\u0645\u0642\u0644\u064a\u0629 \u0648\u0645\u0627 \u0625\u0644\u0649 \u0630\u0644\u0643.\n \n\u0642\u0645 \u0628\u062a\u062e\u0632\u064a\u0646 \u0627\u0644\u0632\u064a\u062a \u0641\u064a \u0628\u064a\u0626\u0629 \u0628\u0627\u0631\u062f\u0629 \u0648\u062c\u0627\u0641\u0629 \u0648\u0639\u062f\u064a\u0645\u0629 \u0627\u0644\u0631\u0627\u0626\u062d\u0629 \u0648\u0645\u062d\u0645\u064a\u0629 \u0645\u0646 \u0623\u0634\u0639\u0629 \u0627\u0644\u0634\u0645\u0633. \u0642\u0645 \u0628\u062a\u062e\u0632\u064a\u0646 \u0627\u0644\u0632\u064a\u062a \u0641\u064a \u0645\u0643\u0627\u0646 \u0644\u0627 \u064a\u062f\u062e\u0644\u0647 \u0627\u0644\u0645\u0627\u0621. \u062a\u0623\u0643\u062f \u0645\u0646 \u0625\u063a\u0644\u0627\u0642 \u0627\u0644\u063a\u0637\u0627\u0621 \u0628\u0625\u062d\u0643\u0627\u0645 \u0628\u0639\u062f \u0627\u0633\u062a\u062e\u062f\u0627\u0645 \u0627\u0644\u0632\u064a\u062a. \u0642\u0628\u0644 \u0643\u0644 \u0627\u0633\u062a\u062e\u062f\u0627\u0645\u060c \u0631\u062c\u064a \u0627\u0644\u0632\u064a\u062a \u0644\u062e\u0644\u0637\u0647.<\/p>\n\t\t\t\t<a\n\t\t\thref=\"https:\/\/belkisyag.com\/wp-content\/uploads\/2024\/04\/1.jpg\"\n\t\t\t\t\t\tdata-fancybox=\"images\" \n\t\t\ttitle=\"1\" \n\t\t\t\t\t\tdata-caption=\"Sunflower Oil 700 ml (Pet)\"\n\t\t\t\t\t\tdata-description=\"\" \n\t\t\titemprop=\"contentUrl\">\n\t\t\t<img decoding=\"async\" src=\"https:\/\/belkisyag.com\/wp-content\/uploads\/2024\/04\/1.jpg\" alt=\"\" data-no-lazy=\"1\" itemprop=\"thumbnail\" width=\"300\" height=\"300\" \/>\n\t\t\t<!-- Overlay Wrapper -->\n\t\t\t <!-- Overlay Wrapper Closed -->\n\t\t\t\t<\/a>\n\t\t\t\t\t\t\t<meta itemprop=\"width\" content=\"300\" \/>\n\t\t\t<meta itemprop=\"height\" content=\"300\" \/>\n\t\t\u0632\u064a\u062a \u062f\u0648\u0627\u0631 \u0627\u0644\u0634\u0645\u0633 700 \u0645\u0644 (\u0639\u0644\u0628\u0629)\n\t\t\t\t<a\n\t\t\thref=\"https:\/\/belkisyag.com\/wp-content\/uploads\/2024\/04\/2.jpg\"\n\t\t\t\t\t\tdata-fancybox=\"images\" \n\t\t\ttitle=\"2\" \n\t\t\t\t\t\tdata-caption=\"Sunflower Oil 800 ml (Pet)\"\n\t\t\t\t\t\tdata-description=\"\" \n\t\t\titemprop=\"contentUrl\">\n\t\t\t<img decoding=\"async\" src=\"https:\/\/belkisyag.com\/wp-content\/uploads\/2024\/04\/2.jpg\" alt=\"\" data-no-lazy=\"1\" itemprop=\"thumbnail\" width=\"300\" height=\"300\" \/>\n\t\t\t<!-- Overlay Wrapper -->\n\t\t\t <!-- Overlay Wrapper Closed -->\n\t\t\t\t<\/a>\n\t\t\t\t\t\t\t<meta itemprop=\"width\" content=\"300\" \/>\n\t\t\t<meta itemprop=\"height\" content=\"300\" \/>\n\t\t\u0632\u064a\u062a \u062f\u0648\u0627\u0631 \u0627\u0644\u0634\u0645\u0633 800 \u0645\u0644 (\u0639\u0644\u0628\u0629)\n\t\t\t\t<a\n\t\t\thref=\"https:\/\/belkisyag.com\/wp-content\/uploads\/2024\/04\/3.jpg\"\n\t\t\t\t\t\tdata-fancybox=\"images\" \n\t\t\ttitle=\"3\" \n\t\t\t\t\t\tdata-caption=\"Sunflower Oil 880 ml (Pet)\"\n\t\t\t\t\t\tdata-description=\"\" \n\t\t\titemprop=\"contentUrl\">\n\t\t\t<img decoding=\"async\" src=\"https:\/\/belkisyag.com\/wp-content\/uploads\/2024\/04\/3.jpg\" alt=\"\" data-no-lazy=\"1\" itemprop=\"thumbnail\" width=\"300\" height=\"300\" \/>\n\t\t\t<!-- Overlay Wrapper -->\n\t\t\t <!-- Overlay Wrapper Closed -->\n\t\t\t\t<\/a>\n\t\t\t\t\t\t\t<meta itemprop=\"width\" content=\"300\" \/>\n\t\t\t<meta itemprop=\"height\" content=\"300\" \/>\n\t\t\u0632\u064a\u062a \u062f\u0648\u0627\u0631 \u0627\u0644\u0634\u0645\u0633 880 \u0645\u0644 (\u0639\u0644\u0628\u0629)\n\t\t\t\t<a\n\t\t\thref=\"https:\/\/belkisyag.com\/wp-content\/uploads\/2024\/04\/4.jpg\"\n\t\t\t\t\t\tdata-fancybox=\"images\" \n\t\t\ttitle=\"4\" \n\t\t\t\t\t\tdata-caption=\"Sunflower Oil 1 Lt (Pet)\"\n\t\t\t\t\t\tdata-description=\"\" \n\t\t\titemprop=\"contentUrl\">\n\t\t\t<img decoding=\"async\" src=\"https:\/\/belkisyag.com\/wp-content\/uploads\/2024\/04\/4.jpg\" alt=\"\" data-no-lazy=\"1\" itemprop=\"thumbnail\" width=\"300\" height=\"300\" \/>\n\t\t\t<!-- Overlay Wrapper -->\n\t\t\t <!-- Overlay Wrapper Closed -->\n\t\t\t\t<\/a>\n\t\t\t\t\t\t\t<meta itemprop=\"width\" content=\"300\" \/>\n\t\t\t<meta itemprop=\"height\" content=\"300\" \/>\n\t\t\u0632\u064a\u062a \u062f\u0648\u0627\u0631 \u0627\u0644\u0634\u0645\u0633 1 \u0644\u062a\u0631 (\u0632\u062c\u0627\u062c\u0629 \u0628\u0644\u0627\u0633\u062a\u064a\u0643\u064a\u0629)\n\t\t\t\t<a\n\t\t\thref=\"https:\/\/belkisyag.com\/wp-content\/uploads\/2024\/04\/5.jpg\"\n\t\t\t\t\t\tdata-fancybox=\"images\" \n\t\t\ttitle=\"5\" \n\t\t\t\t\t\tdata-caption=\"Sunflower Oil 1,5 Lt (Pet)\"\n\t\t\t\t\t\tdata-description=\"\" \n\t\t\titemprop=\"contentUrl\">\n\t\t\t<img decoding=\"async\" src=\"https:\/\/belkisyag.com\/wp-content\/uploads\/2024\/04\/5.jpg\" alt=\"\" data-no-lazy=\"1\" itemprop=\"thumbnail\" width=\"300\" height=\"300\" \/>\n\t\t\t<!-- Overlay Wrapper -->\n\t\t\t <!-- Overlay Wrapper Closed -->\n\t\t\t\t<\/a>\n\t\t\t\t\t\t\t<meta itemprop=\"width\" content=\"300\" \/>\n\t\t\t<meta itemprop=\"height\" content=\"300\" \/>\n\t\t\u0632\u064a\u062a \u062f\u0648\u0627\u0631 \u0627\u0644\u0634\u0645\u0633 1.5 \u0644\u062a\u0631 (\u0632\u062c\u0627\u062c\u0629 \u0628\u0644\u0627\u0633\u062a\u064a\u0643\u064a\u0629)\n\t\t\t\t<a\n\t\t\thref=\"https:\/\/belkisyag.com\/wp-content\/uploads\/2024\/04\/6.jpg\"\n\t\t\t\t\t\tdata-fancybox=\"images\" \n\t\t\ttitle=\"6\" \n\t\t\t\t\t\tdata-caption=\"Sunflower Oil 1,8 Lt (Pet)\"\n\t\t\t\t\t\tdata-description=\"\" \n\t\t\titemprop=\"contentUrl\">\n\t\t\t<img decoding=\"async\" src=\"https:\/\/belkisyag.com\/wp-content\/uploads\/2024\/04\/6.jpg\" alt=\"\" data-no-lazy=\"1\" itemprop=\"thumbnail\" width=\"300\" height=\"300\" \/>\n\t\t\t<!-- Overlay Wrapper -->\n\t\t\t <!-- Overlay Wrapper Closed -->\n\t\t\t\t<\/a>\n\t\t\t\t\t\t\t<meta itemprop=\"width\" content=\"300\" \/>\n\t\t\t<meta itemprop=\"height\" content=\"300\" \/>\n\t\t\u0632\u064a\u062a \u062f\u0648\u0627\u0631 \u0627\u0644\u0634\u0645\u0633 1.8 \u0644\u062a\u0631 (\u0632\u062c\u0627\u062c\u0629 \u0628\u0644\u0627\u0633\u062a\u064a\u0643\u064a\u0629)\n\t\t\t\t<a\n\t\t\thref=\"https:\/\/belkisyag.com\/wp-content\/uploads\/2024\/04\/7.jpg\"\n\t\t\t\t\t\tdata-fancybox=\"images\" \n\t\t\ttitle=\"7\" \n\t\t\t\t\t\tdata-caption=\"Sunflower Oil 2 Lt (Pet)\"\n\t\t\t\t\t\tdata-description=\"\" \n\t\t\titemprop=\"contentUrl\">\n\t\t\t<img decoding=\"async\" src=\"https:\/\/belkisyag.com\/wp-content\/uploads\/2024\/04\/7.jpg\" alt=\"\" data-no-lazy=\"1\" itemprop=\"thumbnail\" width=\"300\" height=\"300\" \/>\n\t\t\t<!-- Overlay Wrapper -->\n\t\t\t <!-- Overlay Wrapper Closed -->\n\t\t\t\t<\/a>\n\t\t\t\t\t\t\t<meta itemprop=\"width\" content=\"300\" \/>\n\t\t\t<meta itemprop=\"height\" content=\"300\" \/>\n\t\t\u0632\u064a\u062a \u062f\u0648\u0627\u0631 \u0627\u0644\u0634\u0645\u0633 2 \u0644\u062a\u0631 (\u0632\u062c\u0627\u062c\u0629 \u0628\u0644\u0627\u0633\u062a\u064a\u0643\u064a\u0629)\n\t\t\t\t<a\n\t\t\thref=\"https:\/\/belkisyag.com\/wp-content\/uploads\/2024\/04\/8.jpg\"\n\t\t\t\t\t\tdata-fancybox=\"images\" \n\t\t\ttitle=\"8\" \n\t\t\t\t\t\tdata-caption=\"Sunflower Oil 3 Lt (Pet Bottle Small Cap)\"\n\t\t\t\t\t\tdata-description=\"\" \n\t\t\titemprop=\"contentUrl\">\n\t\t\t<img decoding=\"async\" src=\"https:\/\/belkisyag.com\/wp-content\/uploads\/2024\/04\/8.jpg\" alt=\"\" data-no-lazy=\"1\" itemprop=\"thumbnail\" width=\"300\" height=\"300\" \/>\n\t\t\t<!-- Overlay Wrapper -->\n\t\t\t <!-- Overlay Wrapper Closed -->\n\t\t\t\t<\/a>\n\t\t\t\t\t\t\t<meta itemprop=\"width\" content=\"300\" \/>\n\t\t\t<meta itemprop=\"height\" content=\"300\" \/>\n\t\t\u0632\u064a\u062a \u062f\u0648\u0627\u0631 \u0627\u0644\u0634\u0645\u0633 3 \u0644\u062a\u0631 (\u0632\u062c\u0627\u062c\u0629 \u0628\u0644\u0627\u0633\u062a\u064a\u0643\u064a\u0629 \u0628\u063a\u0637\u0627\u0621 \u0635\u063a\u064a\u0631)\n\t\t\t\t<a\n\t\t\thref=\"https:\/\/belkisyag.com\/wp-content\/uploads\/2024\/04\/9.jpg\"\n\t\t\t\t\t\tdata-fancybox=\"images\" \n\t\t\ttitle=\"9\" \n\t\t\t\t\t\tdata-caption=\"Sunflower Oil 4 Lt (Pet Bottle Big Cap)\"\n\t\t\t\t\t\tdata-description=\"\" \n\t\t\titemprop=\"contentUrl\">\n\t\t\t<img decoding=\"async\" src=\"https:\/\/belkisyag.com\/wp-content\/uploads\/2024\/04\/9.jpg\" alt=\"\" data-no-lazy=\"1\" itemprop=\"thumbnail\" width=\"300\" height=\"300\" \/>\n\t\t\t<!-- Overlay Wrapper -->\n\t\t\t <!-- Overlay Wrapper Closed -->\n\t\t\t\t<\/a>\n\t\t\t\t\t\t\t<meta itemprop=\"width\" content=\"300\" \/>\n\t\t\t<meta itemprop=\"height\" content=\"300\" \/>\n\t\t\u0632\u064a\u062a \u062f\u0648\u0627\u0631 \u0627\u0644\u0634\u0645\u0633 4 \u0644\u062a\u0631 (\u0632\u062c\u0627\u062c\u0629 \u0628\u0644\u0627\u0633\u062a\u064a\u0643\u064a\u0629 \u0628\u063a\u0637\u0627\u0621 \u0643\u0628\u064a\u0631)\n\t\t\t\t<a\n\t\t\thref=\"https:\/\/belkisyag.com\/wp-content\/uploads\/2024\/04\/10.jpg\"\n\t\t\t\t\t\tdata-fancybox=\"images\" \n\t\t\ttitle=\"10\" \n\t\t\t\t\t\tdata-caption=\"Sunflower Oil 4 Lt (Pet Bottle Small Cap)\"\n\t\t\t\t\t\tdata-description=\"\" \n\t\t\titemprop=\"contentUrl\">\n\t\t\t<img decoding=\"async\" src=\"https:\/\/belkisyag.com\/wp-content\/uploads\/2024\/04\/10.jpg\" alt=\"\" data-no-lazy=\"1\" itemprop=\"thumbnail\" width=\"300\" height=\"300\" \/>\n\t\t\t<!-- Overlay Wrapper -->\n\t\t\t <!-- Overlay Wrapper Closed -->\n\t\t\t\t<\/a>\n\t\t\t\t\t\t\t<meta itemprop=\"width\" content=\"300\" \/>\n\t\t\t<meta itemprop=\"height\" content=\"300\" \/>\n\t\t\u0632\u064a\u062a \u062f\u0648\u0627\u0631 \u0627\u0644\u0634\u0645\u0633 4 \u0644\u062a\u0631 (\u0632\u062c\u0627\u062c\u0629 \u0628\u0644\u0627\u0633\u062a\u064a\u0643\u064a\u0629 \u0628\u063a\u0637\u0627\u0621 \u0635\u063a\u064a\u0631)\n\t\t\t\t<a\n\t\t\thref=\"https:\/\/belkisyag.com\/wp-content\/uploads\/2024\/04\/11.jpg\"\n\t\t\t\t\t\tdata-fancybox=\"images\" \n\t\t\ttitle=\"11\" \n\t\t\t\t\t\tdata-caption=\"Sunflower Oil 4,5 Lt (Pet Bottle Small Cap)\"\n\t\t\t\t\t\tdata-description=\"\" \n\t\t\titemprop=\"contentUrl\">\n\t\t\t<img decoding=\"async\" src=\"https:\/\/belkisyag.com\/wp-content\/uploads\/2024\/04\/11.jpg\" alt=\"\" data-no-lazy=\"1\" itemprop=\"thumbnail\" width=\"300\" height=\"300\" \/>\n\t\t\t<!-- Overlay Wrapper -->\n\t\t\t <!-- Overlay Wrapper Closed -->\n\t\t\t\t<\/a>\n\t\t\t\t\t\t\t<meta itemprop=\"width\" content=\"300\" \/>\n\t\t\t<meta itemprop=\"height\" content=\"300\" \/>\n\t\t\u0632\u064a\u062a \u062f\u0648\u0627\u0631 \u0627\u0644\u0634\u0645\u0633 4.5 \u0644\u062a\u0631 (\u0632\u062c\u0627\u062c\u0629 \u0628\u0644\u0627\u0633\u062a\u064a\u0643\u064a\u0629 \u0628\u063a\u0637\u0627\u0621 \u0635\u063a\u064a\u0631)\n\t\t\t\t<a\n\t\t\thref=\"https:\/\/belkisyag.com\/wp-content\/uploads\/2024\/04\/12.jpg\"\n\t\t\t\t\t\tdata-fancybox=\"images\" \n\t\t\ttitle=\"12\" \n\t\t\t\t\t\tdata-caption=\"Sunflower Oil 5 Lt (Pet Bottle Big Cap)\"\n\t\t\t\t\t\tdata-description=\"\" \n\t\t\titemprop=\"contentUrl\">\n\t\t\t<img decoding=\"async\" src=\"https:\/\/belkisyag.com\/wp-content\/uploads\/2024\/04\/12.jpg\" alt=\"\" data-no-lazy=\"1\" itemprop=\"thumbnail\" width=\"300\" height=\"300\" \/>\n\t\t\t<!-- Overlay Wrapper -->\n\t\t\t <!-- Overlay Wrapper Closed -->\n\t\t\t\t<\/a>\n\t\t\t\t\t\t\t<meta itemprop=\"width\" content=\"300\" \/>\n\t\t\t<meta itemprop=\"height\" content=\"300\" \/>\n\t\t\u0632\u064a\u062a \u062f\u0648\u0627\u0631 \u0627\u0644\u0634\u0645\u0633 5 \u0644\u062a\u0631 (\u0632\u062c\u0627\u062c\u0629 \u0628\u0644\u0627\u0633\u062a\u064a\u0643\u064a\u0629 \u0628\u063a\u0637\u0627\u0621 \u0643\u0628\u064a\u0631)\n\t\t\t\t<a\n\t\t\thref=\"https:\/\/belkisyag.com\/wp-content\/uploads\/2024\/04\/13.jpg\"\n\t\t\t\t\t\tdata-fancybox=\"images\" \n\t\t\ttitle=\"13\" \n\t\t\t\t\t\tdata-caption=\"Sunflower Oil 5 Lt (Pet Bottle Small Cap)\"\n\t\t\t\t\t\tdata-description=\"\" \n\t\t\titemprop=\"contentUrl\">\n\t\t\t<img decoding=\"async\" src=\"https:\/\/belkisyag.com\/wp-content\/uploads\/2024\/04\/13.jpg\" alt=\"\" data-no-lazy=\"1\" itemprop=\"thumbnail\" width=\"300\" height=\"300\" \/>\n\t\t\t<!-- Overlay Wrapper -->\n\t\t\t <!-- Overlay Wrapper Closed -->\n\t\t\t\t<\/a>\n\t\t\t\t\t\t\t<meta itemprop=\"width\" content=\"300\" \/>\n\t\t\t<meta itemprop=\"height\" content=\"300\" \/>\n\t\t\u0632\u064a\u062a \u062f\u0648\u0627\u0631 \u0627\u0644\u0634\u0645\u0633 5 \u0644\u062a\u0631 (\u0632\u062c\u0627\u062c\u0629 \u0628\u0644\u0627\u0633\u062a\u064a\u0643\u064a\u0629 \u0628\u063a\u0637\u0627\u0621 \u0643\u0628\u064a\u0631)\n\t\t\t\t<a\n\t\t\thref=\"https:\/\/belkisyag.com\/wp-content\/uploads\/2024\/04\/14.jpg\"\n\t\t\t\t\t\tdata-fancybox=\"images\" \n\t\t\ttitle=\"14\" \n\t\t\t\t\t\tdata-caption=\"Sunflower Oil 4 Lt (Tin)\"\n\t\t\t\t\t\tdata-description=\"\" \n\t\t\titemprop=\"contentUrl\">\n\t\t\t<img decoding=\"async\" src=\"https:\/\/belkisyag.com\/wp-content\/uploads\/2024\/04\/14.jpg\" alt=\"\" data-no-lazy=\"1\" itemprop=\"thumbnail\" width=\"300\" height=\"300\" \/>\n\t\t\t<!-- Overlay Wrapper -->\n\t\t\t <!-- Overlay Wrapper Closed -->\n\t\t\t\t<\/a>\n\t\t\t\t\t\t\t<meta itemprop=\"width\" content=\"300\" \/>\n\t\t\t<meta itemprop=\"height\" content=\"300\" \/>\n\t\t\u0632\u064a\u062a \u062f\u0648\u0627\u0631 \u0627\u0644\u0634\u0645\u0633 4 \u0644\u062a\u0631 (\u0639\u0644\u0628\u0629 \u0645\u0646 \u0627\u0644\u0635\u0641\u064a\u062d)\n\t\t\t\t<a\n\t\t\thref=\"https:\/\/belkisyag.com\/wp-content\/uploads\/2024\/04\/15.jpg\"\n\t\t\t\t\t\tdata-fancybox=\"images\" \n\t\t\ttitle=\"15\" \n\t\t\t\t\t\tdata-caption=\"Sunflower Oil 5 Lt (Tin)\"\n\t\t\t\t\t\tdata-description=\"\" \n\t\t\titemprop=\"contentUrl\">\n\t\t\t<img decoding=\"async\" src=\"https:\/\/belkisyag.com\/wp-content\/uploads\/2024\/04\/15.jpg\" alt=\"\" data-no-lazy=\"1\" itemprop=\"thumbnail\" width=\"300\" height=\"300\" \/>\n\t\t\t<!-- Overlay Wrapper -->\n\t\t\t <!-- Overlay Wrapper Closed -->\n\t\t\t\t<\/a>\n\t\t\t\t\t\t\t<meta itemprop=\"width\" content=\"300\" \/>\n\t\t\t<meta itemprop=\"height\" content=\"300\" \/>\n\t\t\u0632\u064a\u062a \u062f\u0648\u0627\u0631 \u0627\u0644\u0634\u0645\u0633 5 \u0644\u062a\u0631 (\u0639\u0644\u0628\u0629 \u0645\u0646 \u0627\u0644\u0635\u0641\u064a\u062d)\n\t\t\t\t<a\n\t\t\thref=\"https:\/\/belkisyag.com\/wp-content\/uploads\/2024\/04\/16.jpg\"\n\t\t\t\t\t\tdata-fancybox=\"images\" \n\t\t\ttitle=\"16\" \n\t\t\t\t\t\tdata-caption=\"Sunflower Oil 8 Lt (Tin)\"\n\t\t\t\t\t\tdata-description=\"\" \n\t\t\titemprop=\"contentUrl\">\n\t\t\t<img decoding=\"async\" src=\"https:\/\/belkisyag.com\/wp-content\/uploads\/2024\/04\/16.jpg\" alt=\"\" data-no-lazy=\"1\" itemprop=\"thumbnail\" width=\"300\" height=\"300\" \/>\n\t\t\t<!-- Overlay Wrapper -->\n\t\t\t <!-- Overlay Wrapper Closed -->\n\t\t\t\t<\/a>\n\t\t\t\t\t\t\t<meta itemprop=\"width\" content=\"300\" \/>\n\t\t\t<meta itemprop=\"height\" content=\"300\" \/>\n\t\t\u0632\u064a\u062a \u062f\u0648\u0627\u0631 \u0627\u0644\u0634\u0645\u0633 8 \u0644\u062a\u0631 (\u0639\u0644\u0628\u0629 \u0645\u0646 \u0627\u0644\u0635\u0641\u064a\u062d)\n\t\t\t\t<a\n\t\t\thref=\"https:\/\/belkisyag.com\/wp-content\/uploads\/2024\/04\/17.jpg\"\n\t\t\t\t\t\tdata-fancybox=\"images\" \n\t\t\ttitle=\"17\" \n\t\t\t\t\t\tdata-caption=\"Sunflower Oil 10 Lt (Pet Bottle Big Cap)\"\n\t\t\t\t\t\tdata-description=\"\" \n\t\t\titemprop=\"contentUrl\">\n\t\t\t<img decoding=\"async\" src=\"https:\/\/belkisyag.com\/wp-content\/uploads\/2024\/04\/17.jpg\" alt=\"\" data-no-lazy=\"1\" itemprop=\"thumbnail\" width=\"300\" height=\"300\" \/>\n\t\t\t<!-- Overlay Wrapper -->\n\t\t\t <!-- Overlay Wrapper Closed -->\n\t\t\t\t<\/a>\n\t\t\t\t\t\t\t<meta itemprop=\"width\" content=\"300\" \/>\n\t\t\t<meta itemprop=\"height\" content=\"300\" \/>\n\t\t\u0632\u064a\u062a \u062f\u0648\u0627\u0631 \u0627\u0644\u0634\u0645\u0633 10 \u0644\u062a\u0631 (\u0632\u062c\u0627\u062c\u0629 \u0628\u0644\u0627\u0633\u062a\u064a\u0643\u064a\u0629 \u0628\u063a\u0637\u0627\u0621 \u0643\u0628\u064a\u0631)\n\t\t\t\t<a\n\t\t\thref=\"https:\/\/belkisyag.com\/wp-content\/uploads\/2024\/04\/18.jpg\"\n\t\t\t\t\t\tdata-fancybox=\"images\" \n\t\t\ttitle=\"18\" \n\t\t\t\t\t\tdata-caption=\"Sunflower Oil 10 Lt (Tin)\"\n\t\t\t\t\t\tdata-description=\"\" \n\t\t\titemprop=\"contentUrl\">\n\t\t\t<img decoding=\"async\" src=\"https:\/\/belkisyag.com\/wp-content\/uploads\/2024\/04\/18.jpg\" alt=\"\" data-no-lazy=\"1\" itemprop=\"thumbnail\" width=\"300\" height=\"300\" \/>\n\t\t\t<!-- Overlay Wrapper -->\n\t\t\t <!-- Overlay Wrapper Closed -->\n\t\t\t\t<\/a>\n\t\t\t\t\t\t\t<meta itemprop=\"width\" content=\"300\" \/>\n\t\t\t<meta itemprop=\"height\" content=\"300\" \/>\n\t\t\u0632\u064a\u062a \u062f\u0648\u0627\u0631 \u0627\u0644\u0634\u0645\u0633 10 \u0644\u062a\u0631 (\u0639\u0644\u0628\u0629 \u0645\u0646 \u0627\u0644\u0635\u0641\u064a\u062d)\n\t\t\t\t<a\n\t\t\thref=\"https:\/\/belkisyag.com\/wp-content\/uploads\/2024\/04\/19.jpg\"\n\t\t\t\t\t\tdata-fancybox=\"images\" \n\t\t\ttitle=\"19\" \n\t\t\t\t\t\tdata-caption=\"Sunflower Oil 16 Kg (Tin)\"\n\t\t\t\t\t\tdata-description=\"\" \n\t\t\titemprop=\"contentUrl\">\n\t\t\t<img decoding=\"async\" src=\"https:\/\/belkisyag.com\/wp-content\/uploads\/2024\/04\/19.jpg\" alt=\"\" data-no-lazy=\"1\" itemprop=\"thumbnail\" width=\"300\" height=\"300\" \/>\n\t\t\t<!-- Overlay Wrapper -->\n\t\t\t <!-- Overlay Wrapper Closed -->\n\t\t\t\t<\/a>\n\t\t\t\t\t\t\t<meta itemprop=\"width\" content=\"300\" \/>\n\t\t\t<meta itemprop=\"height\" content=\"300\" \/>\n\t\t\u0632\u064a\u062a \u062f\u0648\u0627\u0631 \u0627\u0644\u0634\u0645\u0633 16 \u0643\u064a\u0644\u0648 (\u0639\u0644\u0628\u0629 \u0645\u0646 \u0627\u0644\u0635\u0641\u064a\u062d)\n\t\t\t\t<a\n\t\t\thref=\"https:\/\/belkisyag.com\/wp-content\/uploads\/2024\/04\/20.jpg\"\n\t\t\t\t\t\tdata-fancybox=\"images\" \n\t\t\ttitle=\"20\" \n\t\t\t\t\t\tdata-caption=\"Sunflower Oil 16 Lt (Tin)\"\n\t\t\t\t\t\tdata-description=\"\" \n\t\t\titemprop=\"contentUrl\">\n\t\t\t<img decoding=\"async\" src=\"https:\/\/belkisyag.com\/wp-content\/uploads\/2024\/04\/20.jpg\" alt=\"\" data-no-lazy=\"1\" itemprop=\"thumbnail\" width=\"300\" height=\"300\" \/>\n\t\t\t<!-- Overlay Wrapper -->\n\t\t\t <!-- Overlay Wrapper Closed -->\n\t\t\t\t<\/a>\n\t\t\t\t\t\t\t<meta itemprop=\"width\" content=\"300\" \/>\n\t\t\t<meta itemprop=\"height\" content=\"300\" \/>\n\t\t\u0632\u064a\u062a \u062f\u0648\u0627\u0631 \u0627\u0644\u0634\u0645\u0633 16 \u0644\u062a\u0631 (\u0639\u0644\u0628\u0629 \u0645\u0646 \u0627\u0644\u0635\u0641\u064a\u062d)\n\t\t\t\t<a\n\t\t\thref=\"https:\/\/belkisyag.com\/wp-content\/uploads\/2024\/04\/21.jpg\"\n\t\t\t\t\t\tdata-fancybox=\"images\" \n\t\t\ttitle=\"21\" \n\t\t\t\t\t\tdata-caption=\"Sunflower Oil 18 Lt (Tin)\"\n\t\t\t\t\t\tdata-description=\"\" \n\t\t\titemprop=\"contentUrl\">\n\t\t\t<img decoding=\"async\" src=\"https:\/\/belkisyag.com\/wp-content\/uploads\/2024\/04\/21.jpg\" alt=\"\" data-no-lazy=\"1\" itemprop=\"thumbnail\" width=\"300\" height=\"300\" \/>\n\t\t\t<!-- Overlay Wrapper -->\n\t\t\t <!-- Overlay Wrapper Closed -->\n\t\t\t\t<\/a>\n\t\t\t\t\t\t\t<meta itemprop=\"width\" content=\"300\" \/>\n\t\t\t<meta itemprop=\"height\" content=\"300\" \/>\n\t\t\u0632\u064a\u062a \u062f\u0648\u0627\u0631 \u0627\u0644\u0634\u0645\u0633 18 \u0644\u062a\u0631 (\u0639\u0644\u0628\u0629 \u0645\u0646 \u0627\u0644\u0635\u0641\u064a\u062d)\n\t\t\t\t<img decoding=\"async\" src=\"https:\/\/belkisyag.com\/wp-content\/uploads\/2022\/09\/belkisLOGOyazisiz.png\" alt=\"belkisLOGOyaz\u0131s\u0131z\" itemprop=\"image\" height=\"1381\" width=\"2189\" title=\"belkisLOGOyaz\u0131s\u0131z\" onerror=\"this.style.display='none'\"  \/>\n\t\t\t\t<img decoding=\"async\" src=\"https:\/\/belkisyag.com\/wp-content\/uploads\/2024\/03\/paramyag.png\" alt=\"paramyag\" itemprop=\"image\" height=\"100\" width=\"259\" title=\"paramyag\" onerror=\"this.style.display='none'\"  \/>\n\t\t\t\t<img decoding=\"async\" src=\"https:\/\/belkisyag.com\/wp-content\/uploads\/2024\/03\/brcgs.jpg\" alt=\"brcgs\" itemprop=\"image\" height=\"148\" width=\"354\" title=\"brcgs\" onerror=\"this.style.display='none'\"  \/>\n<h4>\n\t\t\u0627\u0644\u0642\u0627\u0626\u0645\u0629 \u0627\u0644\u0641\u0631\u0639\u064a\u0629\n\t<\/h4>\n<h4>\n\t\t\u0627\u0644\u0627\u062a\u0635\u0627\u0644\n\t<\/h4>\n\tContact us for your opinions and suggestions.<br \/>\nYou can communicate:\nPamyag Gida Sanayi Ticaret Anonim Sirketi Sekili Mah.<br \/>\nE-90 Karayolu \u00dczeri Cad. No: 19\/1<br \/>\n<strong>Nizip \/ GAZIANTEP \/ T\u00dcRKIYE<\/strong>\n<strong>E<\/strong>: info@pamyag.com<br \/>\n<strong>T<\/strong>: +90 (342) 545 20 20<br \/>\n<strong>F<\/strong>: +90 (342) 545 23 11\n\t<p>Copyright \u00a9 2024, Pamyag G\u0131da San. Tic. A.S. T\u00fcm Haklar Sakl\u0131d\u0131r.<\/p>","protected":false},"excerpt":{"rendered":"<p>Sunflower Oil It is used [&hellip;]<\/p>","protected":false},"author":14,"featured_media":0,"parent":1755,"menu_order":0,"comment_status":"closed","ping_status":"closed","template":"","meta":{"_uag_custom_page_level_css":"","site-sidebar-layout":"no-sidebar","site-content-layout":"","ast-site-content-layout":"full-width-container","site-content-style":"default","site-sidebar-style":"default","ast-global-header-display":"","ast-banner-title-visibility":"","ast-main-header-display":"","ast-hfb-above-header-display":"","ast-hfb-below-header-display":"","ast-hfb-mobile-header-display":"","site-post-title":"disabled","ast-breadcrumbs-content":"","ast-featured-img":"disabled","footer-sml-layout":"","theme-transparent-header-meta":"default","adv-header-id-meta":"","stick-header-meta":"default","header-above-stick-meta":"","header-main-stick-meta":"","header-below-stick-meta":"","astra-migrate-meta-layouts":"set","ast-page-background-enabled":"default","ast-page-background-meta":{"desktop":{"background-color":"var(--ast-global-color-4)","background-image":"","background-repeat":"repeat","background-position":"center center","background-size":"auto","background-attachment":"scroll","background-type":"","background-media":"","overlay-type":"","overlay-color":"","overlay-gradient":""},"tablet":{"background-color":"","background-image":"","background-repeat":"repeat","background-position":"center center","background-size":"auto","background-attachment":"scroll","background-type":"","background-media":"","overlay-type":"","overlay-color":"","overlay-gradient":""},"mobile":{"background-color":"","background-image":"","background-repeat":"repeat","background-position":"center center","background-size":"auto","background-attachment":"scroll","background-type":"","background-media":"","overlay-type":"","overlay-color":"","overlay-gradient":""}},"ast-content-background-meta":{"desktop":{"background-color":"var(--ast-global-color-5)","background-image":"","background-repeat":"repeat","background-position":"center center","background-size":"auto","background-attachment":"scroll","background-type":"","background-media":"","overlay-type":"","overlay-color":"","overlay-gradient":""},"tablet":{"background-color":"var(--ast-global-color-5)","background-image":"","background-repeat":"repeat","background-position":"center center","background-size":"auto","background-attachment":"scroll","background-type":"","background-media":"","overlay-type":"","overlay-color":"","overlay-gradient":""},"mobile":{"background-color":"var(--ast-global-color-5)","background-image":"","background-repeat":"repeat","background-position":"center center","background-size":"auto","background-attachment":"scroll","background-type":"","background-media":"","overlay-type":"","overlay-color":"","overlay-gradient":""}},"footnotes":""},"class_list":["post-3305","page","type-page","status-publish","hentry"],"uagb_featured_image_src":{"full":false,"thumbnail":false,"medium":false,"medium_large":false,"large":false,"1536x1536":false,"2048x2048":false,"trp-custom-language-flag":false},"uagb_author_info":{"display_name":"Ali Bard\u0131z","author_link":"https:\/\/belkisyag.com\/ar\/author\/ali"},"uagb_comment_info":0,"uagb_excerpt":"Sunflower Oil It is used [&hellip;]","_links":{"self":[{"href":"https:\/\/belkisyag.com\/ar\/wp-json\/wp\/v2\/pages\/3305","targetHints":{"allow":["GET"]}}],"collection":[{"href":"https:\/\/belkisyag.com\/ar\/wp-json\/wp\/v2\/pages"}],"about":[{"href":"https:\/\/belkisyag.com\/ar\/wp-json\/wp\/v2\/types\/page"}],"author":[{"embeddable":true,"href":"https:\/\/belkisyag.com\/ar\/wp-json\/wp\/v2\/users\/14"}],"replies":[{"embeddable":true,"href":"https:\/\/belkisyag.com\/ar\/wp-json\/wp\/v2\/comments?post=3305"}],"version-history":[{"count":9,"href":"https:\/\/belkisyag.com\/ar\/wp-json\/wp\/v2\/pages\/3305\/revisions"}],"predecessor-version":[{"id":3605,"href":"https:\/\/belkisyag.com\/ar\/wp-json\/wp\/v2\/pages\/3305\/revisions\/3605"}],"up":[{"embeddable":true,"href":"https:\/\/belkisyag.com\/ar\/wp-json\/wp\/v2\/pages\/1755"}],"wp:attachment":[{"href":"https:\/\/belkisyag.com\/ar\/wp-json\/wp\/v2\/media?parent=3305"}],"curies":[{"name":"wp","href":"https:\/\/api.w.org\/{rel}","templated":true}]}}