{"id":3286,"date":"2024-03-28T10:29:34","date_gmt":"2024-03-28T07:29:34","guid":{"rendered":"https:\/\/belkisyag.com\/?page_id=3286"},"modified":"2024-04-17T14:21:25","modified_gmt":"2024-04-17T11:21:25","slug":"production","status":"publish","type":"page","link":"https:\/\/belkisyag.com\/ar\/production","title":{"rendered":"Production"},"content":{"rendered":"<h1>\n\t\tProduction\n\t<\/h1>\n\t\t\t\t<a\n\t\t\thref=\"https:\/\/belkisyag.com\/wp-content\/uploads\/2024\/03\/uretim_resim_3.jpg\"\n\t\t\t\t\t\tdata-fancybox=\"images\" \n\t\t\ttitle=\"uretim_resim_3\" \n\t\t\t\t\t\tdata-caption=\"\"\n\t\t\t\t\t\tdata-description=\"\" \n\t\t\titemprop=\"contentUrl\">\n\t\t\t<img decoding=\"async\" src=\"https:\/\/belkisyag.com\/wp-content\/uploads\/2024\/03\/uretim_resim_3.jpg\" alt=\"\" data-no-lazy=\"1\" itemprop=\"thumbnail\" width=\"983\" height=\"533\" \/>\n\t\t\t<!-- Overlay Wrapper -->\n\t\t\t <!-- Overlay Wrapper Closed -->\n\t\t\t\t<\/a>\n\t\t\t\t\t\t\t<meta itemprop=\"width\" content=\"983\" \/>\n\t\t\t<meta itemprop=\"height\" content=\"533\" \/>\n\t\t\t\t<a\n\t\t\thref=\"https:\/\/belkisyag.com\/wp-content\/uploads\/2024\/03\/uretim_resim_2-1024x683.jpg\"\n\t\t\t\t\t\tdata-fancybox=\"images\" \n\t\t\ttitle=\"uretim_resim_2\" \n\t\t\t\t\t\tdata-caption=\"\"\n\t\t\t\t\t\tdata-description=\"\" \n\t\t\titemprop=\"contentUrl\">\n\t\t\t<img decoding=\"async\" src=\"https:\/\/belkisyag.com\/wp-content\/uploads\/2024\/03\/uretim_resim_2-1024x683.jpg\" alt=\"\" data-no-lazy=\"1\" itemprop=\"thumbnail\" width=\"1024\" height=\"683\" \/>\n\t\t\t<!-- Overlay Wrapper -->\n\t\t\t <!-- Overlay Wrapper Closed -->\n\t\t\t\t<\/a>\n\t\t\t\t\t\t\t<meta itemprop=\"width\" content=\"1024\" \/>\n\t\t\t<meta itemprop=\"height\" content=\"683\" \/>\n\t\t\t\t<a\n\t\t\thref=\"https:\/\/belkisyag.com\/wp-content\/uploads\/2024\/03\/uretim_resim_4.jpg\"\n\t\t\t\t\t\tdata-fancybox=\"images\" \n\t\t\ttitle=\"uretim_resim_4\" \n\t\t\t\t\t\tdata-caption=\"\"\n\t\t\t\t\t\tdata-description=\"\" \n\t\t\titemprop=\"contentUrl\">\n\t\t\t<img decoding=\"async\" src=\"https:\/\/belkisyag.com\/wp-content\/uploads\/2024\/03\/uretim_resim_4.jpg\" alt=\"\" data-no-lazy=\"1\" itemprop=\"thumbnail\" width=\"978\" height=\"492\" \/>\n\t\t\t<!-- Overlay Wrapper -->\n\t\t\t <!-- Overlay Wrapper Closed -->\n\t\t\t\t<\/a>\n\t\t\t\t\t\t\t<meta itemprop=\"width\" content=\"978\" \/>\n\t\t\t<meta itemprop=\"height\" content=\"492\" \/>\n\t\t\t\t<a\n\t\t\thref=\"https:\/\/belkisyag.com\/wp-content\/uploads\/2024\/03\/uretim_resim_1.jpg\"\n\t\t\t\t\t\tdata-fancybox=\"images\" \n\t\t\ttitle=\"uretim_resim_1\" \n\t\t\t\t\t\tdata-caption=\"\"\n\t\t\t\t\t\tdata-description=\"\" \n\t\t\titemprop=\"contentUrl\">\n\t\t\t<img decoding=\"async\" src=\"https:\/\/belkisyag.com\/wp-content\/uploads\/2024\/03\/uretim_resim_1.jpg\" alt=\"\" data-no-lazy=\"1\" itemprop=\"thumbnail\" width=\"1018\" height=\"508\" \/>\n\t\t\t<!-- Overlay Wrapper -->\n\t\t\t <!-- Overlay Wrapper Closed -->\n\t\t\t\t<\/a>\n\t\t\t\t\t\t\t<meta itemprop=\"width\" content=\"1018\" \/>\n\t\t\t<meta itemprop=\"height\" content=\"508\" \/>\n\t<p>\u0644\u0642\u062f \u062a\u0628\u0646\u062a \u0634\u0631\u0643\u062a\u0646\u0627 \u0645\u0628\u062f\u0623 \u0625\u0639\u0637\u0627\u0621 \u0627\u0644\u0623\u0648\u0644\u0648\u064a\u0629 \u0644\u0645\u0639\u0627\u064a\u064a\u0631 \u0627\u0644\u062c\u0648\u062f\u0629 \u0641\u064a \u0627\u0644\u0625\u0646\u062a\u0627\u062c\u060c \u0648\u0641\u064a \u0647\u0630\u0627 \u0627\u0644\u0633\u064a\u0627\u0642\u060c \u0628\u062f\u0623\u062a \u0623\u0646\u0634\u0637\u0629 \u0627\u0644\u0628\u062d\u062b \u0648\u0627\u0644\u062a\u0637\u0648\u064a\u0631 \u0628\u0627\u0644\u062a\u0639\u0627\u0648\u0646 \u0645\u0639 \u062c\u0627\u0645\u0639\u0629 \u063a\u0627\u0632\u064a \u0639\u0646\u062a\u0627\u0628 \u0648\u0623\u0646\u0634\u0623\u062a \u0645\u062e\u062a\u0628\u0631\u064b\u0627 \u0645\u062c\u0647\u0632\u064b\u0627 \u062c\u064a\u062f\u064b\u0627.<\/p>\n<p>By virtue of this, quality control at every step of the production can be made healthily. Our company has a sunflower seed oil production capacity of 90,000 ton\/year and offers its products under brand &#8220;BELKIS&#8221;.<\/p>\n<p>\u0628\u0627\u0644\u0625\u0636\u0627\u0641\u0629 \u0625\u0644\u0649 \u0630\u0644\u0643\u060c \u0641\u0625\u0646\u0647\u0627 \u062a\u0648\u0641\u0631 \u0627\u0644\u0645\u0646\u062a\u062c\u0627\u062a \u0644\u0642\u0637\u0627\u0639 \u0627\u0644\u062b\u0631\u0648\u0629 \u0627\u0644\u062d\u064a\u0648\u0627\u0646\u064a\u0629 \u0648\u0645\u0631\u0628\u064a \u0627\u0644\u062d\u064a\u0648\u0627\u0646\u0627\u062a \u0645\u0646 \u0627\u0644\u0644\u0628 \u0627\u0644\u0630\u064a \u064a\u062a\u0645 \u0625\u0646\u062a\u0627\u062c\u0647 \u0623\u062b\u0646\u0627\u0621 \u0639\u0645\u0644\u064a\u0627\u062a \u0627\u0644\u0625\u0646\u062a\u0627\u062c. \u0648 \u062a\u062a\u0628\u0639 \u0623\u062d\u062f\u062b \u0627\u0644\u062a\u0642\u0646\u064a\u0627\u062a \u0627\u0644\u062a\u064a \u062a\u0639\u062a\u0628\u0631 \u0636\u0631\u0648\u0631\u0629 \u0627\u0644\u0639\u0635\u0631\u060c \u0648\u062a\u062f\u0645\u062c\u0647\u0627 \u0641\u064a \u0628\u0646\u064a\u062a\u0647\u0627.<\/p>\n<p>\u0648\u0641\u064a \u0647\u0630\u0627 \u0627\u0644\u0633\u064a\u0627\u0642\u060c \u062a\u0645 \u0625\u0646\u0634\u0627\u0621 \u0645\u0635\u0646\u0639 \u0627\u0633\u062a\u062e\u0631\u0627\u062c. \u064a\u062a\u0645\u062a\u0639 \u0646\u0638\u0627\u0645 \u0627\u0644\u0627\u0633\u062a\u062e\u0644\u0627\u0635 \u0627\u0644\u062e\u0627\u0635 \u0628\u0646\u0627 \u0628\u0642\u062f\u0631\u0629 \u0645\u0639\u0627\u0644\u062c\u0629 \u064a\u0648\u0645\u064a\u0629 \u062a\u0635\u0644 \u0625\u0644\u0649 350 \u0637\u0646\u064b\u0627 \u0645\u0646 \u0628\u0630\u0648\u0631 \u0639\u0628\u0627\u062f \u0627\u0644\u0634\u0645\u0633 \u0648\u064a\u0646\u062a\u062c \u0632\u064a\u062a \u0639\u0628\u0627\u062f \u0627\u0644\u0634\u0645\u0633 \u0627\u0644\u062e\u0627\u0645 \u0648\u0648\u062c\u0628\u0629 \u0628\u0630\u0648\u0631 \u0639\u0628\u0627\u062f \u0627\u0644\u0634\u0645\u0633.<\/p>\n<p>\u0648\u0627\u0635\u0644\u062a \u0634\u0631\u0643\u062a\u0646\u0627 \u0627\u0633\u062a\u062b\u0645\u0627\u0631\u0627\u062a\u0647\u0627 \u0628\u0625\u0636\u0627\u0641\u0629 \u0645\u0635\u0641\u0627\u0629 \u0632\u064a\u062a \u0639\u0628\u0627\u062f \u0627\u0644\u0634\u0645\u0633 \u0648\u0648\u062d\u062f\u0627\u062a \u0627\u0644\u062a\u0639\u0628\u0626\u0629 \u0648\u0627\u0644\u062a\u063a\u0644\u064a\u0641.\u0648\u0628\u0630\u0644\u0643 \u0648\u0635\u0644\u062a \u0625\u0644\u0649 \u0637\u0627\u0642\u0629 \u0645\u0639\u0627\u0644\u062c\u0629 \u0648\u062a\u0639\u0628\u0626\u0629 \u064a\u0648\u0645\u064a\u0629 \u062a\u0628\u0644\u063a 350 \u0637\u0646\u064b\u0627 \u0645\u0646 \u0632\u064a\u062a \u0639\u0628\u0627\u062f \u0627\u0644\u0634\u0645\u0633 \u0627\u0644\u0645\u0643\u0631\u0631. \u0648\u0646\u062a\u064a\u062c\u0629 \u0644\u0630\u0644\u0643\u060c \u0646\u062a\u0634\u0631\u0641 \u0628\u0643\u0648\u0646\u0646\u0627 \u0627\u0644\u0634\u0631\u0643\u0629 \u0627\u0644\u0623\u0648\u0644\u0649 \u0648\u0627\u0644\u0648\u062d\u064a\u062f\u0629 \u0641\u064a \u0627\u0644\u0645\u0646\u0637\u0642\u0629 \u0627\u0644\u062a\u064a \u062a\u0646\u062a\u062c \u0632\u064a\u062a \u0627\u0644\u0637\u0639\u0627\u0645 \u0627\u0644\u0645\u0643\u0631\u0631 \u0645\u0646 \u0627\u0644\u0628\u0630\u0648\u0631.<\/p>\n\t\t\t\t<img decoding=\"async\" src=\"https:\/\/belkisyag.com\/wp-content\/uploads\/2024\/03\/belkis_logo.png\" alt=\"belkis_logo\" itemprop=\"image\" height=\"285\" width=\"453\" title=\"belkis_logo\" onerror=\"this.style.display='none'\"  \/>\n\t\t\t\t<img decoding=\"async\" src=\"https:\/\/belkisyag.com\/wp-content\/uploads\/2024\/03\/paramyag.png\" alt=\"paramyag\" itemprop=\"image\" height=\"100\" width=\"259\" title=\"paramyag\" onerror=\"this.style.display='none'\"  \/>\n\t\t\t\t<img decoding=\"async\" src=\"https:\/\/belkisyag.com\/wp-content\/uploads\/2024\/03\/brcgs.jpg\" alt=\"brcgs\" itemprop=\"image\" height=\"148\" width=\"354\" title=\"brcgs\" onerror=\"this.style.display='none'\"  \/>\n<h4>\n\t\t\u0627\u0644\u0642\u0627\u0626\u0645\u0629 \u0627\u0644\u0641\u0631\u0639\u064a\u0629\n\t<\/h4>\n<h4>\n\t\t\u0627\u0644\u0627\u062a\u0635\u0627\u0644\n\t<\/h4>\n\tContact us for your opinions and suggestions.<br \/>\nYou can communicate:\nPamyag Gida Sanayi Ticaret Anonim Sirketi Sekili Mah.<br \/>\nE-90 Karayolu \u00dczeri Cad. No: 19\/1<br \/>\n<strong>Nizip \/ GAZIANTEP \/ T\u00dcRKIYE<\/strong>\n<strong>E<\/strong>: info@pamyag.com<br \/>\n<strong>T<\/strong>: +90 (342) 545 20 20<br \/>\n<strong>F<\/strong>: +90 (342) 545 23 11\n\t<p>Copyright \u00a9 2024, Pamyag G\u0131da San. Tic. A.S. T\u00fcm Haklar Sakl\u0131d\u0131r.<\/p>","protected":false},"excerpt":{"rendered":"<p>Production Our company has adopted [&hellip;]<\/p>","protected":false},"author":14,"featured_media":0,"parent":0,"menu_order":0,"comment_status":"closed","ping_status":"closed","template":"","meta":{"_uag_custom_page_level_css":"","site-sidebar-layout":"no-sidebar","site-content-layout":"","ast-site-content-layout":"full-width-container","site-content-style":"default","site-sidebar-style":"default","ast-global-header-display":"","ast-banner-title-visibility":"","ast-main-header-display":"","ast-hfb-above-header-display":"","ast-hfb-below-header-display":"","ast-hfb-mobile-header-display":"","site-post-title":"disabled","ast-breadcrumbs-content":"","ast-featured-img":"disabled","footer-sml-layout":"","theme-transparent-header-meta":"default","adv-header-id-meta":"","stick-header-meta":"default","header-above-stick-meta":"","header-main-stick-meta":"","header-below-stick-meta":"","astra-migrate-meta-layouts":"set","ast-page-background-enabled":"default","ast-page-background-meta":{"desktop":{"background-color":"var(--ast-global-color-4)","background-image":"","background-repeat":"repeat","background-position":"center center","background-size":"auto","background-attachment":"scroll","background-type":"","background-media":"","overlay-type":"","overlay-color":"","overlay-gradient":""},"tablet":{"background-color":"","background-image":"","background-repeat":"repeat","background-position":"center center","background-size":"auto","background-attachment":"scroll","background-type":"","background-media":"","overlay-type":"","overlay-color":"","overlay-gradient":""},"mobile":{"background-color":"","background-image":"","background-repeat":"repeat","background-position":"center center","background-size":"auto","background-attachment":"scroll","background-type":"","background-media":"","overlay-type":"","overlay-color":"","overlay-gradient":""}},"ast-content-background-meta":{"desktop":{"background-color":"var(--ast-global-color-5)","background-image":"","background-repeat":"repeat","background-position":"center center","background-size":"auto","background-attachment":"scroll","background-type":"","background-media":"","overlay-type":"","overlay-color":"","overlay-gradient":""},"tablet":{"background-color":"var(--ast-global-color-5)","background-image":"","background-repeat":"repeat","background-position":"center center","background-size":"auto","background-attachment":"scroll","background-type":"","background-media":"","overlay-type":"","overlay-color":"","overlay-gradient":""},"mobile":{"background-color":"var(--ast-global-color-5)","background-image":"","background-repeat":"repeat","background-position":"center center","background-size":"auto","background-attachment":"scroll","background-type":"","background-media":"","overlay-type":"","overlay-color":"","overlay-gradient":""}},"footnotes":""},"class_list":["post-3286","page","type-page","status-publish","hentry"],"uagb_featured_image_src":{"full":false,"thumbnail":false,"medium":false,"medium_large":false,"large":false,"1536x1536":false,"2048x2048":false,"trp-custom-language-flag":false},"uagb_author_info":{"display_name":"Ali Bard\u0131z","author_link":"https:\/\/belkisyag.com\/ar\/author\/ali"},"uagb_comment_info":0,"uagb_excerpt":"Production Our company has adopted [&hellip;]","_links":{"self":[{"href":"https:\/\/belkisyag.com\/ar\/wp-json\/wp\/v2\/pages\/3286","targetHints":{"allow":["GET"]}}],"collection":[{"href":"https:\/\/belkisyag.com\/ar\/wp-json\/wp\/v2\/pages"}],"about":[{"href":"https:\/\/belkisyag.com\/ar\/wp-json\/wp\/v2\/types\/page"}],"author":[{"embeddable":true,"href":"https:\/\/belkisyag.com\/ar\/wp-json\/wp\/v2\/users\/14"}],"replies":[{"embeddable":true,"href":"https:\/\/belkisyag.com\/ar\/wp-json\/wp\/v2\/comments?post=3286"}],"version-history":[{"count":6,"href":"https:\/\/belkisyag.com\/ar\/wp-json\/wp\/v2\/pages\/3286\/revisions"}],"predecessor-version":[{"id":3570,"href":"https:\/\/belkisyag.com\/ar\/wp-json\/wp\/v2\/pages\/3286\/revisions\/3570"}],"wp:attachment":[{"href":"https:\/\/belkisyag.com\/ar\/wp-json\/wp\/v2\/media?parent=3286"}],"curies":[{"name":"wp","href":"https:\/\/api.w.org\/{rel}","templated":true}]}}