{"id":2023,"date":"2022-09-19T17:44:30","date_gmt":"2022-09-19T17:44:30","guid":{"rendered":"https:\/\/belkisyag.com\/?page_id=2023"},"modified":"2025-01-23T11:34:13","modified_gmt":"2025-01-23T08:34:13","slug":"about-pamyag","status":"publish","type":"page","link":"https:\/\/belkisyag.com\/ar\/about-pamyag","title":{"rendered":"\u062d\u0648\u0644 \u0628\u0627\u0645\u064a\u0627\u063a"},"content":{"rendered":"<h1>\n\t\t\u062d\u0648\u0644 \u0628\u0627\u0645\u064a\u0627\u063a\n\t<\/h1>\n\t<p><img decoding=\"async\" src=\"https:\/\/belkisyag.com\/wp-content\/uploads\/2024\/03\/ara_fabrika-1024x269.jpg\" alt=\"\" width=\"1024\" height=\"269\" \/>\u062a\u0623\u0633\u0633\u062a \u0634\u0631\u0643\u0629 \u0628\u0627\u0645\u064a\u0627\u063a \u0639\u0627\u0645 1996\u060c \u0648\u0628\u062f\u0623\u062a \u0623\u0646\u0634\u0637\u062a\u0647\u0627 \u0628\u0625\u0646\u062a\u0627\u062c \u0632\u064a\u062a \u0627\u0644\u0642\u0637\u0646 \u0627\u0644\u062e\u0627\u0645 \u0648\u0644\u0628 \u0628\u0630\u0648\u0631 \u0627\u0644\u0642\u0637\u0646. \u0648\u0628\u0639\u062f \u0625\u0646\u0634\u0627\u0621 \u0627\u0644\u0645\u0635\u0641\u0627\u0629 \u0641\u064a \u0639\u0627\u0645 1998\u060c \u0628\u062f\u0623\u062a \u0641\u064a \u0625\u0646\u062a\u0627\u062c \u0632\u064a\u062a \u0628\u0630\u0631\u0629 \u0627\u0644\u0642\u0637\u0646 \u0627\u0644\u0645\u062d\u0627\u064a\u062f \u0648\u0632\u064a\u062a \u0627\u0644\u0637\u0639\u0627\u0645 \u0627\u0644\u0645\u0643\u0631\u0631.<\/p>\n<p>&nbsp;<\/p>\n<p>As of this date, it took its place in the refined food oil sector with its own brand &#8220;BELKIS&#8221; It has been increasing its production capacity with its new machinery of plastic bloating, filling and packing that were purchased from abroad and up country in 2014. We have been working to make our &#8220;BELKIS&#8221; branded products with TS EN ISO 9001 quality management system certificate, TS EN ISO 22000 food safety management system certificate, BRC AA+ certificate, Halal and TSE certificate become a worldwide leading and preferred brand in accordance with vision, mission and quality policy of our company.<\/p>\n<p><img decoding=\"async\" src=\"https:\/\/belkisyag.com\/wp-content\/uploads\/2024\/03\/hakkimizda_resim-300x194.jpg\" alt=\"\" width=\"300\" height=\"194\" \/>\u0648\u0641\u064a \u0647\u0630\u0627 \u0627\u0644\u0633\u064a\u0627\u0642\u060c \u0627\u0639\u062a\u0645\u062f\u0646\u0627 \u0645\u0628\u062f\u0623 \u0625\u0646\u062a\u0627\u062c \u0645\u0646\u062a\u062c\u0627\u062a \u0641\u0631\u0639\u064a\u0629 \u0648\u0646\u0647\u0627\u0626\u064a\u0629 \u0639\u0627\u0644\u064a\u0629 \u0627\u0644\u062c\u0648\u062f\u0629 \u0648\u0635\u062d\u064a\u0629 \u0641\u064a \u062c\u0645\u064a\u0639 \u0623\u0639\u0645\u0627\u0644\u0646\u0627 \u0645\u0646 \u0623\u062c\u0644 \u062a\u062d\u0633\u064a\u0646 \u0639\u0645\u0644\u064a\u0627\u062a\u0646\u0627 \u0627\u0644\u0625\u0646\u062a\u0627\u062c\u064a\u0629 \u0648\u0627\u0644\u0648\u0635\u0648\u0644 \u0625\u0644\u0649 \u0627\u0644\u0633\u0648\u0642 \u0627\u0644\u0645\u0633\u062a\u0647\u062f\u0641. \u0628\u0627\u0644\u0625\u0636\u0627\u0641\u0629 \u0625\u0644\u0649 \u0636\u0645\u0627\u0646 \u0631\u0636\u0627 \u0627\u0644\u0639\u0645\u0644\u0627\u0621\u060c \u0641\u0625\u0646\u0646\u0627 \u0646\u0642\u0648\u0645 \u0623\u064a\u0636\u064b\u0627 \u0628\u0627\u0644\u062a\u0637\u0648\u064a\u0631 \u0645\u0646 \u062e\u0644\u0627\u0644 \u0641\u0631\u064a\u0642 \u0639\u0645\u0644 \u0642\u0648\u064a \u0645\u0646 \u062e\u0644\u0627\u0644 \u0627\u062a\u062e\u0627\u0630 \u062a\u0637\u0648\u064a\u0631 \u0627\u0644\u0645\u0648\u0627\u0631\u062f \u0627\u0644\u0628\u0634\u0631\u064a\u0629 \u0643\u0645\u0647\u0645\u062a\u0646\u0627. \u0628\u064a\u0646\u0645\u0627 \u0646\u0647\u062a\u0645 \u0628\u062c\u0648\u062f\u0629 \u0627\u0644\u0645\u0646\u062a\u062c \u0648\u0627\u0644\u062e\u062f\u0645\u0629 \u0648\u0631\u0636\u0627 \u0627\u0644\u0639\u0645\u0644\u0627\u0621 \u0648\u0627\u0644\u0645\u0648\u0638\u0641\u064a\u0646\u060c \u0641\u0625\u0646\u0646\u0627 \u0646\u0647\u062a\u0645 \u0623\u064a\u0636\u064b\u0627 \u0628\u0645\u0633\u0624\u0648\u0644\u064a\u062a\u0646\u0627 \u062a\u062c\u0627\u0647 \u0627\u0644\u0628\u064a\u0626\u0629. \u0648\u0641\u064a \u0647\u0630\u0627 \u0627\u0644\u0633\u064a\u0627\u0642\u060c \u062a\u0645 \u0625\u0646\u0634\u0627\u0621 \u0645\u0646\u0634\u0623\u0629 \u0645\u0639\u0627\u0644\u062c\u0629 \u0648\u0625\u0639\u0627\u062f\u0629 \u062a\u062f\u0648\u064a\u0631 \u0644\u0625\u0639\u0627\u062f\u0629 \u062a\u062f\u0648\u064a\u0631 \u0627\u0644\u0646\u0641\u0627\u064a\u0627\u062a \u0627\u0644\u0646\u0627\u062a\u062c\u0629 \u0623\u062b\u0646\u0627\u0621 \u0639\u0645\u0644\u064a\u0629 \u0627\u0644\u0625\u0646\u062a\u0627\u062c. \u0648\u0628\u0647\u0630\u0647 \u0627\u0644\u0637\u0631\u064a\u0642\u0629\u060c \u0628\u0627\u0644\u0625\u0636\u0627\u0641\u0629 \u0625\u0644\u0649 \u062a\u0642\u062f\u064a\u0645 \u0645\u0646\u062a\u062c\u0627\u062a \u0635\u062d\u064a\u0629 \u0648\u0639\u0627\u0644\u064a\u0629 \u0627\u0644\u062c\u0648\u062f\u0629\u060c \u0641\u0625\u0646\u0646\u0627 \u0646\u0639\u0645\u0644 \u0643\u0634\u0631\u0643\u0629 \u0635\u062f\u064a\u0642\u0629 \u0644\u0644\u0628\u064a\u0626\u0629.<\/p>\n<p>&nbsp;<\/p>\n<h2><strong>\u0645\u0647\u0645\u062a\u0646\u0627<\/strong><\/h2>\n<p>\u0627\u0646 \u0646\u0646\u062a\u062c \u0627\u0644\u0632\u064a\u0648\u062a \u0627\u0644\u0646\u0628\u0627\u062a\u064a\u0629 \u0639\u0627\u0644\u064a\u0629 \u0627\u0644\u062c\u0648\u062f\u0629 \u0648\u0641\u0642\u064b\u0627 \u0644\u0644\u0642\u064a\u0645 \u0627\u0644\u0623\u062e\u0644\u0627\u0642\u064a\u0629 \u0648\u0627\u0644\u0645\u0628\u0627\u062f\u0626 \u0627\u0644\u0625\u0646\u062a\u0627\u062c\u064a\u0629 \u0627\u0644\u0635\u062d\u064a\u062d\u0629\u060c \u0646\u0642\u062f\u0645 \u0644\u0639\u0645\u0644\u0627\u0626\u0646\u0627 \u0645\u0646\u062a\u062c\u0627\u062a \u0645\u0648\u062b\u0648\u0642\u0629 \u0648\u0644\u0630\u064a\u0630\n.<\/p>\n<h2><strong>\u0631\u0624\u064a\u062a\u0646\u0627<\/strong><\/h2>\n<p>\u0646\u062d\u0646 \u0646\u0633\u0639\u0649 \u0644\u0623\u0646 \u0646\u0635\u0628\u062d \u0627\u0644\u0639\u0644\u0627\u0645\u0629 \u0627\u0644\u062a\u062c\u0627\u0631\u064a\u0629 \u0627\u0644\u0623\u0643\u062b\u0631 \u062a\u0641\u0636\u064a\u0644\u064b\u0627 \u0639\u0644\u0649 \u0627\u0644\u0645\u0648\u0627\u0626\u062f \u0645\u0646 \u062e\u0644\u0627\u0644 \u062a\u0642\u062f\u064a\u0645 \u0632\u064a\u0648\u062a\u0646\u0627 \u0627\u0644\u0646\u0628\u0627\u062a\u064a\u0629 \u0627\u0644\u062a\u064a \u0646\u0646\u062a\u062c\u0647\u0627 \u0628\u0639\u0646\u0627\u064a\u0629 \u0641\u064a \u0643\u0644 \u0642\u0637\u0631\u0629\u00a0\u0644\u0644\u0645\u0633\u062a\u0647\u0644\u0643\u064a.<\/p>\n\t\t\t\t<img decoding=\"async\" src=\"https:\/\/belkisyag.com\/wp-content\/uploads\/2022\/09\/belkisLOGOyazisiz.png\" alt=\"belkisLOGOyaz\u0131s\u0131z\" itemprop=\"image\" height=\"1381\" width=\"2189\" title=\"belkisLOGOyaz\u0131s\u0131z\" onerror=\"this.style.display='none'\"  \/>\n\t\t\t\t<img decoding=\"async\" src=\"https:\/\/belkisyag.com\/wp-content\/uploads\/2024\/03\/paramyag.png\" alt=\"paramyag\" itemprop=\"image\" height=\"100\" width=\"259\" title=\"paramyag\" onerror=\"this.style.display='none'\"  \/>\n\t\t\t\t<img decoding=\"async\" src=\"https:\/\/belkisyag.com\/wp-content\/uploads\/2024\/03\/brcgs.jpg\" alt=\"brcgs\" itemprop=\"image\" height=\"148\" width=\"354\" title=\"brcgs\" onerror=\"this.style.display='none'\"  \/>\n<h4>\n\t\t\u0627\u0644\u0642\u0627\u0626\u0645\u0629 \u0627\u0644\u0641\u0631\u0639\u064a\u0629\n\t<\/h4>\n<h4>\n\t\t\u0627\u0644\u0627\u062a\u0635\u0627\u0644\n\t<\/h4>\n\tContact us for your opinions and suggestions.<br \/>\nYou can communicate:\nPamyag Gida Sanayi Ticaret Anonim Sirketi Sekili Mah.<br \/>\nE-90 Karayolu \u00dczeri Cad. No: 19\/1<br \/>\n<strong>Nizip \/ GAZIANTEP \/ T\u00dcRKIYE<\/strong>\n<strong>E<\/strong>: info@pamyag.com<br \/>\n<strong>T<\/strong>: +90 (342) 545 20 20<br \/>\n<strong>F<\/strong>: +90 (342) 545 23 11\n\t<p>Copyright \u00a9 2024, Pamyag G\u0131da San. Tic. A.S. All Rights Reserved.<\/p>","protected":false},"excerpt":{"rendered":"<p>About Pamya\u011f Founded in 1996, [&hellip;]<\/p>","protected":false},"author":13,"featured_media":0,"parent":0,"menu_order":0,"comment_status":"closed","ping_status":"closed","template":"","meta":{"_uag_custom_page_level_css":"","site-sidebar-layout":"no-sidebar","site-content-layout":"","ast-site-content-layout":"full-width-container","site-content-style":"default","site-sidebar-style":"default","ast-global-header-display":"","ast-banner-title-visibility":"","ast-main-header-display":"","ast-hfb-above-header-display":"","ast-hfb-below-header-display":"","ast-hfb-mobile-header-display":"","site-post-title":"disabled","ast-breadcrumbs-content":"","ast-featured-img":"disabled","footer-sml-layout":"","theme-transparent-header-meta":"default","adv-header-id-meta":"","stick-header-meta":"default","header-above-stick-meta":"","header-main-stick-meta":"","header-below-stick-meta":"","astra-migrate-meta-layouts":"set","ast-page-background-enabled":"default","ast-page-background-meta":{"desktop":{"background-color":"var(--ast-global-color-4)","background-image":"","background-repeat":"repeat","background-position":"center center","background-size":"auto","background-attachment":"scroll","background-type":"","background-media":"","overlay-type":"","overlay-color":"","overlay-gradient":""},"tablet":{"background-color":"","background-image":"","background-repeat":"repeat","background-position":"center center","background-size":"auto","background-attachment":"scroll","background-type":"","background-media":"","overlay-type":"","overlay-color":"","overlay-gradient":""},"mobile":{"background-color":"","background-image":"","background-repeat":"repeat","background-position":"center center","background-size":"auto","background-attachment":"scroll","background-type":"","background-media":"","overlay-type":"","overlay-color":"","overlay-gradient":""}},"ast-content-background-meta":{"desktop":{"background-color":"var(--ast-global-color-5)","background-image":"","background-repeat":"repeat","background-position":"center center","background-size":"auto","background-attachment":"scroll","background-type":"","background-media":"","overlay-type":"","overlay-color":"","overlay-gradient":""},"tablet":{"background-color":"var(--ast-global-color-5)","background-image":"","background-repeat":"repeat","background-position":"center center","background-size":"auto","background-attachment":"scroll","background-type":"","background-media":"","overlay-type":"","overlay-color":"","overlay-gradient":""},"mobile":{"background-color":"var(--ast-global-color-5)","background-image":"","background-repeat":"repeat","background-position":"center center","background-size":"auto","background-attachment":"scroll","background-type":"","background-media":"","overlay-type":"","overlay-color":"","overlay-gradient":""}},"footnotes":""},"class_list":["post-2023","page","type-page","status-publish","hentry"],"uagb_featured_image_src":{"full":false,"thumbnail":false,"medium":false,"medium_large":false,"large":false,"1536x1536":false,"2048x2048":false,"trp-custom-language-flag":false},"uagb_author_info":{"display_name":"Bora Y\u0131ld\u0131r\u0131m","author_link":"https:\/\/belkisyag.com\/ar\/author\/bora"},"uagb_comment_info":0,"uagb_excerpt":"About Pamya\u011f Founded in 1996, [&hellip;]","_links":{"self":[{"href":"https:\/\/belkisyag.com\/ar\/wp-json\/wp\/v2\/pages\/2023","targetHints":{"allow":["GET"]}}],"collection":[{"href":"https:\/\/belkisyag.com\/ar\/wp-json\/wp\/v2\/pages"}],"about":[{"href":"https:\/\/belkisyag.com\/ar\/wp-json\/wp\/v2\/types\/page"}],"author":[{"embeddable":true,"href":"https:\/\/belkisyag.com\/ar\/wp-json\/wp\/v2\/users\/13"}],"replies":[{"embeddable":true,"href":"https:\/\/belkisyag.com\/ar\/wp-json\/wp\/v2\/comments?post=2023"}],"version-history":[{"count":12,"href":"https:\/\/belkisyag.com\/ar\/wp-json\/wp\/v2\/pages\/2023\/revisions"}],"predecessor-version":[{"id":3696,"href":"https:\/\/belkisyag.com\/ar\/wp-json\/wp\/v2\/pages\/2023\/revisions\/3696"}],"wp:attachment":[{"href":"https:\/\/belkisyag.com\/ar\/wp-json\/wp\/v2\/media?parent=2023"}],"curies":[{"name":"wp","href":"https:\/\/api.w.org\/{rel}","templated":true}]}}