{"id":1759,"date":"2022-09-17T13:32:42","date_gmt":"2022-09-17T13:32:42","guid":{"rendered":"https:\/\/belkisyag.com\/?page_id=1759"},"modified":"2024-04-17T14:22:31","modified_gmt":"2024-04-17T11:22:31","slug":"contact","status":"publish","type":"page","link":"https:\/\/belkisyag.com\/ar\/contact","title":{"rendered":"\u0627\u0644\u0627\u062a\u0635\u0627\u0644"},"content":{"rendered":"<h1>\n\t\t\u0627\u0644\u0627\u062a\u0635\u0627\u0644\n\t<\/h1>\n\t<ul>\n\t\t<li>\t\t\n\t\t\t\t<img decoding=\"async\" src=\"https:\/\/belkisyag.com\/wp-content\/uploads\/2024\/03\/1.png\" alt=\"1\" title=\"1\" itemprop=\"image\"\/>\n\t\t<h6>\u0627\u0644\u0647\u0627\u062a\u0641<\/h6><p>+90 (342) 545 20 20<br \/>+90 (342) 545 23 11<\/p><\/li>\t<\/ul>\n\t<ul>\n\t\t<li>\t\t\n\t\t\t\t<img decoding=\"async\" src=\"https:\/\/belkisyag.com\/wp-content\/uploads\/2024\/03\/map-01_generated.jpg\" alt=\"map-01_generated\" title=\"map-01_generated\" itemprop=\"image\"\/>\n\t\t<h6>\u0627\u0644\u0639\u0646\u0648\u0627\u0646<\/h6><p class=\" translation-block\">\u062a\u0631\u0643\u064a\u0627\u060c \u063a\u0627\u0632\u064a \u0639\u0646\u062a\u0627\u0628\u060c \u0646\u0632\u064a\u0628\u060c\u062d\u064a \u0633\u0643\u0627\u0644\u064a\u060c \u0627\u0644\u0637\u0631\u064a\u0642 \u0627\u0644\u0633\u0631\u064a\u0639 E-90\u060c \u0631\u0642\u0645: 19\/1.<\/p>\n<\/li>\t<\/ul>\n\t<ul>\n\t\t<li>\t\t\n\t\t\t\t<img decoding=\"async\" src=\"https:\/\/belkisyag.com\/wp-content\/uploads\/2024\/03\/mail.png\" alt=\"mail\" title=\"mail\" itemprop=\"image\"\/>\n\t\t<h6>\u0627\u0644\u0628\u0631\u064a\u062f \u0625\u0644\u0643\u062a\u0631\u0648\u0646\u064a<\/h6><p>info@pamyag.com<\/p>\n<\/li>\t<\/ul>\n    <form id=\"wpforms-form-2861\" data-formid=\"2861\" method=\"post\" enctype=\"multipart\/form-data\" action=\"https:\/\/belkisyag.com\/ar\/contact\/\" data-token=\"0ccd91f86c32c26596eee76182793a0d\" data-trp-original-action=\"\/?page_id=1759&#038;fl_builder\">Bu formu bitirebilmek i\u00e7in taray\u0131c\u0131n\u0131zda JavaScript&#039;i etkinle\u015ftirin.<label for=\"wpforms-2861-field_1\">Name Surname *<\/label><input type=\"text\" id=\"wpforms-2861-field_1\" name=\"wpforms[fields][1]\" required><label for=\"wpforms-2861-field_5\">Layout<\/label><label for=\"wpforms-2861-field_2\">E-Mail *<\/label><input type=\"text\" id=\"wpforms-2861-field_2\" name=\"wpforms[fields][2]\" required><label for=\"wpforms-2861-field_3\">Telephone *<\/label><input type=\"text\" id=\"wpforms-2861-field_3\" name=\"wpforms[fields][3]\" required><label for=\"wpforms-2861-field_4\">Your message *<\/label><textarea id=\"wpforms-2861-field_4\" name=\"wpforms[fields][4]\" required><\/textarea><input type=\"hidden\" name=\"wpforms[id]\" value=\"2861\"\/>\t\t\t<input type=\"hidden\"\n\t\t\t\tname=\"wpforms[nonce]\"\n\t\t\t\tvalue=\"87e28c222e\"\n\t\t\t\/>\n\t\t\t<input type=\"hidden\" name=\"wpforms[author]\" value=\"0\"\/><input type=\"hidden\" name=\"wpforms[post_id]\" value=\"1759\"\/><button type=\"submit\" name=\"wpforms[submit]\" id=\"wpforms-submit-2861\" data-alt-text=\"Sending...\" data-submit-text=\"Send\" aria-live=\"assertive\" value=\"wpforms-submit\">\u0625\u0631\u0633\u0627\u0644<\/button><img decoding=\"async\" src=\"https:\/\/belkisyag.com\/wp-content\/plugins\/wpforms\/assets\/images\/submit-spin.svg\" width=\"26\" height=\"26\" alt=\"Y\u00fckleniyor\"\/><input type=\"hidden\" name=\"trp-form-language\" value=\"ar\"\/><\/form>  <!-- .wpforms-container -->\n\t<iframe src=\"https:\/\/www.google.com\/maps\/embed?pb=!1m18!1m12!1m3!1d25488.770219337777!2d37.7533744623556!3d37.007499451862216!2m3!1f0!2f0!3f0!3m2!1i1024!2i768!4f13.1!3m3!1m2!1s0x15318feeddefcf41%3A0xb298e263d2c6ce3!2sNizip%2C%20Gaziantep!5e0!3m2!1str!2str!4v1711568499597!5m2!1str!2str\" width=\"600\" height=\"490\" allowfullscreen=\"\" loading=\"lazy\" referrerpolicy=\"no-referrer-when-downgrade\"><\/iframe>\n\t\t\t\t<img decoding=\"async\" src=\"https:\/\/belkisyag.com\/wp-content\/uploads\/2024\/03\/belkis_logo.png\" alt=\"belkis_logo\" itemprop=\"image\" height=\"285\" width=\"453\" title=\"belkis_logo\" onerror=\"this.style.display='none'\"  \/>\n\t\t\t\t<img decoding=\"async\" src=\"https:\/\/belkisyag.com\/wp-content\/uploads\/2024\/03\/paramyag.png\" alt=\"paramyag\" itemprop=\"image\" height=\"100\" width=\"259\" title=\"paramyag\" onerror=\"this.style.display='none'\"  \/>\n\t\t\t\t<img decoding=\"async\" src=\"https:\/\/belkisyag.com\/wp-content\/uploads\/2024\/03\/brcgs.jpg\" alt=\"brcgs\" itemprop=\"image\" height=\"148\" width=\"354\" title=\"brcgs\" onerror=\"this.style.display='none'\"  \/>\n<h4>\n\t\t\u0627\u0644\u0642\u0627\u0626\u0645\u0629 \u0627\u0644\u0641\u0631\u0639\u064a\u0629\n\t<\/h4>\n<h4>\n\t\t\u0627\u0644\u0627\u062a\u0635\u0627\u0644\n\t<\/h4>\n\tContact us for your opinions and suggestions.<br \/>\nYou can communicate:\nPamyag Gida Sanayi Ticaret Anonim Sirketi Sekili Mah.<br \/>\nE-90 Karayolu \u00dczeri Cad. No: 19\/1<br \/>\n<strong>Nizip \/ GAZIANTEP \/ T\u00dcRKIYE<\/strong>\n<strong>E<\/strong>: info@pamyag.com<br \/>\n<strong>T<\/strong>: +90 (342) 545 20 20<br \/>\n<strong>F<\/strong>: +90 (342) 545 23 11\n\t<p>Copyright \u00a9 2024, Pamyag G\u0131da San. Tic. A.S. T\u00fcm Haklar Sakl\u0131d\u0131r.<\/p>","protected":false},"excerpt":{"rendered":"<p>Contact Phone +90 (342) 545 [&hellip;]<\/p>","protected":false},"author":13,"featured_media":0,"parent":0,"menu_order":0,"comment_status":"closed","ping_status":"closed","template":"","meta":{"_uag_custom_page_level_css":"","site-sidebar-layout":"no-sidebar","site-content-layout":"","ast-site-content-layout":"full-width-container","site-content-style":"default","site-sidebar-style":"default","ast-global-header-display":"","ast-banner-title-visibility":"","ast-main-header-display":"","ast-hfb-above-header-display":"","ast-hfb-below-header-display":"","ast-hfb-mobile-header-display":"","site-post-title":"disabled","ast-breadcrumbs-content":"","ast-featured-img":"disabled","footer-sml-layout":"","theme-transparent-header-meta":"default","adv-header-id-meta":"","stick-header-meta":"default","header-above-stick-meta":"","header-main-stick-meta":"","header-below-stick-meta":"","astra-migrate-meta-layouts":"set","ast-page-background-enabled":"default","ast-page-background-meta":{"desktop":{"background-color":"var(--ast-global-color-4)","background-image":"","background-repeat":"repeat","background-position":"center center","background-size":"auto","background-attachment":"scroll","background-type":"","background-media":"","overlay-type":"","overlay-color":"","overlay-gradient":""},"tablet":{"background-color":"","background-image":"","background-repeat":"repeat","background-position":"center center","background-size":"auto","background-attachment":"scroll","background-type":"","background-media":"","overlay-type":"","overlay-color":"","overlay-gradient":""},"mobile":{"background-color":"","background-image":"","background-repeat":"repeat","background-position":"center center","background-size":"auto","background-attachment":"scroll","background-type":"","background-media":"","overlay-type":"","overlay-color":"","overlay-gradient":""}},"ast-content-background-meta":{"desktop":{"background-color":"var(--ast-global-color-5)","background-image":"","background-repeat":"repeat","background-position":"center center","background-size":"auto","background-attachment":"scroll","background-type":"","background-media":"","overlay-type":"","overlay-color":"","overlay-gradient":""},"tablet":{"background-color":"var(--ast-global-color-5)","background-image":"","background-repeat":"repeat","background-position":"center center","background-size":"auto","background-attachment":"scroll","background-type":"","background-media":"","overlay-type":"","overlay-color":"","overlay-gradient":""},"mobile":{"background-color":"var(--ast-global-color-5)","background-image":"","background-repeat":"repeat","background-position":"center center","background-size":"auto","background-attachment":"scroll","background-type":"","background-media":"","overlay-type":"","overlay-color":"","overlay-gradient":""}},"footnotes":""},"class_list":["post-1759","page","type-page","status-publish","hentry"],"uagb_featured_image_src":{"full":false,"thumbnail":false,"medium":false,"medium_large":false,"large":false,"1536x1536":false,"2048x2048":false,"trp-custom-language-flag":false},"uagb_author_info":{"display_name":"Bora Y\u0131ld\u0131r\u0131m","author_link":"https:\/\/belkisyag.com\/ar\/author\/bora"},"uagb_comment_info":0,"uagb_excerpt":"Contact Phone +90 (342) 545 [&hellip;]","_links":{"self":[{"href":"https:\/\/belkisyag.com\/ar\/wp-json\/wp\/v2\/pages\/1759","targetHints":{"allow":["GET"]}}],"collection":[{"href":"https:\/\/belkisyag.com\/ar\/wp-json\/wp\/v2\/pages"}],"about":[{"href":"https:\/\/belkisyag.com\/ar\/wp-json\/wp\/v2\/types\/page"}],"author":[{"embeddable":true,"href":"https:\/\/belkisyag.com\/ar\/wp-json\/wp\/v2\/users\/13"}],"replies":[{"embeddable":true,"href":"https:\/\/belkisyag.com\/ar\/wp-json\/wp\/v2\/comments?post=1759"}],"version-history":[{"count":12,"href":"https:\/\/belkisyag.com\/ar\/wp-json\/wp\/v2\/pages\/1759\/revisions"}],"predecessor-version":[{"id":3572,"href":"https:\/\/belkisyag.com\/ar\/wp-json\/wp\/v2\/pages\/1759\/revisions\/3572"}],"wp:attachment":[{"href":"https:\/\/belkisyag.com\/ar\/wp-json\/wp\/v2\/media?parent=1759"}],"curies":[{"name":"wp","href":"https:\/\/api.w.org\/{rel}","templated":true}]}}